{"id":999,"date":"2018-10-10T14:09:26","date_gmt":"2018-10-10T12:09:26","guid":{"rendered":"http:\/\/www.texty.santegidio.cz?page_id=999"},"modified":"2018-10-10T14:09:31","modified_gmt":"2018-10-10T12:09:31","slug":"modlitba-krize","status":"publish","type":"page","link":"https:\/\/www.texty.santegidio.cz\/?page_id=999","title":{"rendered":"Modlitba k\u0159\u00ed\u017ee"},"content":{"rendered":"<p>&Oacute; Pane,<br \/> v&nbsp;hluku a&nbsp;zmatku<br \/> tohoto m\u011bsta a&nbsp;na&scaron;eho \u017eivota<br \/> jsme zdaleka usly&scaron;eli v&yacute;k\u0159ik tv&eacute;ho k\u0159&iacute;\u017ee.<br \/> C&iacute;tili jsme se b&yacute;t podobni<br \/> tolika \u017een&aacute;m a&nbsp;tolika mu\u017e\u016fm<br \/> na cest\u011b tv&eacute;ho utrpen&iacute;.<br \/> Pane, cht\u011bli bychom zavr&scaron;it tvoji modlitbu,<br \/> abychom u\u017e v&iacute;ce ne\u017eili jen pro sebe.<br \/> Pane, v&nbsp;tuto hodinu, v&nbsp;tento den<br \/> p\u0159ed tv&yacute;m k\u0159&iacute;\u017eem<br \/> odpus\u0165 n&aacute;m na&scaron;e h\u0159&iacute;chy.<br \/> Pane, nechceme hromadit<br \/> plan&eacute; \u0159e\u010di,<br \/> abychom uml\u010deli ot&aacute;zky,<br \/> abychom poh\u0159bili bolest v&yacute;k\u0159iku,<br \/> abychom ukon\u010dili modlitbu,<br \/> v&nbsp;n&iacute;\u017e je t\u0159eba pokra\u010dovat.<br \/> Pane, nau\u010d n&aacute;s \u017e&iacute;t ne pro sebe samotn&eacute;,<br \/> nau\u010d n&aacute;s, Pane, modlit se k&nbsp;tob\u011b,<br \/> nyn&iacute; i&nbsp;ve dnech budouc&iacute;ch.<br \/> Amen.<br \/> &nbsp;<br \/> &nbsp;<\/p>\n","protected":false},"excerpt":{"rendered":"<p>&Oacute; Pane, v&nbsp;hluku a&nbsp;zmatku tohoto m\u011bsta a&nbsp;na&scaron;eho \u017eivota jsme zdaleka usly&scaron;eli v&yacute;k\u0159ik tv&eacute;ho k\u0159&iacute;\u017ee. C&iacute;tili jsme se b&yacute;t podobni tolika \u017een&aacute;m a&nbsp;tolika mu\u017e\u016fm na cest\u011b tv&eacute;ho utrpen&iacute;. Pane, cht\u011bli bychom zavr&scaron;it tvoji modlitbu, abychom u\u017e v&iacute;ce ne\u017eili jen pro sebe. Pane, v&nbsp;tuto hodinu, v&nbsp;tento den p\u0159ed tv&yacute;m k\u0159&iacute;\u017eem odpus\u0165 n&aacute;m na&scaron;e h\u0159&iacute;chy. Pane, nechceme hromadit &#8230; <a title=\"Modlitba k\u0159\u00ed\u017ee\" class=\"read-more\" href=\"https:\/\/www.texty.santegidio.cz\/?page_id=999\" aria-label=\"More on Modlitba k\u0159\u00ed\u017ee\">Read more<\/a><\/p>\n","protected":false},"author":1,"featured_media":0,"parent":702,"menu_order":0,"comment_status":"open","ping_status":"open","template":"","meta":{"_uag_custom_page_level_css":"","jetpack_post_was_ever_published":false,"footnotes":""},"class_list":["post-999","page","type-page","status-publish"],"uagb_featured_image_src":{"full":false,"thumbnail":false,"medium":false,"medium_large":false,"large":false,"1536x1536":false,"2048x2048":false},"uagb_author_info":{"display_name":"Pavel","author_link":"https:\/\/www.texty.santegidio.cz\/?author=1"},"uagb_comment_info":0,"uagb_excerpt":"&Oacute; Pane, v&nbsp;hluku a&nbsp;zmatku tohoto m\u011bsta a&nbsp;na&scaron;eho \u017eivota jsme zdaleka usly&scaron;eli v&yacute;k\u0159ik tv&eacute;ho k\u0159&iacute;\u017ee. C&iacute;tili jsme se b&yacute;t podobni tolika \u017een&aacute;m a&nbsp;tolika mu\u017e\u016fm na cest\u011b tv&eacute;ho utrpen&iacute;. Pane, cht\u011bli bychom zavr&scaron;it tvoji modlitbu, abychom u\u017e v&iacute;ce ne\u017eili jen pro sebe. Pane, v&nbsp;tuto hodinu, v&nbsp;tento den p\u0159ed tv&yacute;m k\u0159&iacute;\u017eem odpus\u0165 n&aacute;m na&scaron;e h\u0159&iacute;chy. Pane, nechceme hromadit&hellip;","jetpack_sharing_enabled":true,"jetpack_shortlink":"https:\/\/wp.me\/PawMsT-g7","_links":{"self":[{"href":"https:\/\/www.texty.santegidio.cz\/index.php?rest_route=\/wp\/v2\/pages\/999","targetHints":{"allow":["GET"]}}],"collection":[{"href":"https:\/\/www.texty.santegidio.cz\/index.php?rest_route=\/wp\/v2\/pages"}],"about":[{"href":"https:\/\/www.texty.santegidio.cz\/index.php?rest_route=\/wp\/v2\/types\/page"}],"author":[{"embeddable":true,"href":"https:\/\/www.texty.santegidio.cz\/index.php?rest_route=\/wp\/v2\/users\/1"}],"replies":[{"embeddable":true,"href":"https:\/\/www.texty.santegidio.cz\/index.php?rest_route=%2Fwp%2Fv2%2Fcomments&post=999"}],"version-history":[{"count":0,"href":"https:\/\/www.texty.santegidio.cz\/index.php?rest_route=\/wp\/v2\/pages\/999\/revisions"}],"up":[{"embeddable":true,"href":"https:\/\/www.texty.santegidio.cz\/index.php?rest_route=\/wp\/v2\/pages\/702"}],"wp:attachment":[{"href":"https:\/\/www.texty.santegidio.cz\/index.php?rest_route=%2Fwp%2Fv2%2Fmedia&parent=999"}],"curies":[{"name":"wp","href":"https:\/\/api.w.org\/{rel}","templated":true}]}}