{"id":998,"date":"2018-10-10T14:09:26","date_gmt":"2018-10-10T12:09:26","guid":{"rendered":"http:\/\/www.texty.santegidio.cz?page_id=998"},"modified":"2018-10-10T14:09:26","modified_gmt":"2018-10-10T12:09:26","slug":"modlitba-v-postni-dobe","status":"publish","type":"page","link":"https:\/\/www.texty.santegidio.cz\/?page_id=998","title":{"rendered":"Modlitba v postn\u00ed dob\u011b"},"content":{"rendered":"<p>P\u0159ijm\u011bme v&nbsp;radosti, brat\u0159i,<br \/> bo\u017esk&eacute; zv\u011bstov&aacute;n&iacute; postn&iacute; doby.<br \/> Jako obyvatel&eacute; Ninive p\u0159ijali Jon&aacute;&scaron;ovo k&aacute;z&aacute;n&iacute;,<br \/> jako prostitutky a&nbsp;celn&iacute;ci,<br \/> kte\u0159&iacute; sly&scaron;eli mluvit Jana K\u0159titele,<br \/> tak&eacute; my se p\u0159ipravujme<br \/> na spole\u010denstv&iacute; s&nbsp;P&aacute;nem slaven&eacute; na Sionu.<br \/> Omyjme se slzami a&nbsp;pok&aacute;n&iacute;m,<br \/> aby n&aacute;m B\u016fh daroval \u010dist&eacute; srdce.<br \/> Modleme se s&nbsp;nal&eacute;havost&iacute;,<br \/> abychom mohli rozj&iacute;mat<br \/> o&nbsp;napln\u011bn&iacute; velikono\u010dn&iacute;ho tajemstv&iacute;<br \/> a&nbsp;plnosti Bo\u017e&iacute; l&aacute;sky.<br \/> P\u0159ipravujme se k&nbsp;uct&iacute;v&aacute;n&iacute; k\u0159&iacute;\u017ee<br \/> a&nbsp;k&nbsp;radosti ze Vzk\u0159&iacute;&scaron;en&iacute;.<br \/> Nezklam na&scaron;i nad\u011bji,<br \/> &oacute;, p\u0159&iacute;teli lid&iacute;.<br \/> K&eacute;\u017e ten duch, kter&yacute; vedl Je\u017e&iacute;&scaron;e na pou&scaron;ti,<br \/> vede tak&eacute; n&aacute;s v&nbsp;postn&iacute; dob\u011b,<br \/> k&eacute;\u017e upokoj&iacute; na&scaron;e srdce,<br \/> k&eacute;\u017e n&aacute;s chr&aacute;n&iacute; od poku&scaron;en&iacute;<br \/> a&nbsp;otev\u0159e na&scaron;i mysl P&iacute;sm\u016fm<br \/> pro slovo v\u011b\u010dn&eacute;ho \u017eivota.<br \/> Amen.<br \/> <em>(Antologhion byzantsk&eacute; liturgie)<\/em><\/p>\n","protected":false},"excerpt":{"rendered":"<p>P\u0159ijm\u011bme v&nbsp;radosti, brat\u0159i, bo\u017esk&eacute; zv\u011bstov&aacute;n&iacute; postn&iacute; doby. Jako obyvatel&eacute; Ninive p\u0159ijali Jon&aacute;&scaron;ovo k&aacute;z&aacute;n&iacute;, jako prostitutky a&nbsp;celn&iacute;ci, kte\u0159&iacute; sly&scaron;eli mluvit Jana K\u0159titele, tak&eacute; my se p\u0159ipravujme na spole\u010denstv&iacute; s&nbsp;P&aacute;nem slaven&eacute; na Sionu. Omyjme se slzami a&nbsp;pok&aacute;n&iacute;m, aby n&aacute;m B\u016fh daroval \u010dist&eacute; srdce. Modleme se s&nbsp;nal&eacute;havost&iacute;, abychom mohli rozj&iacute;mat o&nbsp;napln\u011bn&iacute; velikono\u010dn&iacute;ho tajemstv&iacute; a&nbsp;plnosti Bo\u017e&iacute; l&aacute;sky. P\u0159ipravujme se &#8230; <a title=\"Modlitba v postn\u00ed dob\u011b\" class=\"read-more\" href=\"https:\/\/www.texty.santegidio.cz\/?page_id=998\" aria-label=\"More on Modlitba v postn\u00ed dob\u011b\">Read more<\/a><\/p>\n","protected":false},"author":1,"featured_media":0,"parent":702,"menu_order":0,"comment_status":"open","ping_status":"open","template":"","meta":{"_uag_custom_page_level_css":"","jetpack_post_was_ever_published":false,"footnotes":""},"class_list":["post-998","page","type-page","status-publish"],"uagb_featured_image_src":{"full":false,"thumbnail":false,"medium":false,"medium_large":false,"large":false,"1536x1536":false,"2048x2048":false},"uagb_author_info":{"display_name":"Pavel","author_link":"https:\/\/www.texty.santegidio.cz\/?author=1"},"uagb_comment_info":0,"uagb_excerpt":"P\u0159ijm\u011bme v&nbsp;radosti, brat\u0159i, bo\u017esk&eacute; zv\u011bstov&aacute;n&iacute; postn&iacute; doby. Jako obyvatel&eacute; Ninive p\u0159ijali Jon&aacute;&scaron;ovo k&aacute;z&aacute;n&iacute;, jako prostitutky a&nbsp;celn&iacute;ci, kte\u0159&iacute; sly&scaron;eli mluvit Jana K\u0159titele, tak&eacute; my se p\u0159ipravujme na spole\u010denstv&iacute; s&nbsp;P&aacute;nem slaven&eacute; na Sionu. Omyjme se slzami a&nbsp;pok&aacute;n&iacute;m, aby n&aacute;m B\u016fh daroval \u010dist&eacute; srdce. Modleme se s&nbsp;nal&eacute;havost&iacute;, abychom mohli rozj&iacute;mat o&nbsp;napln\u011bn&iacute; velikono\u010dn&iacute;ho tajemstv&iacute; a&nbsp;plnosti Bo\u017e&iacute; l&aacute;sky. P\u0159ipravujme se&hellip;","jetpack_sharing_enabled":true,"jetpack_shortlink":"https:\/\/wp.me\/PawMsT-g6","_links":{"self":[{"href":"https:\/\/www.texty.santegidio.cz\/index.php?rest_route=\/wp\/v2\/pages\/998","targetHints":{"allow":["GET"]}}],"collection":[{"href":"https:\/\/www.texty.santegidio.cz\/index.php?rest_route=\/wp\/v2\/pages"}],"about":[{"href":"https:\/\/www.texty.santegidio.cz\/index.php?rest_route=\/wp\/v2\/types\/page"}],"author":[{"embeddable":true,"href":"https:\/\/www.texty.santegidio.cz\/index.php?rest_route=\/wp\/v2\/users\/1"}],"replies":[{"embeddable":true,"href":"https:\/\/www.texty.santegidio.cz\/index.php?rest_route=%2Fwp%2Fv2%2Fcomments&post=998"}],"version-history":[{"count":0,"href":"https:\/\/www.texty.santegidio.cz\/index.php?rest_route=\/wp\/v2\/pages\/998\/revisions"}],"up":[{"embeddable":true,"href":"https:\/\/www.texty.santegidio.cz\/index.php?rest_route=\/wp\/v2\/pages\/702"}],"wp:attachment":[{"href":"https:\/\/www.texty.santegidio.cz\/index.php?rest_route=%2Fwp%2Fv2%2Fmedia&parent=998"}],"curies":[{"name":"wp","href":"https:\/\/api.w.org\/{rel}","templated":true}]}}