{"id":997,"date":"2018-10-10T14:09:26","date_gmt":"2018-10-10T12:09:26","guid":{"rendered":"http:\/\/www.texty.santegidio.cz?page_id=997"},"modified":"2018-10-10T14:09:26","modified_gmt":"2018-10-10T12:09:26","slug":"modlitba-se-simeonem","status":"publish","type":"page","link":"https:\/\/www.texty.santegidio.cz\/?page_id=997","title":{"rendered":"Modlitba se Simeonem"},"content":{"rendered":"<p>Odeberme se i&nbsp;my <br \/> s&nbsp;v&iacute;rou ke chr&aacute;mu,<br \/> vezm\u011bme do n&aacute;ru\u010de Bo\u017e&iacute;ho Syna<br \/> a&nbsp;obejm\u011bme ho.<br \/> Pak budeme hodn&yacute;mi <br \/> osvobozen&iacute; od v&scaron;ech h\u0159&iacute;ch\u016f<br \/> a&nbsp;p\u0159edur\u010deni k&nbsp;nejvy&scaron;&scaron;&iacute;mu dobru<br \/> pro na&scaron;i sp&aacute;su.<br \/> Modleme se tedy, tak jako sta\u0159ec Simeon,<br \/> k&nbsp;v&scaron;emocn&eacute;mu Bohu a&nbsp;k&nbsp;Je\u017e&iacute;&scaron;i d&iacute;t\u011bti,<br \/> kter&eacute; tou\u017e&iacute;me dr\u017eet v&nbsp;n&aacute;ru\u010di,<br \/> abychom s&nbsp;n&iacute;m mohli rozmlouvat,<br \/> aby v&nbsp;na&scaron;em srdci rostlo<br \/> siln\u011bj&scaron;&iacute; v\u011bdom&iacute; jeho l&aacute;sky.<br \/> Jemu bu\u010f sl&aacute;va a&nbsp;moc<br \/> na v\u011bky v\u011bk\u016f.<br \/> Amen.<br \/> <em>(Origenes)<\/em><\/p>\n","protected":false},"excerpt":{"rendered":"<p>Odeberme se i&nbsp;my s&nbsp;v&iacute;rou ke chr&aacute;mu, vezm\u011bme do n&aacute;ru\u010de Bo\u017e&iacute;ho Syna a&nbsp;obejm\u011bme ho. Pak budeme hodn&yacute;mi osvobozen&iacute; od v&scaron;ech h\u0159&iacute;ch\u016f a&nbsp;p\u0159edur\u010deni k&nbsp;nejvy&scaron;&scaron;&iacute;mu dobru pro na&scaron;i sp&aacute;su. Modleme se tedy, tak jako sta\u0159ec Simeon, k&nbsp;v&scaron;emocn&eacute;mu Bohu a&nbsp;k&nbsp;Je\u017e&iacute;&scaron;i d&iacute;t\u011bti, kter&eacute; tou\u017e&iacute;me dr\u017eet v&nbsp;n&aacute;ru\u010di, abychom s&nbsp;n&iacute;m mohli rozmlouvat, aby v&nbsp;na&scaron;em srdci rostlo siln\u011bj&scaron;&iacute; v\u011bdom&iacute; jeho l&aacute;sky. Jemu bu\u010f &#8230; <a title=\"Modlitba se Simeonem\" class=\"read-more\" href=\"https:\/\/www.texty.santegidio.cz\/?page_id=997\" aria-label=\"More on Modlitba se Simeonem\">Read more<\/a><\/p>\n","protected":false},"author":1,"featured_media":0,"parent":702,"menu_order":0,"comment_status":"open","ping_status":"open","template":"","meta":{"_uag_custom_page_level_css":"","jetpack_post_was_ever_published":false,"footnotes":""},"class_list":["post-997","page","type-page","status-publish"],"uagb_featured_image_src":{"full":false,"thumbnail":false,"medium":false,"medium_large":false,"large":false,"1536x1536":false,"2048x2048":false},"uagb_author_info":{"display_name":"Pavel","author_link":"https:\/\/www.texty.santegidio.cz\/?author=1"},"uagb_comment_info":0,"uagb_excerpt":"Odeberme se i&nbsp;my s&nbsp;v&iacute;rou ke chr&aacute;mu, vezm\u011bme do n&aacute;ru\u010de Bo\u017e&iacute;ho Syna a&nbsp;obejm\u011bme ho. Pak budeme hodn&yacute;mi osvobozen&iacute; od v&scaron;ech h\u0159&iacute;ch\u016f a&nbsp;p\u0159edur\u010deni k&nbsp;nejvy&scaron;&scaron;&iacute;mu dobru pro na&scaron;i sp&aacute;su. Modleme se tedy, tak jako sta\u0159ec Simeon, k&nbsp;v&scaron;emocn&eacute;mu Bohu a&nbsp;k&nbsp;Je\u017e&iacute;&scaron;i d&iacute;t\u011bti, kter&eacute; tou\u017e&iacute;me dr\u017eet v&nbsp;n&aacute;ru\u010di, abychom s&nbsp;n&iacute;m mohli rozmlouvat, aby v&nbsp;na&scaron;em srdci rostlo siln\u011bj&scaron;&iacute; v\u011bdom&iacute; jeho l&aacute;sky. Jemu bu\u010f&hellip;","jetpack_sharing_enabled":true,"jetpack_shortlink":"https:\/\/wp.me\/PawMsT-g5","_links":{"self":[{"href":"https:\/\/www.texty.santegidio.cz\/index.php?rest_route=\/wp\/v2\/pages\/997","targetHints":{"allow":["GET"]}}],"collection":[{"href":"https:\/\/www.texty.santegidio.cz\/index.php?rest_route=\/wp\/v2\/pages"}],"about":[{"href":"https:\/\/www.texty.santegidio.cz\/index.php?rest_route=\/wp\/v2\/types\/page"}],"author":[{"embeddable":true,"href":"https:\/\/www.texty.santegidio.cz\/index.php?rest_route=\/wp\/v2\/users\/1"}],"replies":[{"embeddable":true,"href":"https:\/\/www.texty.santegidio.cz\/index.php?rest_route=%2Fwp%2Fv2%2Fcomments&post=997"}],"version-history":[{"count":0,"href":"https:\/\/www.texty.santegidio.cz\/index.php?rest_route=\/wp\/v2\/pages\/997\/revisions"}],"up":[{"embeddable":true,"href":"https:\/\/www.texty.santegidio.cz\/index.php?rest_route=\/wp\/v2\/pages\/702"}],"wp:attachment":[{"href":"https:\/\/www.texty.santegidio.cz\/index.php?rest_route=%2Fwp%2Fv2%2Fmedia&parent=997"}],"curies":[{"name":"wp","href":"https:\/\/api.w.org\/{rel}","templated":true}]}}