{"id":995,"date":"2018-10-10T14:09:26","date_gmt":"2018-10-10T12:09:26","guid":{"rendered":"http:\/\/www.texty.santegidio.cz?page_id=995"},"modified":"2018-10-10T14:09:26","modified_gmt":"2018-10-10T12:09:26","slug":"adventni-pozehnani","status":"publish","type":"page","link":"https:\/\/www.texty.santegidio.cz\/?page_id=995","title":{"rendered":"Adventn\u00ed po\u017eehn\u00e1n\u00ed"},"content":{"rendered":"<p>Bo\u017ee v&scaron;emohouc&iacute; a&nbsp;milosrdn&yacute;,<br \/> jen\u017e n&aacute;m d&aacute;v&aacute;&scaron; milost<br \/> oslavovat ve v&iacute;\u0159e prvn&iacute; p\u0159&iacute;chod tv&eacute;ho Syna<br \/> a&nbsp;o\u010dek&aacute;vat v&nbsp;nad\u011bji jeho p\u0159&iacute;tomnost,<br \/> posv\u011b\u0165 n&aacute;s nyn&iacute; sv\u011btlem jeho p\u0159&iacute;chodu<br \/> a&nbsp;napl\u0148 n&aacute;s sv&yacute;m po\u017eehn&aacute;n&iacute;m.<br \/> Ve jm&eacute;nu Otce, Syna<br \/> i&nbsp;Ducha svat&eacute;ho. Amen.<br \/> <em>(\u0158&iacute;msk&yacute; mis&aacute;l)<\/em><br \/> &nbsp;<br \/> &nbsp;<\/p>\n","protected":false},"excerpt":{"rendered":"<p>Bo\u017ee v&scaron;emohouc&iacute; a&nbsp;milosrdn&yacute;, jen\u017e n&aacute;m d&aacute;v&aacute;&scaron; milost oslavovat ve v&iacute;\u0159e prvn&iacute; p\u0159&iacute;chod tv&eacute;ho Syna a&nbsp;o\u010dek&aacute;vat v&nbsp;nad\u011bji jeho p\u0159&iacute;tomnost, posv\u011b\u0165 n&aacute;s nyn&iacute; sv\u011btlem jeho p\u0159&iacute;chodu a&nbsp;napl\u0148 n&aacute;s sv&yacute;m po\u017eehn&aacute;n&iacute;m. Ve jm&eacute;nu Otce, Syna i&nbsp;Ducha svat&eacute;ho. Amen. (\u0158&iacute;msk&yacute; mis&aacute;l) &nbsp; &nbsp;<\/p>\n","protected":false},"author":1,"featured_media":0,"parent":702,"menu_order":0,"comment_status":"open","ping_status":"open","template":"","meta":{"_uag_custom_page_level_css":"","jetpack_post_was_ever_published":false,"footnotes":""},"class_list":["post-995","page","type-page","status-publish"],"uagb_featured_image_src":{"full":false,"thumbnail":false,"medium":false,"medium_large":false,"large":false,"1536x1536":false,"2048x2048":false},"uagb_author_info":{"display_name":"Pavel","author_link":"https:\/\/www.texty.santegidio.cz\/?author=1"},"uagb_comment_info":0,"uagb_excerpt":"Bo\u017ee v&scaron;emohouc&iacute; a&nbsp;milosrdn&yacute;, jen\u017e n&aacute;m d&aacute;v&aacute;&scaron; milost oslavovat ve v&iacute;\u0159e prvn&iacute; p\u0159&iacute;chod tv&eacute;ho Syna a&nbsp;o\u010dek&aacute;vat v&nbsp;nad\u011bji jeho p\u0159&iacute;tomnost, posv\u011b\u0165 n&aacute;s nyn&iacute; sv\u011btlem jeho p\u0159&iacute;chodu a&nbsp;napl\u0148 n&aacute;s sv&yacute;m po\u017eehn&aacute;n&iacute;m. Ve jm&eacute;nu Otce, Syna i&nbsp;Ducha svat&eacute;ho. Amen. (\u0158&iacute;msk&yacute; mis&aacute;l) &nbsp; &nbsp;","jetpack_sharing_enabled":true,"jetpack_shortlink":"https:\/\/wp.me\/PawMsT-g3","_links":{"self":[{"href":"https:\/\/www.texty.santegidio.cz\/index.php?rest_route=\/wp\/v2\/pages\/995","targetHints":{"allow":["GET"]}}],"collection":[{"href":"https:\/\/www.texty.santegidio.cz\/index.php?rest_route=\/wp\/v2\/pages"}],"about":[{"href":"https:\/\/www.texty.santegidio.cz\/index.php?rest_route=\/wp\/v2\/types\/page"}],"author":[{"embeddable":true,"href":"https:\/\/www.texty.santegidio.cz\/index.php?rest_route=\/wp\/v2\/users\/1"}],"replies":[{"embeddable":true,"href":"https:\/\/www.texty.santegidio.cz\/index.php?rest_route=%2Fwp%2Fv2%2Fcomments&post=995"}],"version-history":[{"count":0,"href":"https:\/\/www.texty.santegidio.cz\/index.php?rest_route=\/wp\/v2\/pages\/995\/revisions"}],"up":[{"embeddable":true,"href":"https:\/\/www.texty.santegidio.cz\/index.php?rest_route=\/wp\/v2\/pages\/702"}],"wp:attachment":[{"href":"https:\/\/www.texty.santegidio.cz\/index.php?rest_route=%2Fwp%2Fv2%2Fmedia&parent=995"}],"curies":[{"name":"wp","href":"https:\/\/api.w.org\/{rel}","templated":true}]}}