{"id":994,"date":"2018-10-10T14:09:26","date_gmt":"2018-10-10T12:09:26","guid":{"rendered":"http:\/\/www.texty.santegidio.cz?page_id=994"},"modified":"2018-10-10T14:09:26","modified_gmt":"2018-10-10T12:09:26","slug":"adventni-modlitba","status":"publish","type":"page","link":"https:\/\/www.texty.santegidio.cz\/?page_id=994","title":{"rendered":"Adventn\u00ed modlitba"},"content":{"rendered":"<p>Pane,<br \/> sk&aacute;lo na&scaron;&iacute; Komunity,<br \/> zachovej n&aacute;s ve sv&eacute; l&aacute;sce.<br \/> Obnov n&aacute;s sv&yacute;m svat&yacute;m Duchem.<br \/> Otev\u0159i na&scaron;e srdce, abychom t\u011b mohli p\u0159ijmout.<br \/> Pomoz n&aacute;m u\u010dinit na&scaron;i Komunitu vst\u0159&iacute;cnou,<br \/> aby dok&aacute;zala p\u0159ij&iacute;mat tebe i&nbsp;na&scaron;e bratry.<br \/> U\u010di\u0148 n&aacute;s schopn&yacute;mi p\u0159ed&aacute;vat v&scaron;em<br \/> tv&eacute; Slovo.<br \/> &nbsp;<br \/> Pane, d&iacute;ky, \u017ee jsi n&aacute;s p\u0159ijal,<br \/> \u017ee jsi z&nbsp;n&aacute;s u\u010dinil svou rodinu,<br \/> bratry a&nbsp;sestry,<br \/> tv&eacute; p\u0159&aacute;tele,<br \/> sv\u011bdky tv&eacute;ho p\u0159&iacute;chodu,<br \/> tv&eacute;ho p\u0159&iacute;chodu mezi n&aacute;s.<br \/> Amen.<\/p>\n","protected":false},"excerpt":{"rendered":"<p>Pane, sk&aacute;lo na&scaron;&iacute; Komunity, zachovej n&aacute;s ve sv&eacute; l&aacute;sce. Obnov n&aacute;s sv&yacute;m svat&yacute;m Duchem. Otev\u0159i na&scaron;e srdce, abychom t\u011b mohli p\u0159ijmout. Pomoz n&aacute;m u\u010dinit na&scaron;i Komunitu vst\u0159&iacute;cnou, aby dok&aacute;zala p\u0159ij&iacute;mat tebe i&nbsp;na&scaron;e bratry. U\u010di\u0148 n&aacute;s schopn&yacute;mi p\u0159ed&aacute;vat v&scaron;em tv&eacute; Slovo. &nbsp; Pane, d&iacute;ky, \u017ee jsi n&aacute;s p\u0159ijal, \u017ee jsi z&nbsp;n&aacute;s u\u010dinil svou rodinu, bratry a&nbsp;sestry, &#8230; <a title=\"Adventn\u00ed modlitba\" class=\"read-more\" href=\"https:\/\/www.texty.santegidio.cz\/?page_id=994\" aria-label=\"More on Adventn\u00ed modlitba\">Read more<\/a><\/p>\n","protected":false},"author":1,"featured_media":0,"parent":702,"menu_order":0,"comment_status":"open","ping_status":"open","template":"","meta":{"_uag_custom_page_level_css":"","jetpack_post_was_ever_published":false,"footnotes":""},"class_list":["post-994","page","type-page","status-publish"],"uagb_featured_image_src":{"full":false,"thumbnail":false,"medium":false,"medium_large":false,"large":false,"1536x1536":false,"2048x2048":false},"uagb_author_info":{"display_name":"Pavel","author_link":"https:\/\/www.texty.santegidio.cz\/?author=1"},"uagb_comment_info":0,"uagb_excerpt":"Pane, sk&aacute;lo na&scaron;&iacute; Komunity, zachovej n&aacute;s ve sv&eacute; l&aacute;sce. Obnov n&aacute;s sv&yacute;m svat&yacute;m Duchem. Otev\u0159i na&scaron;e srdce, abychom t\u011b mohli p\u0159ijmout. Pomoz n&aacute;m u\u010dinit na&scaron;i Komunitu vst\u0159&iacute;cnou, aby dok&aacute;zala p\u0159ij&iacute;mat tebe i&nbsp;na&scaron;e bratry. U\u010di\u0148 n&aacute;s schopn&yacute;mi p\u0159ed&aacute;vat v&scaron;em tv&eacute; Slovo. &nbsp; Pane, d&iacute;ky, \u017ee jsi n&aacute;s p\u0159ijal, \u017ee jsi z&nbsp;n&aacute;s u\u010dinil svou rodinu, bratry a&nbsp;sestry,&hellip;","jetpack_sharing_enabled":true,"jetpack_shortlink":"https:\/\/wp.me\/PawMsT-g2","_links":{"self":[{"href":"https:\/\/www.texty.santegidio.cz\/index.php?rest_route=\/wp\/v2\/pages\/994","targetHints":{"allow":["GET"]}}],"collection":[{"href":"https:\/\/www.texty.santegidio.cz\/index.php?rest_route=\/wp\/v2\/pages"}],"about":[{"href":"https:\/\/www.texty.santegidio.cz\/index.php?rest_route=\/wp\/v2\/types\/page"}],"author":[{"embeddable":true,"href":"https:\/\/www.texty.santegidio.cz\/index.php?rest_route=\/wp\/v2\/users\/1"}],"replies":[{"embeddable":true,"href":"https:\/\/www.texty.santegidio.cz\/index.php?rest_route=%2Fwp%2Fv2%2Fcomments&post=994"}],"version-history":[{"count":0,"href":"https:\/\/www.texty.santegidio.cz\/index.php?rest_route=\/wp\/v2\/pages\/994\/revisions"}],"up":[{"embeddable":true,"href":"https:\/\/www.texty.santegidio.cz\/index.php?rest_route=\/wp\/v2\/pages\/702"}],"wp:attachment":[{"href":"https:\/\/www.texty.santegidio.cz\/index.php?rest_route=%2Fwp%2Fv2%2Fmedia&parent=994"}],"curies":[{"name":"wp","href":"https:\/\/api.w.org\/{rel}","templated":true}]}}