{"id":993,"date":"2018-10-10T14:09:26","date_gmt":"2018-10-10T12:09:26","guid":{"rendered":"http:\/\/www.texty.santegidio.cz?page_id=993"},"modified":"2018-10-10T14:09:26","modified_gmt":"2018-10-10T12:09:26","slug":"modlitba-za-novy-zacatek","status":"publish","type":"page","link":"https:\/\/www.texty.santegidio.cz\/?page_id=993","title":{"rendered":"Modlitba za nov\u00fd za\u010d\u00e1tek"},"content":{"rendered":"<p>(Dej n&aacute;m op\u011bt dobr&eacute; zpr&aacute;vy)<br \/> N&aacute;&scaron; Ot\u010de, n&aacute;&scaron; kr&aacute;li,<br \/> nem&aacute;me jin&eacute;ho kr&aacute;le krom\u011b tebe.<br \/> N&aacute;&scaron; Ot\u010de, n&aacute;&scaron; kr&aacute;li,<br \/> zachovej n&aacute;s&nbsp;milostiv\u011b ve tv&eacute;m jm&eacute;nu.<br \/> N&aacute;&scaron; Ot\u010de, n&aacute;&scaron; kr&aacute;li,<br \/> zru&scaron; v&scaron;echna zl&aacute; a&nbsp;krut&aacute; na\u0159&iacute;zen&iacute;,<br \/> kter&aacute; na n&aacute;s dol&eacute;haj&iacute;.<br \/> N&aacute;&scaron; Ot\u010de, n&aacute;&scaron; kr&aacute;li,<br \/> dej n&aacute;m op\u011bt dobr&eacute; zpr&aacute;vy.<br \/> N&aacute;&scaron; Ot\u010de, n&aacute;&scaron; kr&aacute;li,<br \/> u\u010di\u0148 tak, aby tento nov&yacute; rok byl pro n&aacute;s dobr&yacute;m.<br \/> N&aacute;&scaron; Ot\u010de, n&aacute;&scaron; kr&aacute;li,<br \/> odvra\u0165 od n&aacute;s zl&eacute; my&scaron;lenky na&scaron;ich nep\u0159&aacute;tel.<br \/> N&aacute;&scaron; Ot\u010de, n&aacute;&scaron; kr&aacute;li,<br \/> zru&scaron; &uacute;radky na&scaron;ich nep\u0159&aacute;tel.<br \/> N&aacute;&scaron; Ot\u010de, n&aacute;&scaron; kr&aacute;li,<br \/> dej &uacute;pln&eacute; uzdraven&iacute; nemocn&yacute;m tv&eacute;ho n&aacute;roda.<br \/> N&aacute;&scaron; Ot\u010de, n&aacute;&scaron; kr&aacute;li,<br \/> uchra\u0148 sv\u016fj n&aacute;rod od epidemi&iacute;.<br \/> N&aacute;&scaron; Ot\u010de, n&aacute;&scaron; kr&aacute;li,<br \/> zabra\u0148 moru, boj\u016fm a&nbsp;hladu,<br \/> vyplen\u011bn&iacute;, zni\u010den&iacute; a&nbsp;epidemi&iacute;m<br \/> mezi \u010dleny tv&eacute;ho shrom&aacute;\u017ed\u011bn&iacute;.<br \/> N&aacute;&scaron; Ot\u010de, n&aacute;&scaron; kr&aacute;li,<br \/> pamatuj, \u017ee nejsme nic ne\u017e jen prach.<br \/> N&aacute;&scaron; Ot\u010de, n&aacute;&scaron; kr&aacute;li,<br \/> zru&scaron; v&scaron;echna zlovoln&aacute; na\u0159&iacute;zen&iacute;, kter&aacute; stoj&iacute; proti n&aacute;m.<br \/> N&aacute;&scaron; Ot\u010de, n&aacute;&scaron; kr&aacute;li,<br \/> zapome\u0148 na ve&scaron;ker&eacute; na&scaron;e chyby.<br \/> N&aacute;&scaron; Ot\u010de, n&aacute;&scaron; kr&aacute;li,<br \/> odpus\u0165 a&nbsp;zahla\u010f v&scaron;echny na&scaron;e viny.<br \/> N&aacute;&scaron; Ot\u010de, n&aacute;&scaron; kr&aacute;li,<br \/> zru&scaron; a&nbsp;nech tv&yacute;m o\u010d&iacute;m uniknout<br \/> na&scaron;e viny a&nbsp;na&scaron;e chyby.<br \/> &nbsp;<br \/> N&aacute;&scaron; Ot\u010de, n&aacute;&scaron; kr&aacute;li,<br \/> dej n&aacute;m navr&aacute;tit se k&nbsp;tob\u011b v&nbsp;dokonal&eacute; kaj&iacute;cnosti.<br \/> N&aacute;&scaron; Ot\u010de, n&aacute;&scaron; kr&aacute;li,<br \/> nedovol, abychom t\u011b prosili nadarmo.<br \/> N&aacute;&scaron; Ot\u010de, n&aacute;&scaron; kr&aacute;li,<br \/> vzpome\u0148 na n&aacute;s dobrotiv\u011b.<br \/> N&aacute;&scaron; Ot\u010de, n&aacute;&scaron; kr&aacute;li,<br \/> zanes na&scaron;e jm&eacute;na do knihy \u017eivota.<br \/> N&aacute;&scaron; Ot\u010de, n&aacute;&scaron; kr&aacute;li,<br \/> vnes na&scaron;e jm&eacute;na do knihy z&aacute;sluh.<br \/> N&aacute;&scaron; Ot\u010de, n&aacute;&scaron; kr&aacute;li,<br \/> zapi&scaron; na&scaron;e jm&eacute;na do knihy sp&aacute;sy a&nbsp;&uacute;t\u011bchy.<br \/> N&aacute;&scaron; Ot\u010de, n&aacute;&scaron; kr&aacute;li,<br \/> zapi&scaron; n&aacute;s do knihy t\u011bch, <br \/> jim\u017e poskytuje&scaron; podporu a&nbsp;ob\u017eivu.<br \/> &nbsp;<br \/> N&aacute;&scaron; Ot\u010de, n&aacute;&scaron; kr&aacute;li,<br \/> vnes na&scaron;e jm&eacute;na do knihy odpu&scaron;t\u011bn&iacute;,<br \/> shov&iacute;vavosti a&nbsp;prominut&iacute;.<br \/> N&aacute;&scaron; Ot\u010de, n&aacute;&scaron; kr&aacute;li,<br \/> dej, a\u0165 dos&aacute;hneme rychle na&scaron;&iacute; sp&aacute;sy.<br \/> N&aacute;&scaron; Ot\u010de, n&aacute;&scaron; kr&aacute;li,<br \/> naslouchej na&scaron;emu hlasu,<br \/> m\u011bj s&nbsp;n&aacute;mi slitov&aacute;n&iacute; a&nbsp;prokazuj n&aacute;m milosrdenstv&iacute;.<br \/> N&aacute;&scaron; Ot\u010de, n&aacute;&scaron; kr&aacute;li,<br \/> p\u0159ijmi s&nbsp;milost&iacute; a&nbsp;pot\u011b&scaron;en&iacute;m na&scaron;i modlitbu.<br \/> N&aacute;&scaron; Ot\u010de, n&aacute;&scaron; kr&aacute;li,<br \/> u\u010di\u0148 tak pro svoji svrchovanost, kdy\u017e ne kv\u016fli n&aacute;m.<br \/> N&aacute;&scaron; Ot\u010de, n&aacute;&scaron; kr&aacute;li,<br \/> u\u010di\u0148 tak pro sv&eacute; velk&eacute;,<br \/> mocn&eacute; a&nbsp;ob&aacute;van&eacute; jm&eacute;no.<br \/> N&aacute;&scaron; Ot\u010de, n&aacute;&scaron; kr&aacute;li,<br \/> u\u010di\u0148 tak pro svoji nejvy&scaron;&scaron;&iacute; shov&iacute;vavost<br \/> a&nbsp;sv&eacute; nezm\u011brn&eacute; milosrdenstv&iacute;:<br \/> m\u011bj s&nbsp;n&aacute;mi slitov&aacute;n&iacute; a&nbsp;zachra\u0148 n&aacute;s.<br \/> <em>(\u017didovsk&aacute; modlitba za nov&yacute; rok a&nbsp;na Yom Kippur) <\/em><br \/> &nbsp;<br \/> &nbsp;<\/p>\n","protected":false},"excerpt":{"rendered":"<p>(Dej n&aacute;m op\u011bt dobr&eacute; zpr&aacute;vy) N&aacute;&scaron; Ot\u010de, n&aacute;&scaron; kr&aacute;li, nem&aacute;me jin&eacute;ho kr&aacute;le krom\u011b tebe. N&aacute;&scaron; Ot\u010de, n&aacute;&scaron; kr&aacute;li, zachovej n&aacute;s&nbsp;milostiv\u011b ve tv&eacute;m jm&eacute;nu. N&aacute;&scaron; Ot\u010de, n&aacute;&scaron; kr&aacute;li, zru&scaron; v&scaron;echna zl&aacute; a&nbsp;krut&aacute; na\u0159&iacute;zen&iacute;, kter&aacute; na n&aacute;s dol&eacute;haj&iacute;. N&aacute;&scaron; Ot\u010de, n&aacute;&scaron; kr&aacute;li, dej n&aacute;m op\u011bt dobr&eacute; zpr&aacute;vy. N&aacute;&scaron; Ot\u010de, n&aacute;&scaron; kr&aacute;li, u\u010di\u0148 tak, aby tento nov&yacute; rok &#8230; <a title=\"Modlitba za nov\u00fd za\u010d\u00e1tek\" class=\"read-more\" href=\"https:\/\/www.texty.santegidio.cz\/?page_id=993\" aria-label=\"More on Modlitba za nov\u00fd za\u010d\u00e1tek\">Read more<\/a><\/p>\n","protected":false},"author":1,"featured_media":0,"parent":702,"menu_order":0,"comment_status":"open","ping_status":"open","template":"","meta":{"_uag_custom_page_level_css":"","jetpack_post_was_ever_published":false,"footnotes":""},"class_list":["post-993","page","type-page","status-publish"],"uagb_featured_image_src":{"full":false,"thumbnail":false,"medium":false,"medium_large":false,"large":false,"1536x1536":false,"2048x2048":false},"uagb_author_info":{"display_name":"Pavel","author_link":"https:\/\/www.texty.santegidio.cz\/?author=1"},"uagb_comment_info":0,"uagb_excerpt":"(Dej n&aacute;m op\u011bt dobr&eacute; zpr&aacute;vy) N&aacute;&scaron; Ot\u010de, n&aacute;&scaron; kr&aacute;li, nem&aacute;me jin&eacute;ho kr&aacute;le krom\u011b tebe. N&aacute;&scaron; Ot\u010de, n&aacute;&scaron; kr&aacute;li, zachovej n&aacute;s&nbsp;milostiv\u011b ve tv&eacute;m jm&eacute;nu. N&aacute;&scaron; Ot\u010de, n&aacute;&scaron; kr&aacute;li, zru&scaron; v&scaron;echna zl&aacute; a&nbsp;krut&aacute; na\u0159&iacute;zen&iacute;, kter&aacute; na n&aacute;s dol&eacute;haj&iacute;. N&aacute;&scaron; Ot\u010de, n&aacute;&scaron; kr&aacute;li, dej n&aacute;m op\u011bt dobr&eacute; zpr&aacute;vy. N&aacute;&scaron; Ot\u010de, n&aacute;&scaron; kr&aacute;li, u\u010di\u0148 tak, aby tento nov&yacute; rok&hellip;","jetpack_sharing_enabled":true,"jetpack_shortlink":"https:\/\/wp.me\/PawMsT-g1","_links":{"self":[{"href":"https:\/\/www.texty.santegidio.cz\/index.php?rest_route=\/wp\/v2\/pages\/993","targetHints":{"allow":["GET"]}}],"collection":[{"href":"https:\/\/www.texty.santegidio.cz\/index.php?rest_route=\/wp\/v2\/pages"}],"about":[{"href":"https:\/\/www.texty.santegidio.cz\/index.php?rest_route=\/wp\/v2\/types\/page"}],"author":[{"embeddable":true,"href":"https:\/\/www.texty.santegidio.cz\/index.php?rest_route=\/wp\/v2\/users\/1"}],"replies":[{"embeddable":true,"href":"https:\/\/www.texty.santegidio.cz\/index.php?rest_route=%2Fwp%2Fv2%2Fcomments&post=993"}],"version-history":[{"count":0,"href":"https:\/\/www.texty.santegidio.cz\/index.php?rest_route=\/wp\/v2\/pages\/993\/revisions"}],"up":[{"embeddable":true,"href":"https:\/\/www.texty.santegidio.cz\/index.php?rest_route=\/wp\/v2\/pages\/702"}],"wp:attachment":[{"href":"https:\/\/www.texty.santegidio.cz\/index.php?rest_route=%2Fwp%2Fv2%2Fmedia&parent=993"}],"curies":[{"name":"wp","href":"https:\/\/api.w.org\/{rel}","templated":true}]}}