{"id":99,"date":"2018-12-12T10:15:06","date_gmt":"2018-12-12T09:15:06","guid":{"rendered":"http:\/\/www.texty.santegidio.cz?page_id=99"},"modified":"2018-12-12T10:15:07","modified_gmt":"2018-12-12T09:15:07","slug":"zalm-47","status":"publish","type":"page","link":"https:\/\/www.texty.santegidio.cz\/?page_id=99","title":{"rendered":"\u017dalm 47"},"content":{"rendered":"<p>Vz\u00fdvejte Boha j\u00e1sav\u00fdm hlasem.<\/p>\n<p>&#8211; <sup>2<\/span><\/sup> Tleskejte do dlan\u00ed, n\u00e1rody v\u0161echny,<br \/>vz\u00fdvejte Boha j\u00e1s<strong>a<\/strong>v\u00fdm hlasem,<\/p>\n<p>&#8211; <sup>3<\/span><\/sup> nebo\u0165 je hrozn\u00fd P\u00e1n svrchovan\u00fd,<br \/>je velekr\u00e1lem nad c<strong>e<\/strong>lou zem\u00ed.<\/p>\n<p>&#8211; <sup>4<\/span><\/sup> On n\u00e1m n\u00e1rody podrobuje,<br \/>on n\u00e1m pohany pod n<strong>o<\/strong>hy klade.<\/p>\n<p>&#8211; <sup>5<\/span><\/sup> On pro n\u00e1s vybral d\u011bdi\u010dnou zemi,<br \/>p\u00fdchu J\u00e1koba, j<strong>e<\/strong>ho\u017e m\u00e1 v l\u00e1sce.<\/p>\n<p>&#8211; <sup>6<\/span><\/sup> B\u016fh se vzn\u00e1\u0161\u00ed v j\u00e1sotu sl\u00e1vy,<br \/>P\u00e1n stoup\u00e1 vzh\u016fru v hlah<strong>o<\/strong>lu roh\u016f.<\/p>\n<p>&#8211; <sup>7<\/span><\/sup> Zp\u00edvejte Bohu, zp\u00edvejte p\u00edsn\u011b,<br \/>zp\u00edvejte chvalozp\u011bv na\u0161<strong>e<\/strong>mu Kr\u00e1li!<\/p>\n<p>&#8211; <sup>8<\/span><\/sup> B\u016fh toti\u017e kraluje nad cel\u00fdm sv\u011btem,<br \/>zazp\u00edvejte mu p\u0159ekr<strong>\u00e1<\/strong>snou p\u00edse\u0148!<\/p>\n<p>&#8211; <sup>9<\/span><\/sup> B\u016fh je nad v\u0161emi n\u00e1rody kr\u00e1lem,<br \/>B\u016fh sed\u00ed na sv\u00e9m p\u0159esv<strong>a<\/strong>t\u00e9m tr\u016fn\u011b.<\/p>\n<p>&#8211; <sup>10<\/span><\/sup> Kn\u00ed\u017eata n\u00e1rod\u016f svorn\u011b se dru\u017e\u00ed<br \/>k n\u00e1rodu Boha Abr<strong>a<\/strong>h\u00e1mova.<br \/>&#8211; Bo\u017e\u00ed jsou v\u0161echny \u0161t\u00edty sv\u011bta,<br \/>on je nadev\u0161e sv<strong>r<\/strong>chovan\u00fd.<\/p>\n","protected":false},"excerpt":{"rendered":"<p>Vz\u00fdvejte Boha j\u00e1sav\u00fdm hlasem. &#8211; 2 Tleskejte do dlan\u00ed, n\u00e1rody v\u0161echny,vz\u00fdvejte Boha j\u00e1sav\u00fdm hlasem, &#8211; 3 nebo\u0165 je hrozn\u00fd P\u00e1n svrchovan\u00fd,je velekr\u00e1lem nad celou zem\u00ed. &#8211; 4 On n\u00e1m n\u00e1rody podrobuje,on n\u00e1m pohany pod nohy klade. &#8211; 5 On pro n\u00e1s vybral d\u011bdi\u010dnou zemi,p\u00fdchu J\u00e1koba, jeho\u017e m\u00e1 v l\u00e1sce. &#8211; 6 B\u016fh se vzn\u00e1\u0161\u00ed v &#8230; <a title=\"\u017dalm 47\" class=\"read-more\" href=\"https:\/\/www.texty.santegidio.cz\/?page_id=99\" aria-label=\"More on \u017dalm 47\">Read more<\/a><\/p>\n","protected":false},"author":1,"featured_media":0,"parent":29,"menu_order":0,"comment_status":"closed","ping_status":"closed","template":"","meta":{"_uag_custom_page_level_css":"","jetpack_post_was_ever_published":false,"footnotes":""},"class_list":["post-99","page","type-page","status-publish"],"uagb_featured_image_src":{"full":false,"thumbnail":false,"medium":false,"medium_large":false,"large":false,"1536x1536":false,"2048x2048":false},"uagb_author_info":{"display_name":"Pavel","author_link":"https:\/\/www.texty.santegidio.cz\/?author=1"},"uagb_comment_info":0,"uagb_excerpt":"Vz\u00fdvejte Boha j\u00e1sav\u00fdm hlasem. &#8211; 2 Tleskejte do dlan\u00ed, n\u00e1rody v\u0161echny,vz\u00fdvejte Boha j\u00e1sav\u00fdm hlasem, &#8211; 3 nebo\u0165 je hrozn\u00fd P\u00e1n svrchovan\u00fd,je velekr\u00e1lem nad celou zem\u00ed. &#8211; 4 On n\u00e1m n\u00e1rody podrobuje,on n\u00e1m pohany pod nohy klade. &#8211; 5 On pro n\u00e1s vybral d\u011bdi\u010dnou zemi,p\u00fdchu J\u00e1koba, jeho\u017e m\u00e1 v l\u00e1sce. &#8211; 6 B\u016fh se vzn\u00e1\u0161\u00ed v&hellip;","jetpack_sharing_enabled":true,"jetpack_shortlink":"https:\/\/wp.me\/PawMsT-1B","_links":{"self":[{"href":"https:\/\/www.texty.santegidio.cz\/index.php?rest_route=\/wp\/v2\/pages\/99","targetHints":{"allow":["GET"]}}],"collection":[{"href":"https:\/\/www.texty.santegidio.cz\/index.php?rest_route=\/wp\/v2\/pages"}],"about":[{"href":"https:\/\/www.texty.santegidio.cz\/index.php?rest_route=\/wp\/v2\/types\/page"}],"author":[{"embeddable":true,"href":"https:\/\/www.texty.santegidio.cz\/index.php?rest_route=\/wp\/v2\/users\/1"}],"replies":[{"embeddable":true,"href":"https:\/\/www.texty.santegidio.cz\/index.php?rest_route=%2Fwp%2Fv2%2Fcomments&post=99"}],"version-history":[{"count":1,"href":"https:\/\/www.texty.santegidio.cz\/index.php?rest_route=\/wp\/v2\/pages\/99\/revisions"}],"predecessor-version":[{"id":1269,"href":"https:\/\/www.texty.santegidio.cz\/index.php?rest_route=\/wp\/v2\/pages\/99\/revisions\/1269"}],"up":[{"embeddable":true,"href":"https:\/\/www.texty.santegidio.cz\/index.php?rest_route=\/wp\/v2\/pages\/29"}],"wp:attachment":[{"href":"https:\/\/www.texty.santegidio.cz\/index.php?rest_route=%2Fwp%2Fv2%2Fmedia&parent=99"}],"curies":[{"name":"wp","href":"https:\/\/api.w.org\/{rel}","templated":true}]}}