{"id":983,"date":"2018-10-10T14:09:17","date_gmt":"2018-10-10T12:09:17","guid":{"rendered":"http:\/\/www.texty.santegidio.cz?page_id=983"},"modified":"2018-10-10T14:09:17","modified_gmt":"2018-10-10T12:09:17","slug":"pozehnani-nemocnych","status":"publish","type":"page","link":"https:\/\/www.texty.santegidio.cz\/?page_id=983","title":{"rendered":"Po\u017eehn\u00e1n\u00ed nemocn\u00fdch"},"content":{"rendered":"<p>Pane, Bo\u017ee milosrdenstv&iacute;,<br \/> ra\u010d vzt&aacute;hnout svoje ruce<br \/> a&nbsp;uzdravit v&scaron;echny nemocn&eacute;;<br \/> vra\u0165 jim zdrav&iacute; t\u011bla,<br \/> osvobo\u010f je od nemoci.<br \/> A\u0165 jsou uzdraveni ve jm&eacute;nu tv&eacute;ho Syna<br \/> a&nbsp;toto svat&eacute; jm&eacute;no budi\u017e l&eacute;kem,<br \/> kter&yacute; n&aacute;s \u010din&iacute; svat&yacute;mi.<br \/> Skrze n\u011bho a\u0165 je ti vzd&aacute;v&aacute;na sl&aacute;va a&nbsp;moc,<br \/> nyn&iacute; i&nbsp;na v\u011bky v\u011bk\u016f.<br \/> Amen.<br \/> <em>(Serapion\u016fv euchologion)<\/em><\/p>\n","protected":false},"excerpt":{"rendered":"<p>Pane, Bo\u017ee milosrdenstv&iacute;, ra\u010d vzt&aacute;hnout svoje ruce a&nbsp;uzdravit v&scaron;echny nemocn&eacute;; vra\u0165 jim zdrav&iacute; t\u011bla, osvobo\u010f je od nemoci. A\u0165 jsou uzdraveni ve jm&eacute;nu tv&eacute;ho Syna a&nbsp;toto svat&eacute; jm&eacute;no budi\u017e l&eacute;kem, kter&yacute; n&aacute;s \u010din&iacute; svat&yacute;mi. Skrze n\u011bho a\u0165 je ti vzd&aacute;v&aacute;na sl&aacute;va a&nbsp;moc, nyn&iacute; i&nbsp;na v\u011bky v\u011bk\u016f. Amen. (Serapion\u016fv euchologion)<\/p>\n","protected":false},"author":1,"featured_media":0,"parent":698,"menu_order":0,"comment_status":"open","ping_status":"open","template":"","meta":{"_uag_custom_page_level_css":"","jetpack_post_was_ever_published":false,"footnotes":""},"class_list":["post-983","page","type-page","status-publish"],"uagb_featured_image_src":{"full":false,"thumbnail":false,"medium":false,"medium_large":false,"large":false,"1536x1536":false,"2048x2048":false},"uagb_author_info":{"display_name":"Pavel","author_link":"https:\/\/www.texty.santegidio.cz\/?author=1"},"uagb_comment_info":0,"uagb_excerpt":"Pane, Bo\u017ee milosrdenstv&iacute;, ra\u010d vzt&aacute;hnout svoje ruce a&nbsp;uzdravit v&scaron;echny nemocn&eacute;; vra\u0165 jim zdrav&iacute; t\u011bla, osvobo\u010f je od nemoci. A\u0165 jsou uzdraveni ve jm&eacute;nu tv&eacute;ho Syna a&nbsp;toto svat&eacute; jm&eacute;no budi\u017e l&eacute;kem, kter&yacute; n&aacute;s \u010din&iacute; svat&yacute;mi. Skrze n\u011bho a\u0165 je ti vzd&aacute;v&aacute;na sl&aacute;va a&nbsp;moc, nyn&iacute; i&nbsp;na v\u011bky v\u011bk\u016f. Amen. (Serapion\u016fv euchologion)","jetpack_sharing_enabled":true,"jetpack_shortlink":"https:\/\/wp.me\/PawMsT-fR","_links":{"self":[{"href":"https:\/\/www.texty.santegidio.cz\/index.php?rest_route=\/wp\/v2\/pages\/983","targetHints":{"allow":["GET"]}}],"collection":[{"href":"https:\/\/www.texty.santegidio.cz\/index.php?rest_route=\/wp\/v2\/pages"}],"about":[{"href":"https:\/\/www.texty.santegidio.cz\/index.php?rest_route=\/wp\/v2\/types\/page"}],"author":[{"embeddable":true,"href":"https:\/\/www.texty.santegidio.cz\/index.php?rest_route=\/wp\/v2\/users\/1"}],"replies":[{"embeddable":true,"href":"https:\/\/www.texty.santegidio.cz\/index.php?rest_route=%2Fwp%2Fv2%2Fcomments&post=983"}],"version-history":[{"count":0,"href":"https:\/\/www.texty.santegidio.cz\/index.php?rest_route=\/wp\/v2\/pages\/983\/revisions"}],"up":[{"embeddable":true,"href":"https:\/\/www.texty.santegidio.cz\/index.php?rest_route=\/wp\/v2\/pages\/698"}],"wp:attachment":[{"href":"https:\/\/www.texty.santegidio.cz\/index.php?rest_route=%2Fwp%2Fv2%2Fmedia&parent=983"}],"curies":[{"name":"wp","href":"https:\/\/api.w.org\/{rel}","templated":true}]}}