{"id":982,"date":"2018-10-10T14:09:17","date_gmt":"2018-10-10T12:09:17","guid":{"rendered":"http:\/\/www.texty.santegidio.cz?page_id=982"},"modified":"2018-10-10T14:09:17","modified_gmt":"2018-10-10T12:09:17","slug":"modlitba-za-nemocne","status":"publish","type":"page","link":"https:\/\/www.texty.santegidio.cz\/?page_id=982","title":{"rendered":"Modlitba za nemocn\u00e9"},"content":{"rendered":"<p>Pros&iacute;me t\u011b, Pane,<br \/> stvo\u0159iteli t\u011bla a&nbsp;tv\u016frce du&scaron;e;<br \/> uhn\u011btl jsi \u010dlov\u011bka,<br \/> vede&scaron;, spravuje&scaron; a&nbsp;zachra\u0148uje&scaron;<br \/> cel&yacute; lidsk&yacute; rod,<br \/> usmi\u0159uje&scaron; a&nbsp;uti&scaron;uje&scaron; ka\u017edou bou\u0159i;<br \/> pro svoji dobrotu n&aacute;m bu\u010f naklon\u011bn, Pane,<br \/> a&nbsp;posp\u011b&scaron; na pomoc v&scaron;em nemocn&yacute;m a&nbsp;uzdrav je.<br \/> Jako jsi u\u010dinil s&nbsp;vichry vanouc&iacute;mi nad jezerem,<br \/> poru\u010d nemocem, a\u0165 se od n&aacute;s vzd&aacute;l&iacute;,<br \/> pozdvihni ty, kdo se ti ko\u0159&iacute;,<br \/> aby uzdraven&iacute;m<br \/> bylo oslaveno tv&eacute; svat&eacute; jm&eacute;no,<br \/> nyn&iacute; i&nbsp;v\u017edycky.<br \/> Amen.<br \/> <em>(Serapion\u016fv euchologion)<\/em><\/p>\n","protected":false},"excerpt":{"rendered":"<p>Pros&iacute;me t\u011b, Pane, stvo\u0159iteli t\u011bla a&nbsp;tv\u016frce du&scaron;e; uhn\u011btl jsi \u010dlov\u011bka, vede&scaron;, spravuje&scaron; a&nbsp;zachra\u0148uje&scaron; cel&yacute; lidsk&yacute; rod, usmi\u0159uje&scaron; a&nbsp;uti&scaron;uje&scaron; ka\u017edou bou\u0159i; pro svoji dobrotu n&aacute;m bu\u010f naklon\u011bn, Pane, a&nbsp;posp\u011b&scaron; na pomoc v&scaron;em nemocn&yacute;m a&nbsp;uzdrav je. Jako jsi u\u010dinil s&nbsp;vichry vanouc&iacute;mi nad jezerem, poru\u010d nemocem, a\u0165 se od n&aacute;s vzd&aacute;l&iacute;, pozdvihni ty, kdo se ti ko\u0159&iacute;, aby &#8230; <a title=\"Modlitba za nemocn\u00e9\" class=\"read-more\" href=\"https:\/\/www.texty.santegidio.cz\/?page_id=982\" aria-label=\"More on Modlitba za nemocn\u00e9\">Read more<\/a><\/p>\n","protected":false},"author":1,"featured_media":0,"parent":698,"menu_order":0,"comment_status":"open","ping_status":"open","template":"","meta":{"_uag_custom_page_level_css":"","jetpack_post_was_ever_published":false,"footnotes":""},"class_list":["post-982","page","type-page","status-publish"],"uagb_featured_image_src":{"full":false,"thumbnail":false,"medium":false,"medium_large":false,"large":false,"1536x1536":false,"2048x2048":false},"uagb_author_info":{"display_name":"Pavel","author_link":"https:\/\/www.texty.santegidio.cz\/?author=1"},"uagb_comment_info":0,"uagb_excerpt":"Pros&iacute;me t\u011b, Pane, stvo\u0159iteli t\u011bla a&nbsp;tv\u016frce du&scaron;e; uhn\u011btl jsi \u010dlov\u011bka, vede&scaron;, spravuje&scaron; a&nbsp;zachra\u0148uje&scaron; cel&yacute; lidsk&yacute; rod, usmi\u0159uje&scaron; a&nbsp;uti&scaron;uje&scaron; ka\u017edou bou\u0159i; pro svoji dobrotu n&aacute;m bu\u010f naklon\u011bn, Pane, a&nbsp;posp\u011b&scaron; na pomoc v&scaron;em nemocn&yacute;m a&nbsp;uzdrav je. Jako jsi u\u010dinil s&nbsp;vichry vanouc&iacute;mi nad jezerem, poru\u010d nemocem, a\u0165 se od n&aacute;s vzd&aacute;l&iacute;, pozdvihni ty, kdo se ti ko\u0159&iacute;, aby&hellip;","jetpack_sharing_enabled":true,"jetpack_shortlink":"https:\/\/wp.me\/PawMsT-fQ","_links":{"self":[{"href":"https:\/\/www.texty.santegidio.cz\/index.php?rest_route=\/wp\/v2\/pages\/982","targetHints":{"allow":["GET"]}}],"collection":[{"href":"https:\/\/www.texty.santegidio.cz\/index.php?rest_route=\/wp\/v2\/pages"}],"about":[{"href":"https:\/\/www.texty.santegidio.cz\/index.php?rest_route=\/wp\/v2\/types\/page"}],"author":[{"embeddable":true,"href":"https:\/\/www.texty.santegidio.cz\/index.php?rest_route=\/wp\/v2\/users\/1"}],"replies":[{"embeddable":true,"href":"https:\/\/www.texty.santegidio.cz\/index.php?rest_route=%2Fwp%2Fv2%2Fcomments&post=982"}],"version-history":[{"count":0,"href":"https:\/\/www.texty.santegidio.cz\/index.php?rest_route=\/wp\/v2\/pages\/982\/revisions"}],"up":[{"embeddable":true,"href":"https:\/\/www.texty.santegidio.cz\/index.php?rest_route=\/wp\/v2\/pages\/698"}],"wp:attachment":[{"href":"https:\/\/www.texty.santegidio.cz\/index.php?rest_route=%2Fwp%2Fv2%2Fmedia&parent=982"}],"curies":[{"name":"wp","href":"https:\/\/api.w.org\/{rel}","templated":true}]}}