{"id":981,"date":"2018-10-10T14:09:17","date_gmt":"2018-10-10T12:09:17","guid":{"rendered":"http:\/\/www.texty.santegidio.cz?page_id=981"},"modified":"2018-10-10T14:09:17","modified_gmt":"2018-10-10T12:09:17","slug":"modlitba-za-uzdraveni-nemocnych","status":"publish","type":"page","link":"https:\/\/www.texty.santegidio.cz\/?page_id=981","title":{"rendered":"Modlitba za uzdraven\u00ed nemocn\u00fdch"},"content":{"rendered":"<p>&Oacute;&nbsp;Pane, kter&yacute; d&aacute;v&aacute;&scaron; nov&yacute; \u017eivot<br \/> a&nbsp;sp&aacute;su v&scaron;em, kdo t\u011b vz&yacute;vaj&iacute;,<br \/> dotkni se svou l&aacute;skou \u017eivota toho, kdo trp&iacute;,<br \/> jako ses dotkl a&nbsp;uzdravil<br \/> t\u011blo a&nbsp;srdce tolika nemocn&yacute;ch.<br \/> Dej jim uzdraven&iacute;, pokoj a&nbsp;sp&aacute;su.<\/p>\n<p> &Oacute;&nbsp;Pane, kter&yacute;s nazval <br \/> blahoslaven&yacute;mi trp&iacute;c&iacute;<br \/> a&nbsp;otev\u0159els jim br&aacute;ny sv&eacute;ho kr&aacute;lovstv&iacute;,<br \/> dej tak&eacute; n&aacute;m po\u017eehn&aacute;n&iacute;<br \/> zakou&scaron;et sladkost tv&eacute; l&aacute;sky<br \/> a&nbsp;tv&eacute;ho nekone\u010dn&eacute;ho milosrdenstv&iacute;.<\/p>\n<p> &Oacute;&nbsp;Pane Je\u017e&iacute;&scaron;i,<br \/> kter&yacute; p\u0159em&aacute;h&aacute;&scaron; smrt a&nbsp;v&scaron;e zl&eacute;,<br \/> pomoz n&aacute;m v&nbsp;tebe v\u011b\u0159it,<br \/> podep\u0159i n&aacute;s svou nad\u011bj&iacute;<br \/> a&nbsp;ve\u010f n&aacute;s do sv&eacute;ho kr&aacute;lovstv&iacute; pokoje<br \/> nyn&iacute; i&nbsp;v\u017edycky.<br \/> Amen.<br \/> <em>(Serapion\u016fv euchologion)<\/em><\/p>\n","protected":false},"excerpt":{"rendered":"<p>&Oacute;&nbsp;Pane, kter&yacute; d&aacute;v&aacute;&scaron; nov&yacute; \u017eivot a&nbsp;sp&aacute;su v&scaron;em, kdo t\u011b vz&yacute;vaj&iacute;, dotkni se svou l&aacute;skou \u017eivota toho, kdo trp&iacute;, jako ses dotkl a&nbsp;uzdravil t\u011blo a&nbsp;srdce tolika nemocn&yacute;ch. Dej jim uzdraven&iacute;, pokoj a&nbsp;sp&aacute;su. &Oacute;&nbsp;Pane, kter&yacute;s nazval blahoslaven&yacute;mi trp&iacute;c&iacute; a&nbsp;otev\u0159els jim br&aacute;ny sv&eacute;ho kr&aacute;lovstv&iacute;, dej tak&eacute; n&aacute;m po\u017eehn&aacute;n&iacute; zakou&scaron;et sladkost tv&eacute; l&aacute;sky a&nbsp;tv&eacute;ho nekone\u010dn&eacute;ho milosrdenstv&iacute;. &Oacute;&nbsp;Pane Je\u017e&iacute;&scaron;i, kter&yacute; &#8230; <a title=\"Modlitba za uzdraven\u00ed nemocn\u00fdch\" class=\"read-more\" href=\"https:\/\/www.texty.santegidio.cz\/?page_id=981\" aria-label=\"More on Modlitba za uzdraven\u00ed nemocn\u00fdch\">Read more<\/a><\/p>\n","protected":false},"author":1,"featured_media":0,"parent":698,"menu_order":0,"comment_status":"open","ping_status":"open","template":"","meta":{"_uag_custom_page_level_css":"","jetpack_post_was_ever_published":false,"footnotes":""},"class_list":["post-981","page","type-page","status-publish"],"uagb_featured_image_src":{"full":false,"thumbnail":false,"medium":false,"medium_large":false,"large":false,"1536x1536":false,"2048x2048":false},"uagb_author_info":{"display_name":"Pavel","author_link":"https:\/\/www.texty.santegidio.cz\/?author=1"},"uagb_comment_info":0,"uagb_excerpt":"&Oacute;&nbsp;Pane, kter&yacute; d&aacute;v&aacute;&scaron; nov&yacute; \u017eivot a&nbsp;sp&aacute;su v&scaron;em, kdo t\u011b vz&yacute;vaj&iacute;, dotkni se svou l&aacute;skou \u017eivota toho, kdo trp&iacute;, jako ses dotkl a&nbsp;uzdravil t\u011blo a&nbsp;srdce tolika nemocn&yacute;ch. Dej jim uzdraven&iacute;, pokoj a&nbsp;sp&aacute;su. &Oacute;&nbsp;Pane, kter&yacute;s nazval blahoslaven&yacute;mi trp&iacute;c&iacute; a&nbsp;otev\u0159els jim br&aacute;ny sv&eacute;ho kr&aacute;lovstv&iacute;, dej tak&eacute; n&aacute;m po\u017eehn&aacute;n&iacute; zakou&scaron;et sladkost tv&eacute; l&aacute;sky a&nbsp;tv&eacute;ho nekone\u010dn&eacute;ho milosrdenstv&iacute;. &Oacute;&nbsp;Pane Je\u017e&iacute;&scaron;i, kter&yacute;&hellip;","jetpack_sharing_enabled":true,"jetpack_shortlink":"https:\/\/wp.me\/PawMsT-fP","_links":{"self":[{"href":"https:\/\/www.texty.santegidio.cz\/index.php?rest_route=\/wp\/v2\/pages\/981","targetHints":{"allow":["GET"]}}],"collection":[{"href":"https:\/\/www.texty.santegidio.cz\/index.php?rest_route=\/wp\/v2\/pages"}],"about":[{"href":"https:\/\/www.texty.santegidio.cz\/index.php?rest_route=\/wp\/v2\/types\/page"}],"author":[{"embeddable":true,"href":"https:\/\/www.texty.santegidio.cz\/index.php?rest_route=\/wp\/v2\/users\/1"}],"replies":[{"embeddable":true,"href":"https:\/\/www.texty.santegidio.cz\/index.php?rest_route=%2Fwp%2Fv2%2Fcomments&post=981"}],"version-history":[{"count":0,"href":"https:\/\/www.texty.santegidio.cz\/index.php?rest_route=\/wp\/v2\/pages\/981\/revisions"}],"up":[{"embeddable":true,"href":"https:\/\/www.texty.santegidio.cz\/index.php?rest_route=\/wp\/v2\/pages\/698"}],"wp:attachment":[{"href":"https:\/\/www.texty.santegidio.cz\/index.php?rest_route=%2Fwp%2Fv2%2Fmedia&parent=981"}],"curies":[{"name":"wp","href":"https:\/\/api.w.org\/{rel}","templated":true}]}}