{"id":980,"date":"2018-10-10T14:09:17","date_gmt":"2018-10-10T12:09:17","guid":{"rendered":"http:\/\/www.texty.santegidio.cz?page_id=980"},"modified":"2018-10-10T14:09:17","modified_gmt":"2018-10-10T12:09:17","slug":"modlitba-za-malicke","status":"publish","type":"page","link":"https:\/\/www.texty.santegidio.cz\/?page_id=980","title":{"rendered":"Modlitba za mali\u010dk\u00e9"},"content":{"rendered":"<p>&Oacute;&nbsp;Pane Je\u017e&iacute;&scaron;i,<br \/> kter&yacute; jsi nechal p\u0159ij&iacute;t d\u011bti k&nbsp;sob\u011b,<br \/> ochra\u0148uj je v&nbsp;jejich slabosti,<br \/> osvobo\u010f je od b&iacute;dy a&nbsp;zla,<br \/> bud jim otcem a&nbsp;u\u010ditelem.<\/p>\n<p> &Oacute;&nbsp;Pane Je\u017e&iacute;&scaron;i,<br \/> kter&yacute; jsi sv\u011b\u0159il svou Matku milovan&eacute;mu u\u010dedn&iacute;ku,<br \/> nedovol, aby tolik star&yacute;ch lid&iacute; \u017eilo v&nbsp;samot\u011b a&nbsp;b&iacute;d\u011b,<br \/> osvobo\u010f je od jejich utrpen&iacute;,<br \/> bu\u010f jim otcem a&nbsp;oporou.<\/p>\n<p> &Oacute;&nbsp;Pane Je\u017e&iacute;&scaron;i,<br \/> kter&yacute; jsi uzdravil tolik nemocn&yacute;ch,<br \/> p\u0159ijmi v&scaron;echny, kte\u0159&iacute; trp&iacute; nemoc&iacute;,<br \/> ut\u011b&scaron; je a&nbsp;uzdrav je,<br \/> bu\u010f jim l&eacute;ka\u0159em a&nbsp;bratrem.<\/p>\n<p> &Oacute;&nbsp;Pane Je\u017e&iacute;&scaron;i,<br \/> kter&yacute; jsi vysly&scaron;el modlitbu \u017eebraj&iacute;c&iacute;ch,<br \/> obra\u0165 se ke v&scaron;em, kte\u0159&iacute; trp&iacute; nouz&iacute; a&nbsp;bolest&iacute;,<br \/> osvobo\u010f je od ka\u017ed&eacute;ho zla,<br \/> ty, kter&yacute; jsi na&scaron;&iacute;m bohatstv&iacute;m,<br \/> nyn&iacute; i&nbsp;v\u017edycky.<br \/> Amen.<\/p>\n","protected":false},"excerpt":{"rendered":"<p>&Oacute;&nbsp;Pane Je\u017e&iacute;&scaron;i, kter&yacute; jsi nechal p\u0159ij&iacute;t d\u011bti k&nbsp;sob\u011b, ochra\u0148uj je v&nbsp;jejich slabosti, osvobo\u010f je od b&iacute;dy a&nbsp;zla, bud jim otcem a&nbsp;u\u010ditelem. &Oacute;&nbsp;Pane Je\u017e&iacute;&scaron;i, kter&yacute; jsi sv\u011b\u0159il svou Matku milovan&eacute;mu u\u010dedn&iacute;ku, nedovol, aby tolik star&yacute;ch lid&iacute; \u017eilo v&nbsp;samot\u011b a&nbsp;b&iacute;d\u011b, osvobo\u010f je od jejich utrpen&iacute;, bu\u010f jim otcem a&nbsp;oporou. &Oacute;&nbsp;Pane Je\u017e&iacute;&scaron;i, kter&yacute; jsi uzdravil tolik nemocn&yacute;ch, p\u0159ijmi &#8230; <a title=\"Modlitba za mali\u010dk\u00e9\" class=\"read-more\" href=\"https:\/\/www.texty.santegidio.cz\/?page_id=980\" aria-label=\"More on Modlitba za mali\u010dk\u00e9\">Read more<\/a><\/p>\n","protected":false},"author":1,"featured_media":0,"parent":698,"menu_order":0,"comment_status":"open","ping_status":"open","template":"","meta":{"_uag_custom_page_level_css":"","jetpack_post_was_ever_published":false,"footnotes":""},"class_list":["post-980","page","type-page","status-publish"],"uagb_featured_image_src":{"full":false,"thumbnail":false,"medium":false,"medium_large":false,"large":false,"1536x1536":false,"2048x2048":false},"uagb_author_info":{"display_name":"Pavel","author_link":"https:\/\/www.texty.santegidio.cz\/?author=1"},"uagb_comment_info":0,"uagb_excerpt":"&Oacute;&nbsp;Pane Je\u017e&iacute;&scaron;i, kter&yacute; jsi nechal p\u0159ij&iacute;t d\u011bti k&nbsp;sob\u011b, ochra\u0148uj je v&nbsp;jejich slabosti, osvobo\u010f je od b&iacute;dy a&nbsp;zla, bud jim otcem a&nbsp;u\u010ditelem. &Oacute;&nbsp;Pane Je\u017e&iacute;&scaron;i, kter&yacute; jsi sv\u011b\u0159il svou Matku milovan&eacute;mu u\u010dedn&iacute;ku, nedovol, aby tolik star&yacute;ch lid&iacute; \u017eilo v&nbsp;samot\u011b a&nbsp;b&iacute;d\u011b, osvobo\u010f je od jejich utrpen&iacute;, bu\u010f jim otcem a&nbsp;oporou. &Oacute;&nbsp;Pane Je\u017e&iacute;&scaron;i, kter&yacute; jsi uzdravil tolik nemocn&yacute;ch, p\u0159ijmi&hellip;","jetpack_sharing_enabled":true,"jetpack_shortlink":"https:\/\/wp.me\/PawMsT-fO","_links":{"self":[{"href":"https:\/\/www.texty.santegidio.cz\/index.php?rest_route=\/wp\/v2\/pages\/980","targetHints":{"allow":["GET"]}}],"collection":[{"href":"https:\/\/www.texty.santegidio.cz\/index.php?rest_route=\/wp\/v2\/pages"}],"about":[{"href":"https:\/\/www.texty.santegidio.cz\/index.php?rest_route=\/wp\/v2\/types\/page"}],"author":[{"embeddable":true,"href":"https:\/\/www.texty.santegidio.cz\/index.php?rest_route=\/wp\/v2\/users\/1"}],"replies":[{"embeddable":true,"href":"https:\/\/www.texty.santegidio.cz\/index.php?rest_route=%2Fwp%2Fv2%2Fcomments&post=980"}],"version-history":[{"count":0,"href":"https:\/\/www.texty.santegidio.cz\/index.php?rest_route=\/wp\/v2\/pages\/980\/revisions"}],"up":[{"embeddable":true,"href":"https:\/\/www.texty.santegidio.cz\/index.php?rest_route=\/wp\/v2\/pages\/698"}],"wp:attachment":[{"href":"https:\/\/www.texty.santegidio.cz\/index.php?rest_route=%2Fwp%2Fv2%2Fmedia&parent=980"}],"curies":[{"name":"wp","href":"https:\/\/api.w.org\/{rel}","templated":true}]}}