{"id":98,"date":"2018-12-12T10:15:06","date_gmt":"2018-12-12T09:15:06","guid":{"rendered":"http:\/\/www.texty.santegidio.cz?page_id=98"},"modified":"2018-12-12T10:15:07","modified_gmt":"2018-12-12T09:15:07","slug":"zalm-46","status":"publish","type":"page","link":"https:\/\/www.texty.santegidio.cz\/?page_id=98","title":{"rendered":"\u017dalm 46"},"content":{"rendered":"<p>P\u00e1n je n\u00e1m \u00fato\u010di\u0161t\u011bm, je na\u0161\u00ed silou.<\/p>\n<p>&#8211; <sup>2<\/span><\/sup> B\u016fh je n\u00e1m \u00fato\u010di\u0161t\u011bm, je na\u0161\u00ed silou,<br \/>projevil se n\u00e1m nejv\u011bt\u0161\u00ed pom<strong>o<\/strong>c\u00ed v t\u00edsni.<\/p>\n<p>&#8211; <sup>3<\/span><\/sup> Proto nem\u00e1me strach, a\u0165 zem\u011b se t\u0159ese,<br \/>a\u0165 se k\u00e1cej\u00ed hory do hl<strong>u<\/strong>bin mo\u0159e.<\/p>\n<p>&#8211; <sup>4<\/span><\/sup> A\u0165 jeho vody bou\u0159\u00ed a vlnami kyp\u00ed,<br \/>a\u0165 se tetel\u00ed pod jejich p\u0159\u00edb<strong>o<\/strong>jem hory,<br \/>&#8211; jen kdy\u017e P\u00e1n nebesk\u00fdch z\u00e1stup\u016f z\u016fst\u00e1v\u00e1 s n\u00e1mi,<br \/>kdy\u017e B\u016fh J\u00e1kob\u016fv je na\u0161\u00edm ochr<strong>a<\/strong>nn\u00fdm hradem.<\/p>\n<p>&#8211; <sup>5<\/span><\/sup> \u0158eka rameny Bo\u017e\u00ed m\u011bsto bla\u017e\u00ed,<br \/>chr\u00e1n\u00ed svat\u00fd p\u0159\u00edbytek N<strong>e<\/strong>jvy\u0161\u0161\u00edho;<\/p>\n<p>&#8211; <sup>6<\/span><\/sup> B\u016fh v jeho st\u0159edu, proto se nezhrout\u00ed nikdy,<br \/>s \u010dasn\u00fdm \u00fasvitem B\u016fh mu na p<strong>o<\/strong>moc chv\u00e1t\u00e1.<\/p>\n<p>&#8211; <sup>7<\/span><\/sup> B\u011bsnily n\u00e1rody, ot\u0159\u00e1saly se \u0159\u00ed\u0161e:<br \/>zah\u0159m\u011bl sv\u00fdm hlasem, a rozsouv<strong>a<\/strong>la se zem\u011b.<\/p>\n<p>&#8211; <sup>8<\/span><\/sup> Ale P\u00e1n nebesk\u00fdch z\u00e1stup\u016f z\u016fst\u00e1v\u00e1 s n\u00e1mi,<br \/>jest B\u016fh J\u00e1kob\u016fv na\u0161\u00edm ochr<strong>a<\/strong>nn\u00fdm hradem.<\/p>\n<p>&#8211; <sup>9<\/span><\/sup> Poj\u010fte a bedliv\u011b pohle\u010fte na skutky P\u00e1n\u011b,<br \/>toho, jen\u017e \u00fa\u017eas \u0161\u00ed\u0159\u00ed po c<strong>e<\/strong>l\u00e9 zemi!<\/p>\n<p>&#8211; <sup>10<\/span><\/sup> V\u00e1lk\u00e1m on \u010din\u00ed p\u0159\u00edtr\u017e a\u017e k hranic\u00edm zem\u011b,<br \/>luky a o\u0161t\u011bpy l\u00e1me, spal<strong>u<\/strong>je \u0161t\u00edty.<\/p>\n<p>&#8211; <sup>11<\/span><\/sup> &bdquo;Usta\u0148te p\u0159ece a ve mn\u011b uznejte Boha,<br \/>jen\u017e stoj\u00ed nad v\u0161emi n\u00e1rody, nad c<strong>e<\/strong>lou zem\u00ed!&ldquo;<\/p>\n<p>&#8211; <sup>12<\/span><\/sup> Nebo\u0165 P\u00e1n nebesk\u00fdch z\u00e1stup\u016f z\u016fst\u00e1v\u00e1 s n\u00e1mi,<br \/>jest B\u016fh J\u00e1kob\u016fv na\u0161\u00edm ochr<strong>a<\/strong>nn\u00fdm hradem.<\/p>\n","protected":false},"excerpt":{"rendered":"<p>P\u00e1n je n\u00e1m \u00fato\u010di\u0161t\u011bm, je na\u0161\u00ed silou. &#8211; 2 B\u016fh je n\u00e1m \u00fato\u010di\u0161t\u011bm, je na\u0161\u00ed silou,projevil se n\u00e1m nejv\u011bt\u0161\u00ed pomoc\u00ed v t\u00edsni. &#8211; 3 Proto nem\u00e1me strach, a\u0165 zem\u011b se t\u0159ese,a\u0165 se k\u00e1cej\u00ed hory do hlubin mo\u0159e. &#8211; 4 A\u0165 jeho vody bou\u0159\u00ed a vlnami kyp\u00ed,a\u0165 se tetel\u00ed pod jejich p\u0159\u00edbojem hory,&#8211; jen kdy\u017e P\u00e1n &#8230; <a title=\"\u017dalm 46\" class=\"read-more\" href=\"https:\/\/www.texty.santegidio.cz\/?page_id=98\" aria-label=\"More on \u017dalm 46\">Read more<\/a><\/p>\n","protected":false},"author":1,"featured_media":0,"parent":29,"menu_order":0,"comment_status":"closed","ping_status":"closed","template":"","meta":{"_uag_custom_page_level_css":"","jetpack_post_was_ever_published":false,"footnotes":""},"class_list":["post-98","page","type-page","status-publish"],"uagb_featured_image_src":{"full":false,"thumbnail":false,"medium":false,"medium_large":false,"large":false,"1536x1536":false,"2048x2048":false},"uagb_author_info":{"display_name":"Pavel","author_link":"https:\/\/www.texty.santegidio.cz\/?author=1"},"uagb_comment_info":0,"uagb_excerpt":"P\u00e1n je n\u00e1m \u00fato\u010di\u0161t\u011bm, je na\u0161\u00ed silou. &#8211; 2 B\u016fh je n\u00e1m \u00fato\u010di\u0161t\u011bm, je na\u0161\u00ed silou,projevil se n\u00e1m nejv\u011bt\u0161\u00ed pomoc\u00ed v t\u00edsni. &#8211; 3 Proto nem\u00e1me strach, a\u0165 zem\u011b se t\u0159ese,a\u0165 se k\u00e1cej\u00ed hory do hlubin mo\u0159e. &#8211; 4 A\u0165 jeho vody bou\u0159\u00ed a vlnami kyp\u00ed,a\u0165 se tetel\u00ed pod jejich p\u0159\u00edbojem hory,&#8211; jen kdy\u017e P\u00e1n&hellip;","jetpack_sharing_enabled":true,"jetpack_shortlink":"https:\/\/wp.me\/PawMsT-1A","_links":{"self":[{"href":"https:\/\/www.texty.santegidio.cz\/index.php?rest_route=\/wp\/v2\/pages\/98","targetHints":{"allow":["GET"]}}],"collection":[{"href":"https:\/\/www.texty.santegidio.cz\/index.php?rest_route=\/wp\/v2\/pages"}],"about":[{"href":"https:\/\/www.texty.santegidio.cz\/index.php?rest_route=\/wp\/v2\/types\/page"}],"author":[{"embeddable":true,"href":"https:\/\/www.texty.santegidio.cz\/index.php?rest_route=\/wp\/v2\/users\/1"}],"replies":[{"embeddable":true,"href":"https:\/\/www.texty.santegidio.cz\/index.php?rest_route=%2Fwp%2Fv2%2Fcomments&post=98"}],"version-history":[{"count":1,"href":"https:\/\/www.texty.santegidio.cz\/index.php?rest_route=\/wp\/v2\/pages\/98\/revisions"}],"predecessor-version":[{"id":1268,"href":"https:\/\/www.texty.santegidio.cz\/index.php?rest_route=\/wp\/v2\/pages\/98\/revisions\/1268"}],"up":[{"embeddable":true,"href":"https:\/\/www.texty.santegidio.cz\/index.php?rest_route=\/wp\/v2\/pages\/29"}],"wp:attachment":[{"href":"https:\/\/www.texty.santegidio.cz\/index.php?rest_route=%2Fwp%2Fv2%2Fmedia&parent=98"}],"curies":[{"name":"wp","href":"https:\/\/api.w.org\/{rel}","templated":true}]}}