{"id":979,"date":"2018-10-10T14:09:17","date_gmt":"2018-10-10T12:09:17","guid":{"rendered":"http:\/\/www.texty.santegidio.cz?page_id=979"},"modified":"2018-10-10T14:09:17","modified_gmt":"2018-10-10T12:09:17","slug":"modlitba-za-pomoc-chudym","status":"publish","type":"page","link":"https:\/\/www.texty.santegidio.cz\/?page_id=979","title":{"rendered":"Modlitba za pomoc chud\u00fdm"},"content":{"rendered":"<p>&Oacute;&nbsp;Pane, n&aacute;&scaron; Bo\u017ee,<br \/> kter&yacute; sly&scaron;&iacute;&scaron; n&aacute;\u0159ek<br \/> sv&eacute;ho trp&iacute;c&iacute;ho lidu,<br \/> shl&eacute;dni s&nbsp;l&aacute;skou na chud&eacute;<br \/> po cel&eacute; zemi a&nbsp;posp\u011b&scaron; na pomoc<br \/> osam\u011bl&yacute;m, opu&scaron;t\u011bn&yacute;m, pot\u0159ebn&yacute;m.<br \/> Nav&scaron;tiv uv\u011bzn\u011bn&eacute; v&nbsp;jejich m&iacute;st\u011b bolesti,<br \/> bu\u010f p\u0159&iacute;bytkem cizinc\u016fm a&nbsp;uprchl&iacute;k\u016fm,<br \/> bud chlebem a&nbsp;n&aacute;pojem hladov&yacute;m a&nbsp;\u017e&iacute;zniv&yacute;m,<br \/> oble\u010d nah&eacute;, ty, kte\u0159&iacute; nemaj&iacute;, kde hlavu slo\u017eit.<\/p>\n<p> Ty, kter&yacute; jsi otcem sirotk\u016f a&nbsp;opu&scaron;t\u011bn&yacute;ch,<br \/> nejmen&scaron;&iacute;ch brat\u0159&iacute; tv&eacute;ho Syna,<br \/> probu\u010f energii l&aacute;sky<br \/> v&nbsp;srdc&iacute;ch lid&iacute; a&nbsp;n&aacute;rod\u016f.<\/p>\n<p> Ty, kter&yacute; nezapom&iacute;n&aacute;&scaron; na opu&scaron;t\u011bn&eacute;,<br \/> ut\u011b&scaron; toho, kdo nem&aacute; otce, matku ani rodinu,<br \/> vzbu\u010f m&iacute;r tam, kde je v&aacute;lka,<br \/> dej zaz&aacute;\u0159it sv\u011btlu tam, kde je tma a&nbsp;strach.<br \/> O&nbsp;to t\u011b sna\u017en\u011b s&nbsp;v&iacute;rou pros&iacute;me<br \/> nyn&iacute; i&nbsp;v\u017edycky.<br \/> Amen.<\/p>\n","protected":false},"excerpt":{"rendered":"<p>&Oacute;&nbsp;Pane, n&aacute;&scaron; Bo\u017ee, kter&yacute; sly&scaron;&iacute;&scaron; n&aacute;\u0159ek sv&eacute;ho trp&iacute;c&iacute;ho lidu, shl&eacute;dni s&nbsp;l&aacute;skou na chud&eacute; po cel&eacute; zemi a&nbsp;posp\u011b&scaron; na pomoc osam\u011bl&yacute;m, opu&scaron;t\u011bn&yacute;m, pot\u0159ebn&yacute;m. Nav&scaron;tiv uv\u011bzn\u011bn&eacute; v&nbsp;jejich m&iacute;st\u011b bolesti, bu\u010f p\u0159&iacute;bytkem cizinc\u016fm a&nbsp;uprchl&iacute;k\u016fm, bud chlebem a&nbsp;n&aacute;pojem hladov&yacute;m a&nbsp;\u017e&iacute;zniv&yacute;m, oble\u010d nah&eacute;, ty, kte\u0159&iacute; nemaj&iacute;, kde hlavu slo\u017eit. Ty, kter&yacute; jsi otcem sirotk\u016f a&nbsp;opu&scaron;t\u011bn&yacute;ch, nejmen&scaron;&iacute;ch brat\u0159&iacute; tv&eacute;ho Syna, probu\u010f &#8230; <a title=\"Modlitba za pomoc chud\u00fdm\" class=\"read-more\" href=\"https:\/\/www.texty.santegidio.cz\/?page_id=979\" aria-label=\"More on Modlitba za pomoc chud\u00fdm\">Read more<\/a><\/p>\n","protected":false},"author":1,"featured_media":0,"parent":698,"menu_order":0,"comment_status":"open","ping_status":"open","template":"","meta":{"_uag_custom_page_level_css":"","jetpack_post_was_ever_published":false,"footnotes":""},"class_list":["post-979","page","type-page","status-publish"],"uagb_featured_image_src":{"full":false,"thumbnail":false,"medium":false,"medium_large":false,"large":false,"1536x1536":false,"2048x2048":false},"uagb_author_info":{"display_name":"Pavel","author_link":"https:\/\/www.texty.santegidio.cz\/?author=1"},"uagb_comment_info":0,"uagb_excerpt":"&Oacute;&nbsp;Pane, n&aacute;&scaron; Bo\u017ee, kter&yacute; sly&scaron;&iacute;&scaron; n&aacute;\u0159ek sv&eacute;ho trp&iacute;c&iacute;ho lidu, shl&eacute;dni s&nbsp;l&aacute;skou na chud&eacute; po cel&eacute; zemi a&nbsp;posp\u011b&scaron; na pomoc osam\u011bl&yacute;m, opu&scaron;t\u011bn&yacute;m, pot\u0159ebn&yacute;m. Nav&scaron;tiv uv\u011bzn\u011bn&eacute; v&nbsp;jejich m&iacute;st\u011b bolesti, bu\u010f p\u0159&iacute;bytkem cizinc\u016fm a&nbsp;uprchl&iacute;k\u016fm, bud chlebem a&nbsp;n&aacute;pojem hladov&yacute;m a&nbsp;\u017e&iacute;zniv&yacute;m, oble\u010d nah&eacute;, ty, kte\u0159&iacute; nemaj&iacute;, kde hlavu slo\u017eit. Ty, kter&yacute; jsi otcem sirotk\u016f a&nbsp;opu&scaron;t\u011bn&yacute;ch, nejmen&scaron;&iacute;ch brat\u0159&iacute; tv&eacute;ho Syna, probu\u010f&hellip;","jetpack_sharing_enabled":true,"jetpack_shortlink":"https:\/\/wp.me\/PawMsT-fN","_links":{"self":[{"href":"https:\/\/www.texty.santegidio.cz\/index.php?rest_route=\/wp\/v2\/pages\/979","targetHints":{"allow":["GET"]}}],"collection":[{"href":"https:\/\/www.texty.santegidio.cz\/index.php?rest_route=\/wp\/v2\/pages"}],"about":[{"href":"https:\/\/www.texty.santegidio.cz\/index.php?rest_route=\/wp\/v2\/types\/page"}],"author":[{"embeddable":true,"href":"https:\/\/www.texty.santegidio.cz\/index.php?rest_route=\/wp\/v2\/users\/1"}],"replies":[{"embeddable":true,"href":"https:\/\/www.texty.santegidio.cz\/index.php?rest_route=%2Fwp%2Fv2%2Fcomments&post=979"}],"version-history":[{"count":0,"href":"https:\/\/www.texty.santegidio.cz\/index.php?rest_route=\/wp\/v2\/pages\/979\/revisions"}],"up":[{"embeddable":true,"href":"https:\/\/www.texty.santegidio.cz\/index.php?rest_route=\/wp\/v2\/pages\/698"}],"wp:attachment":[{"href":"https:\/\/www.texty.santegidio.cz\/index.php?rest_route=%2Fwp%2Fv2%2Fmedia&parent=979"}],"curies":[{"name":"wp","href":"https:\/\/api.w.org\/{rel}","templated":true}]}}