{"id":977,"date":"2018-10-10T14:09:17","date_gmt":"2018-10-10T12:09:17","guid":{"rendered":"http:\/\/www.texty.santegidio.cz?page_id=977"},"modified":"2018-10-10T14:09:17","modified_gmt":"2018-10-10T12:09:17","slug":"modlitba-za-pronasledovane-krestany","status":"publish","type":"page","link":"https:\/\/www.texty.santegidio.cz\/?page_id=977","title":{"rendered":"Modlitba za pron\u00e1sledovan\u00e9 k\u0159es\u0165any"},"content":{"rendered":"<p>&Oacute;&nbsp;Pane Je\u017e&iacute;&scaron;i,<br \/> kter&yacute; se pozn&aacute;v&aacute;&scaron; ve sv&yacute;ch u\u010dedn&iacute;c&iacute;ch,<br \/> kdy\u017e jsou pron&aacute;sledov&aacute;ni a&nbsp;pohrd&aacute;ni,<br \/> p\u0159ij\u010f jim na pomoc,<br \/> proto\u017ee v&nbsp;p\u0159&iacute;li&scaron; mnoha \u010d&aacute;stech sv\u011bta<br \/> \u010del&iacute; pomluv&aacute;m a&nbsp;hrozb&aacute;m,<br \/> jsou zbavov&aacute;ni svobody a&nbsp;v\u011bzn\u011bni,<br \/> vystaveni tvrd&eacute;mu zach&aacute;zen&iacute;,<br \/> jsou deportov&aacute;ni a&nbsp;zab&iacute;jeni.<br \/> Bu\u010f jim oporou v&nbsp;\u010dasech bolesti,<br \/> doprov&aacute;zej je sv&yacute;m milosrdenstv&iacute;m,<br \/> osvobo\u010f je od zla, kter&eacute; je utla\u010duje,<br \/> zachovej je ve sv&eacute; v&iacute;\u0159e a&nbsp;nad\u011bji.<br \/> Nyn&iacute; i&nbsp;v\u017edycky. Amen.<\/p>\n","protected":false},"excerpt":{"rendered":"<p>&Oacute;&nbsp;Pane Je\u017e&iacute;&scaron;i, kter&yacute; se pozn&aacute;v&aacute;&scaron; ve sv&yacute;ch u\u010dedn&iacute;c&iacute;ch, kdy\u017e jsou pron&aacute;sledov&aacute;ni a&nbsp;pohrd&aacute;ni, p\u0159ij\u010f jim na pomoc, proto\u017ee v&nbsp;p\u0159&iacute;li&scaron; mnoha \u010d&aacute;stech sv\u011bta \u010del&iacute; pomluv&aacute;m a&nbsp;hrozb&aacute;m, jsou zbavov&aacute;ni svobody a&nbsp;v\u011bzn\u011bni, vystaveni tvrd&eacute;mu zach&aacute;zen&iacute;, jsou deportov&aacute;ni a&nbsp;zab&iacute;jeni. Bu\u010f jim oporou v&nbsp;\u010dasech bolesti, doprov&aacute;zej je sv&yacute;m milosrdenstv&iacute;m, osvobo\u010f je od zla, kter&eacute; je utla\u010duje, zachovej je ve sv&eacute; v&iacute;\u0159e &#8230; <a title=\"Modlitba za pron\u00e1sledovan\u00e9 k\u0159es\u0165any\" class=\"read-more\" href=\"https:\/\/www.texty.santegidio.cz\/?page_id=977\" aria-label=\"More on Modlitba za pron\u00e1sledovan\u00e9 k\u0159es\u0165any\">Read more<\/a><\/p>\n","protected":false},"author":1,"featured_media":0,"parent":698,"menu_order":0,"comment_status":"open","ping_status":"open","template":"","meta":{"_uag_custom_page_level_css":"","jetpack_post_was_ever_published":false,"footnotes":""},"class_list":["post-977","page","type-page","status-publish"],"uagb_featured_image_src":{"full":false,"thumbnail":false,"medium":false,"medium_large":false,"large":false,"1536x1536":false,"2048x2048":false},"uagb_author_info":{"display_name":"Pavel","author_link":"https:\/\/www.texty.santegidio.cz\/?author=1"},"uagb_comment_info":0,"uagb_excerpt":"&Oacute;&nbsp;Pane Je\u017e&iacute;&scaron;i, kter&yacute; se pozn&aacute;v&aacute;&scaron; ve sv&yacute;ch u\u010dedn&iacute;c&iacute;ch, kdy\u017e jsou pron&aacute;sledov&aacute;ni a&nbsp;pohrd&aacute;ni, p\u0159ij\u010f jim na pomoc, proto\u017ee v&nbsp;p\u0159&iacute;li&scaron; mnoha \u010d&aacute;stech sv\u011bta \u010del&iacute; pomluv&aacute;m a&nbsp;hrozb&aacute;m, jsou zbavov&aacute;ni svobody a&nbsp;v\u011bzn\u011bni, vystaveni tvrd&eacute;mu zach&aacute;zen&iacute;, jsou deportov&aacute;ni a&nbsp;zab&iacute;jeni. Bu\u010f jim oporou v&nbsp;\u010dasech bolesti, doprov&aacute;zej je sv&yacute;m milosrdenstv&iacute;m, osvobo\u010f je od zla, kter&eacute; je utla\u010duje, zachovej je ve sv&eacute; v&iacute;\u0159e&hellip;","jetpack_sharing_enabled":true,"jetpack_shortlink":"https:\/\/wp.me\/PawMsT-fL","_links":{"self":[{"href":"https:\/\/www.texty.santegidio.cz\/index.php?rest_route=\/wp\/v2\/pages\/977","targetHints":{"allow":["GET"]}}],"collection":[{"href":"https:\/\/www.texty.santegidio.cz\/index.php?rest_route=\/wp\/v2\/pages"}],"about":[{"href":"https:\/\/www.texty.santegidio.cz\/index.php?rest_route=\/wp\/v2\/types\/page"}],"author":[{"embeddable":true,"href":"https:\/\/www.texty.santegidio.cz\/index.php?rest_route=\/wp\/v2\/users\/1"}],"replies":[{"embeddable":true,"href":"https:\/\/www.texty.santegidio.cz\/index.php?rest_route=%2Fwp%2Fv2%2Fcomments&post=977"}],"version-history":[{"count":0,"href":"https:\/\/www.texty.santegidio.cz\/index.php?rest_route=\/wp\/v2\/pages\/977\/revisions"}],"up":[{"embeddable":true,"href":"https:\/\/www.texty.santegidio.cz\/index.php?rest_route=\/wp\/v2\/pages\/698"}],"wp:attachment":[{"href":"https:\/\/www.texty.santegidio.cz\/index.php?rest_route=%2Fwp%2Fv2%2Fmedia&parent=977"}],"curies":[{"name":"wp","href":"https:\/\/api.w.org\/{rel}","templated":true}]}}