{"id":976,"date":"2018-10-10T14:09:17","date_gmt":"2018-10-10T12:09:17","guid":{"rendered":"http:\/\/www.texty.santegidio.cz?page_id=976"},"modified":"2018-10-10T14:09:17","modified_gmt":"2018-10-10T12:09:17","slug":"modlitba-za-osvobozeni-uveznenych","status":"publish","type":"page","link":"https:\/\/www.texty.santegidio.cz\/?page_id=976","title":{"rendered":"Modlitba za osvobozen\u00ed uv\u011bzn\u011bn\u00fdch"},"content":{"rendered":"<p>Pane,<br \/> kter&yacute; osvobozuje&scaron; uv\u011bzn\u011bn&eacute; z&nbsp;jejich \u017eal&aacute;\u0159e,<br \/> kter&yacute; sly&scaron;&iacute;&scaron; jejich n&aacute;\u0159ek<br \/> a&nbsp;zachra\u0148uje&scaron; je p\u0159ed smrt&iacute;,<br \/> shl&eacute;dni na n&aacute;s z&nbsp;v&yacute;sosti<br \/> a&nbsp;pohle\u010f na bolest na&scaron;ich brat\u0159&iacute; a&nbsp;sester,<br \/> kte\u0159&iacute; jsou zav&iacute;r&aacute;ni a&nbsp;v\u011bzn\u011bni;<br \/> po&scaron;li jim k&nbsp;&uacute;t\u011b&scaron;e sv&eacute;ho svat&eacute;ho and\u011bla,<br \/> obm\u011bk\u010di srdce jejich v\u011bznitel\u016f,<br \/> navra\u0165 jim pokoj a&nbsp;svobodu.<br \/> O&nbsp;to t\u011b s&nbsp;v&iacute;rou sna\u017en\u011b pros&iacute;me.<br \/> Amen.<\/p>\n<p><\/p>\n","protected":false},"excerpt":{"rendered":"<p>Pane, kter&yacute; osvobozuje&scaron; uv\u011bzn\u011bn&eacute; z&nbsp;jejich \u017eal&aacute;\u0159e, kter&yacute; sly&scaron;&iacute;&scaron; jejich n&aacute;\u0159ek a&nbsp;zachra\u0148uje&scaron; je p\u0159ed smrt&iacute;, shl&eacute;dni na n&aacute;s z&nbsp;v&yacute;sosti a&nbsp;pohle\u010f na bolest na&scaron;ich brat\u0159&iacute; a&nbsp;sester, kte\u0159&iacute; jsou zav&iacute;r&aacute;ni a&nbsp;v\u011bzn\u011bni; po&scaron;li jim k&nbsp;&uacute;t\u011b&scaron;e sv&eacute;ho svat&eacute;ho and\u011bla, obm\u011bk\u010di srdce jejich v\u011bznitel\u016f, navra\u0165 jim pokoj a&nbsp;svobodu. O&nbsp;to t\u011b s&nbsp;v&iacute;rou sna\u017en\u011b pros&iacute;me. Amen.<\/p>\n","protected":false},"author":1,"featured_media":0,"parent":698,"menu_order":0,"comment_status":"open","ping_status":"open","template":"","meta":{"_uag_custom_page_level_css":"","jetpack_post_was_ever_published":false,"footnotes":""},"class_list":["post-976","page","type-page","status-publish"],"uagb_featured_image_src":{"full":false,"thumbnail":false,"medium":false,"medium_large":false,"large":false,"1536x1536":false,"2048x2048":false},"uagb_author_info":{"display_name":"Pavel","author_link":"https:\/\/www.texty.santegidio.cz\/?author=1"},"uagb_comment_info":0,"uagb_excerpt":"Pane, kter&yacute; osvobozuje&scaron; uv\u011bzn\u011bn&eacute; z&nbsp;jejich \u017eal&aacute;\u0159e, kter&yacute; sly&scaron;&iacute;&scaron; jejich n&aacute;\u0159ek a&nbsp;zachra\u0148uje&scaron; je p\u0159ed smrt&iacute;, shl&eacute;dni na n&aacute;s z&nbsp;v&yacute;sosti a&nbsp;pohle\u010f na bolest na&scaron;ich brat\u0159&iacute; a&nbsp;sester, kte\u0159&iacute; jsou zav&iacute;r&aacute;ni a&nbsp;v\u011bzn\u011bni; po&scaron;li jim k&nbsp;&uacute;t\u011b&scaron;e sv&eacute;ho svat&eacute;ho and\u011bla, obm\u011bk\u010di srdce jejich v\u011bznitel\u016f, navra\u0165 jim pokoj a&nbsp;svobodu. O&nbsp;to t\u011b s&nbsp;v&iacute;rou sna\u017en\u011b pros&iacute;me. Amen.","jetpack_sharing_enabled":true,"jetpack_shortlink":"https:\/\/wp.me\/PawMsT-fK","_links":{"self":[{"href":"https:\/\/www.texty.santegidio.cz\/index.php?rest_route=\/wp\/v2\/pages\/976","targetHints":{"allow":["GET"]}}],"collection":[{"href":"https:\/\/www.texty.santegidio.cz\/index.php?rest_route=\/wp\/v2\/pages"}],"about":[{"href":"https:\/\/www.texty.santegidio.cz\/index.php?rest_route=\/wp\/v2\/types\/page"}],"author":[{"embeddable":true,"href":"https:\/\/www.texty.santegidio.cz\/index.php?rest_route=\/wp\/v2\/users\/1"}],"replies":[{"embeddable":true,"href":"https:\/\/www.texty.santegidio.cz\/index.php?rest_route=%2Fwp%2Fv2%2Fcomments&post=976"}],"version-history":[{"count":0,"href":"https:\/\/www.texty.santegidio.cz\/index.php?rest_route=\/wp\/v2\/pages\/976\/revisions"}],"up":[{"embeddable":true,"href":"https:\/\/www.texty.santegidio.cz\/index.php?rest_route=\/wp\/v2\/pages\/698"}],"wp:attachment":[{"href":"https:\/\/www.texty.santegidio.cz\/index.php?rest_route=%2Fwp%2Fv2%2Fmedia&parent=976"}],"curies":[{"name":"wp","href":"https:\/\/api.w.org\/{rel}","templated":true}]}}