{"id":975,"date":"2018-10-10T14:09:17","date_gmt":"2018-10-10T12:09:17","guid":{"rendered":"http:\/\/www.texty.santegidio.cz?page_id=975"},"modified":"2018-10-10T14:09:17","modified_gmt":"2018-10-10T12:09:17","slug":"modlitba-za-bozi-ochranu","status":"publish","type":"page","link":"https:\/\/www.texty.santegidio.cz\/?page_id=975","title":{"rendered":"Modlitba za Bo\u017e\u00ed ochranu"},"content":{"rendered":"<p>&Oacute;&nbsp;Pane,<br \/> kter&yacute; ses stal spole\u010dn&iacute;kem lid&iacute;,<br \/> kter&yacute; ses zastavil u&nbsp;pot\u0159ebn&yacute;ch,<br \/> kter&yacute; jsi l&eacute;\u010dil a&nbsp;uzdravoval,<br \/> kter&yacute; jsi m\u011bl soucit s&nbsp;chud&yacute;mi, <br \/> pohle\u010f na pot\u0159eby na&scaron;eho \u017eivota,<br \/> p\u0159ibli\u017e se n&aacute;m a&nbsp;zastav se u&nbsp;n&aacute;s,<br \/> vysly&scaron; na&scaron;e lkan&iacute; a&nbsp;zachra\u0148 n&aacute;s,<br \/> abychom se tak&eacute; my, uzdraveni tvou l&aacute;skou,<br \/> stali schopn&yacute;mi l&aacute;sky a&nbsp;milosrdenstv&iacute;,<br \/> nyn&iacute; i&nbsp;v\u017edycky.<br \/> Amen.<\/p>\n","protected":false},"excerpt":{"rendered":"<p>&Oacute;&nbsp;Pane, kter&yacute; ses stal spole\u010dn&iacute;kem lid&iacute;, kter&yacute; ses zastavil u&nbsp;pot\u0159ebn&yacute;ch, kter&yacute; jsi l&eacute;\u010dil a&nbsp;uzdravoval, kter&yacute; jsi m\u011bl soucit s&nbsp;chud&yacute;mi, pohle\u010f na pot\u0159eby na&scaron;eho \u017eivota, p\u0159ibli\u017e se n&aacute;m a&nbsp;zastav se u&nbsp;n&aacute;s, vysly&scaron; na&scaron;e lkan&iacute; a&nbsp;zachra\u0148 n&aacute;s, abychom se tak&eacute; my, uzdraveni tvou l&aacute;skou, stali schopn&yacute;mi l&aacute;sky a&nbsp;milosrdenstv&iacute;, nyn&iacute; i&nbsp;v\u017edycky. Amen.<\/p>\n","protected":false},"author":1,"featured_media":0,"parent":698,"menu_order":0,"comment_status":"open","ping_status":"open","template":"","meta":{"_uag_custom_page_level_css":"","jetpack_post_was_ever_published":false,"footnotes":""},"class_list":["post-975","page","type-page","status-publish"],"uagb_featured_image_src":{"full":false,"thumbnail":false,"medium":false,"medium_large":false,"large":false,"1536x1536":false,"2048x2048":false},"uagb_author_info":{"display_name":"Pavel","author_link":"https:\/\/www.texty.santegidio.cz\/?author=1"},"uagb_comment_info":0,"uagb_excerpt":"&Oacute;&nbsp;Pane, kter&yacute; ses stal spole\u010dn&iacute;kem lid&iacute;, kter&yacute; ses zastavil u&nbsp;pot\u0159ebn&yacute;ch, kter&yacute; jsi l&eacute;\u010dil a&nbsp;uzdravoval, kter&yacute; jsi m\u011bl soucit s&nbsp;chud&yacute;mi, pohle\u010f na pot\u0159eby na&scaron;eho \u017eivota, p\u0159ibli\u017e se n&aacute;m a&nbsp;zastav se u&nbsp;n&aacute;s, vysly&scaron; na&scaron;e lkan&iacute; a&nbsp;zachra\u0148 n&aacute;s, abychom se tak&eacute; my, uzdraveni tvou l&aacute;skou, stali schopn&yacute;mi l&aacute;sky a&nbsp;milosrdenstv&iacute;, nyn&iacute; i&nbsp;v\u017edycky. Amen.","jetpack_sharing_enabled":true,"jetpack_shortlink":"https:\/\/wp.me\/PawMsT-fJ","_links":{"self":[{"href":"https:\/\/www.texty.santegidio.cz\/index.php?rest_route=\/wp\/v2\/pages\/975","targetHints":{"allow":["GET"]}}],"collection":[{"href":"https:\/\/www.texty.santegidio.cz\/index.php?rest_route=\/wp\/v2\/pages"}],"about":[{"href":"https:\/\/www.texty.santegidio.cz\/index.php?rest_route=\/wp\/v2\/types\/page"}],"author":[{"embeddable":true,"href":"https:\/\/www.texty.santegidio.cz\/index.php?rest_route=\/wp\/v2\/users\/1"}],"replies":[{"embeddable":true,"href":"https:\/\/www.texty.santegidio.cz\/index.php?rest_route=%2Fwp%2Fv2%2Fcomments&post=975"}],"version-history":[{"count":0,"href":"https:\/\/www.texty.santegidio.cz\/index.php?rest_route=\/wp\/v2\/pages\/975\/revisions"}],"up":[{"embeddable":true,"href":"https:\/\/www.texty.santegidio.cz\/index.php?rest_route=\/wp\/v2\/pages\/698"}],"wp:attachment":[{"href":"https:\/\/www.texty.santegidio.cz\/index.php?rest_route=%2Fwp%2Fv2%2Fmedia&parent=975"}],"curies":[{"name":"wp","href":"https:\/\/api.w.org\/{rel}","templated":true}]}}