{"id":974,"date":"2018-10-10T14:09:17","date_gmt":"2018-10-10T12:09:17","guid":{"rendered":"http:\/\/www.texty.santegidio.cz?page_id=974"},"modified":"2018-10-10T14:09:17","modified_gmt":"2018-10-10T12:09:17","slug":"modlitba-za-dar-pokoje","status":"publish","type":"page","link":"https:\/\/www.texty.santegidio.cz\/?page_id=974","title":{"rendered":"Modlitba za dar pokoje"},"content":{"rendered":"<p>Prosme,<br \/> aby nad n&aacute;mi vl&aacute;dl P&aacute;n Je\u017e&iacute;&scaron;<br \/> a&nbsp;dal n&aacute;m sv\u016fj pokoj;<br \/> aby byla na&scaron;e zem\u011b<br \/> osvobozena od v&aacute;lek<br \/> a&nbsp;ka\u017ed&eacute;ho n&aacute;sil&iacute;;<br \/> aby ka\u017ed&yacute; znovu \u017eil pokojn\u011b.<br \/> Pod ochranou Otce, Syna<br \/> a&nbsp;Ducha svat&eacute;ho<br \/> a\u0165 najde du&scaron;e odpo\u010dinek,<br \/> a\u0165 v\u017edy znovu nalezneme m&iacute;r<br \/> du&scaron;e i&nbsp;t\u011bla, <br \/> nyn&iacute; i&nbsp;v\u017edycky.<br \/> Amen.<\/p>\n<p><\/p>\n","protected":false},"excerpt":{"rendered":"<p>Prosme, aby nad n&aacute;mi vl&aacute;dl P&aacute;n Je\u017e&iacute;&scaron; a&nbsp;dal n&aacute;m sv\u016fj pokoj; aby byla na&scaron;e zem\u011b osvobozena od v&aacute;lek a&nbsp;ka\u017ed&eacute;ho n&aacute;sil&iacute;; aby ka\u017ed&yacute; znovu \u017eil pokojn\u011b. Pod ochranou Otce, Syna a&nbsp;Ducha svat&eacute;ho a\u0165 najde du&scaron;e odpo\u010dinek, a\u0165 v\u017edy znovu nalezneme m&iacute;r du&scaron;e i&nbsp;t\u011bla, nyn&iacute; i&nbsp;v\u017edycky. Amen.<\/p>\n","protected":false},"author":1,"featured_media":0,"parent":698,"menu_order":0,"comment_status":"open","ping_status":"open","template":"","meta":{"_uag_custom_page_level_css":"","jetpack_post_was_ever_published":false,"footnotes":""},"class_list":["post-974","page","type-page","status-publish"],"uagb_featured_image_src":{"full":false,"thumbnail":false,"medium":false,"medium_large":false,"large":false,"1536x1536":false,"2048x2048":false},"uagb_author_info":{"display_name":"Pavel","author_link":"https:\/\/www.texty.santegidio.cz\/?author=1"},"uagb_comment_info":0,"uagb_excerpt":"Prosme, aby nad n&aacute;mi vl&aacute;dl P&aacute;n Je\u017e&iacute;&scaron; a&nbsp;dal n&aacute;m sv\u016fj pokoj; aby byla na&scaron;e zem\u011b osvobozena od v&aacute;lek a&nbsp;ka\u017ed&eacute;ho n&aacute;sil&iacute;; aby ka\u017ed&yacute; znovu \u017eil pokojn\u011b. Pod ochranou Otce, Syna a&nbsp;Ducha svat&eacute;ho a\u0165 najde du&scaron;e odpo\u010dinek, a\u0165 v\u017edy znovu nalezneme m&iacute;r du&scaron;e i&nbsp;t\u011bla, nyn&iacute; i&nbsp;v\u017edycky. Amen.","jetpack_sharing_enabled":true,"jetpack_shortlink":"https:\/\/wp.me\/PawMsT-fI","_links":{"self":[{"href":"https:\/\/www.texty.santegidio.cz\/index.php?rest_route=\/wp\/v2\/pages\/974","targetHints":{"allow":["GET"]}}],"collection":[{"href":"https:\/\/www.texty.santegidio.cz\/index.php?rest_route=\/wp\/v2\/pages"}],"about":[{"href":"https:\/\/www.texty.santegidio.cz\/index.php?rest_route=\/wp\/v2\/types\/page"}],"author":[{"embeddable":true,"href":"https:\/\/www.texty.santegidio.cz\/index.php?rest_route=\/wp\/v2\/users\/1"}],"replies":[{"embeddable":true,"href":"https:\/\/www.texty.santegidio.cz\/index.php?rest_route=%2Fwp%2Fv2%2Fcomments&post=974"}],"version-history":[{"count":0,"href":"https:\/\/www.texty.santegidio.cz\/index.php?rest_route=\/wp\/v2\/pages\/974\/revisions"}],"up":[{"embeddable":true,"href":"https:\/\/www.texty.santegidio.cz\/index.php?rest_route=\/wp\/v2\/pages\/698"}],"wp:attachment":[{"href":"https:\/\/www.texty.santegidio.cz\/index.php?rest_route=%2Fwp%2Fv2%2Fmedia&parent=974"}],"curies":[{"name":"wp","href":"https:\/\/api.w.org\/{rel}","templated":true}]}}