{"id":972,"date":"2018-10-10T14:09:17","date_gmt":"2018-10-10T12:09:17","guid":{"rendered":"http:\/\/www.texty.santegidio.cz?page_id=972"},"modified":"2018-10-10T14:09:17","modified_gmt":"2018-10-10T12:09:17","slug":"modlitba-za-mir","status":"publish","type":"page","link":"https:\/\/www.texty.santegidio.cz\/?page_id=972","title":{"rendered":"Modlitba za m\u00edr"},"content":{"rendered":"<p>&Oacute;&nbsp;Pane Bo\u017ee, stvo\u0159iteli a&nbsp;oporo v&scaron;ech,<br \/> kter&eacute; jsi stvo\u0159il ve viditeln&eacute;m i&nbsp;neviditeln&eacute;m sv\u011bt\u011b<br \/> hojnost&iacute; l&aacute;sky,<br \/> ty, kdo v&scaron;echny podep&iacute;r&aacute;&scaron; svou pravic&iacute;,<br \/> pros&iacute;me t\u011b v&nbsp;tento den,<br \/> vysly&scaron; n&aacute;s, smiluj se, spas n&aacute;s!<\/p>\n<p> Pros&iacute;me t\u011b, dobr&yacute; Bo\u017ee,<br \/> nejen za n&aacute;s a&nbsp;za n&aacute;&scaron; lid,<br \/> ale za v&scaron;echny n&aacute;rody sv\u011bta,<br \/> v&nbsp;nich\u017e kv\u016fli mnoh&yacute;m nepravostem<br \/> uhasl plamen l&aacute;sky,<br \/> za\u017eehl se ohe\u0148 nen&aacute;visti.<\/p>\n<p> Pros&iacute;me t\u011b, v&scaron;emohouc&iacute; a&nbsp;milosrdn&yacute; Bo\u017ee,<br \/> vzdal od n&aacute;s ohe\u0148 nen&aacute;visti,<br \/> za\u017eehni plamen l&aacute;sky<br \/> v&nbsp;srdc&iacute;ch v&scaron;ech n&aacute;rod\u016f.<\/p>\n<p> Bo\u017ee, kter&yacute; jsi zjevil lidem pravdu<br \/> a&nbsp;sv\u011bd\u010dil jsi o&nbsp;l&aacute;sce skrze sv&eacute;ho Syna,<br \/> P&aacute;na na&scaron;eho Je\u017e&iacute;&scaron;e Krista, uk\u0159i\u017eovan&eacute;ho a&nbsp;vzk\u0159&iacute;&scaron;en&eacute;ho;<br \/> vskutku spravedliv&yacute; je tv\u016fj hn\u011bv<br \/> nad na&scaron;&iacute;m pokolen&iacute;m,<br \/> proto\u017ee mnoz&iacute; pohrdli pravdou.<br \/> Obr&aacute;tili se k&nbsp;fale&scaron;n&yacute;m boh\u016fm, kte\u0159&iacute; je zavedli <br \/> do pou&scaron;t\u011b zatracen&iacute;, l\u017ei, nen&aacute;visti a&nbsp;zlo\u010dinu.<\/p>\n<p> Ty jedin&yacute; n&aacute;s m\u016f\u017ee&scaron; p\u0159iv&eacute;st na pravou cestu,<br \/> v&nbsp;pok&aacute;n&iacute; k&nbsp;tob\u011b vol&aacute;me:<br \/> &oacute;&nbsp;v&scaron;emohouc&iacute; Kriste,<br \/> ty, kter&yacute; jsi uti&scaron;il rozbou\u0159en&eacute; mo\u0159e,<br \/> uti&scaron; tak&eacute; bou\u0159i nen&aacute;visti,<br \/> kter&aacute; n&aacute;s dnes pohlcuje.<\/p>\n<p> Ty, kdo jsi uzdravil malomocn&eacute;,<br \/> uzdrav n&aacute;s od malomocenstv&iacute; nen&aacute;visti a&nbsp;n&aacute;sil&iacute;;<br \/> ty, kdo jsi otev\u0159el o\u010di slep&eacute;mu,<br \/> otev\u0159i duchovn&iacute; o\u010di lid&iacute;,<br \/> aby dnes rozpoznali v&nbsp;druh&eacute;m bratra,<br \/> a&nbsp;ne nep\u0159&iacute;tele.<\/p>\n<p> Ty, kter&yacute; jsi dal l&aacute;sku v&nbsp;d\u011bdictv&iacute; sv&yacute;m u\u010dedn&iacute;k\u016fm,<br \/> znovu za\u017eehni Bo\u017e&iacute; l&aacute;sku v&nbsp;srdc&iacute;ch t\u011bch,<br \/> kdo jsou nep\u0159&aacute;teli.<br \/> Rozmno\u017e, &oacute;&nbsp;Pane, l&aacute;sku na zemi,<br \/> p\u0159ij\u010f tv&eacute; kr&aacute;lovstv&iacute;.<\/p>\n<p> Jsme unaveni, chladn&iacute; nen&aacute;vist&iacute;,<br \/> dej, a\u0165 se m\u016f\u017eeme zah\u0159&aacute;t sluncem l&aacute;sky<br \/> a&nbsp;v&scaron;ichni m\u016f\u017eeme rozeznat,<br \/> \u017ee l&aacute;ska je nejv\u011bt&scaron;&iacute; v\u011bc,<br \/> nejv\u011bt&scaron;&iacute; s&iacute;la na sv\u011bt\u011b.<\/p>\n<p> L&aacute;ska d&aacute;v&aacute; s&iacute;lu, d&aacute;v&aacute; &uacute;t\u011bchu,<br \/> p\u0159in&aacute;&scaron;&iacute; v&iacute;t\u011bzstv&iacute;, l&eacute;\u010d&iacute; ka\u017edou nemoc,<br \/> a\u0165 du&scaron;e \u010di t\u011bla,<br \/> n&aacute;sob&iacute; v&scaron;e dobr&eacute;, ka\u017ed&eacute; bohatstv&iacute;,<br \/> ka\u017edou zemskou sl&aacute;vu a&nbsp;p\u0159ekon&aacute;v&aacute; v&scaron;echno pozn&aacute;n&iacute;.<br \/> L&aacute;ska je siln\u011bj&scaron;&iacute; ne\u017e smrt a&nbsp;peklo<br \/> a&nbsp;jej&iacute;m prost\u0159ednictv&iacute;m jsou lid&eacute;<br \/> p\u0159iv&aacute;d\u011bni do v\u011b\u010dn&eacute;ho \u017eivota.<br \/> Amen.<br \/> <em>(Oficium za m&iacute;r byzantsk&eacute; liturgie) <\/em><\/p>\n","protected":false},"excerpt":{"rendered":"<p>&Oacute;&nbsp;Pane Bo\u017ee, stvo\u0159iteli a&nbsp;oporo v&scaron;ech, kter&eacute; jsi stvo\u0159il ve viditeln&eacute;m i&nbsp;neviditeln&eacute;m sv\u011bt\u011b hojnost&iacute; l&aacute;sky, ty, kdo v&scaron;echny podep&iacute;r&aacute;&scaron; svou pravic&iacute;, pros&iacute;me t\u011b v&nbsp;tento den, vysly&scaron; n&aacute;s, smiluj se, spas n&aacute;s! Pros&iacute;me t\u011b, dobr&yacute; Bo\u017ee, nejen za n&aacute;s a&nbsp;za n&aacute;&scaron; lid, ale za v&scaron;echny n&aacute;rody sv\u011bta, v&nbsp;nich\u017e kv\u016fli mnoh&yacute;m nepravostem uhasl plamen l&aacute;sky, za\u017eehl se ohe\u0148 &#8230; <a title=\"Modlitba za m\u00edr\" class=\"read-more\" href=\"https:\/\/www.texty.santegidio.cz\/?page_id=972\" aria-label=\"More on Modlitba za m\u00edr\">Read more<\/a><\/p>\n","protected":false},"author":1,"featured_media":0,"parent":698,"menu_order":0,"comment_status":"open","ping_status":"open","template":"","meta":{"_uag_custom_page_level_css":"","jetpack_post_was_ever_published":false,"footnotes":""},"class_list":["post-972","page","type-page","status-publish"],"uagb_featured_image_src":{"full":false,"thumbnail":false,"medium":false,"medium_large":false,"large":false,"1536x1536":false,"2048x2048":false},"uagb_author_info":{"display_name":"Pavel","author_link":"https:\/\/www.texty.santegidio.cz\/?author=1"},"uagb_comment_info":0,"uagb_excerpt":"&Oacute;&nbsp;Pane Bo\u017ee, stvo\u0159iteli a&nbsp;oporo v&scaron;ech, kter&eacute; jsi stvo\u0159il ve viditeln&eacute;m i&nbsp;neviditeln&eacute;m sv\u011bt\u011b hojnost&iacute; l&aacute;sky, ty, kdo v&scaron;echny podep&iacute;r&aacute;&scaron; svou pravic&iacute;, pros&iacute;me t\u011b v&nbsp;tento den, vysly&scaron; n&aacute;s, smiluj se, spas n&aacute;s! Pros&iacute;me t\u011b, dobr&yacute; Bo\u017ee, nejen za n&aacute;s a&nbsp;za n&aacute;&scaron; lid, ale za v&scaron;echny n&aacute;rody sv\u011bta, v&nbsp;nich\u017e kv\u016fli mnoh&yacute;m nepravostem uhasl plamen l&aacute;sky, za\u017eehl se ohe\u0148&hellip;","jetpack_sharing_enabled":true,"jetpack_shortlink":"https:\/\/wp.me\/PawMsT-fG","_links":{"self":[{"href":"https:\/\/www.texty.santegidio.cz\/index.php?rest_route=\/wp\/v2\/pages\/972","targetHints":{"allow":["GET"]}}],"collection":[{"href":"https:\/\/www.texty.santegidio.cz\/index.php?rest_route=\/wp\/v2\/pages"}],"about":[{"href":"https:\/\/www.texty.santegidio.cz\/index.php?rest_route=\/wp\/v2\/types\/page"}],"author":[{"embeddable":true,"href":"https:\/\/www.texty.santegidio.cz\/index.php?rest_route=\/wp\/v2\/users\/1"}],"replies":[{"embeddable":true,"href":"https:\/\/www.texty.santegidio.cz\/index.php?rest_route=%2Fwp%2Fv2%2Fcomments&post=972"}],"version-history":[{"count":0,"href":"https:\/\/www.texty.santegidio.cz\/index.php?rest_route=\/wp\/v2\/pages\/972\/revisions"}],"up":[{"embeddable":true,"href":"https:\/\/www.texty.santegidio.cz\/index.php?rest_route=\/wp\/v2\/pages\/698"}],"wp:attachment":[{"href":"https:\/\/www.texty.santegidio.cz\/index.php?rest_route=%2Fwp%2Fv2%2Fmedia&parent=972"}],"curies":[{"name":"wp","href":"https:\/\/api.w.org\/{rel}","templated":true}]}}