{"id":971,"date":"2018-10-10T14:09:17","date_gmt":"2018-10-10T12:09:17","guid":{"rendered":"http:\/\/www.texty.santegidio.cz?page_id=971"},"modified":"2018-10-10T14:09:17","modified_gmt":"2018-10-10T12:09:17","slug":"modlitba-v-souzeni","status":"publish","type":"page","link":"https:\/\/www.texty.santegidio.cz\/?page_id=971","title":{"rendered":"Modlitba v sou\u017een\u00ed"},"content":{"rendered":"<p>Vol&aacute;me k&nbsp;P&aacute;nu<br \/> up\u0159&iacute;mn\u011b a&nbsp;svorn\u011b,<br \/> ani\u017e bychom n\u011bkdy p\u0159estali prosit,<br \/> v&nbsp;d\u016fv\u011b\u0159e, \u017ee dostaneme.<br \/> Vz&yacute;v&aacute;me ho lkaj&iacute;ce a&nbsp;pla\u010d&iacute;ce.<br \/> Pros&iacute;me ho,<br \/> aby p\u0159i&scaron;el brzy obnovit pokoj,<br \/> aby n&aacute;m byla d&aacute;na pomoc v&nbsp;nebezpe\u010denstv&iacute;,<br \/> jistota na&scaron;&iacute; v\u011b\u010dn&eacute; sp&aacute;sy,<br \/> klid po de&scaron;ti,<br \/> sv\u011btlo po tm\u011b,<br \/> klid dobroty<br \/> po bou\u0159&iacute;ch a&nbsp;p\u0159evratech,<br \/> slitovn&aacute; pomoc jeho otcovsk&eacute; l&aacute;sky,<br \/> n&aacute;m zjeven&eacute; velikosti<br \/> bo\u017esk&eacute;ho majest&aacute;tu.<br \/> Amen.<br \/> <em>(Cypri&aacute;n)<\/em><\/p>\n<p><\/p>\n","protected":false},"excerpt":{"rendered":"<p>Vol&aacute;me k&nbsp;P&aacute;nu up\u0159&iacute;mn\u011b a&nbsp;svorn\u011b, ani\u017e bychom n\u011bkdy p\u0159estali prosit, v&nbsp;d\u016fv\u011b\u0159e, \u017ee dostaneme. Vz&yacute;v&aacute;me ho lkaj&iacute;ce a&nbsp;pla\u010d&iacute;ce. Pros&iacute;me ho, aby p\u0159i&scaron;el brzy obnovit pokoj, aby n&aacute;m byla d&aacute;na pomoc v&nbsp;nebezpe\u010denstv&iacute;, jistota na&scaron;&iacute; v\u011b\u010dn&eacute; sp&aacute;sy, klid po de&scaron;ti, sv\u011btlo po tm\u011b, klid dobroty po bou\u0159&iacute;ch a&nbsp;p\u0159evratech, slitovn&aacute; pomoc jeho otcovsk&eacute; l&aacute;sky, n&aacute;m zjeven&eacute; velikosti bo\u017esk&eacute;ho majest&aacute;tu. Amen. &#8230; <a title=\"Modlitba v sou\u017een\u00ed\" class=\"read-more\" href=\"https:\/\/www.texty.santegidio.cz\/?page_id=971\" aria-label=\"More on Modlitba v sou\u017een\u00ed\">Read more<\/a><\/p>\n","protected":false},"author":1,"featured_media":0,"parent":698,"menu_order":0,"comment_status":"open","ping_status":"open","template":"","meta":{"_uag_custom_page_level_css":"","jetpack_post_was_ever_published":false,"footnotes":""},"class_list":["post-971","page","type-page","status-publish"],"uagb_featured_image_src":{"full":false,"thumbnail":false,"medium":false,"medium_large":false,"large":false,"1536x1536":false,"2048x2048":false},"uagb_author_info":{"display_name":"Pavel","author_link":"https:\/\/www.texty.santegidio.cz\/?author=1"},"uagb_comment_info":0,"uagb_excerpt":"Vol&aacute;me k&nbsp;P&aacute;nu up\u0159&iacute;mn\u011b a&nbsp;svorn\u011b, ani\u017e bychom n\u011bkdy p\u0159estali prosit, v&nbsp;d\u016fv\u011b\u0159e, \u017ee dostaneme. Vz&yacute;v&aacute;me ho lkaj&iacute;ce a&nbsp;pla\u010d&iacute;ce. Pros&iacute;me ho, aby p\u0159i&scaron;el brzy obnovit pokoj, aby n&aacute;m byla d&aacute;na pomoc v&nbsp;nebezpe\u010denstv&iacute;, jistota na&scaron;&iacute; v\u011b\u010dn&eacute; sp&aacute;sy, klid po de&scaron;ti, sv\u011btlo po tm\u011b, klid dobroty po bou\u0159&iacute;ch a&nbsp;p\u0159evratech, slitovn&aacute; pomoc jeho otcovsk&eacute; l&aacute;sky, n&aacute;m zjeven&eacute; velikosti bo\u017esk&eacute;ho majest&aacute;tu. Amen.&hellip;","jetpack_sharing_enabled":true,"jetpack_shortlink":"https:\/\/wp.me\/PawMsT-fF","_links":{"self":[{"href":"https:\/\/www.texty.santegidio.cz\/index.php?rest_route=\/wp\/v2\/pages\/971","targetHints":{"allow":["GET"]}}],"collection":[{"href":"https:\/\/www.texty.santegidio.cz\/index.php?rest_route=\/wp\/v2\/pages"}],"about":[{"href":"https:\/\/www.texty.santegidio.cz\/index.php?rest_route=\/wp\/v2\/types\/page"}],"author":[{"embeddable":true,"href":"https:\/\/www.texty.santegidio.cz\/index.php?rest_route=\/wp\/v2\/users\/1"}],"replies":[{"embeddable":true,"href":"https:\/\/www.texty.santegidio.cz\/index.php?rest_route=%2Fwp%2Fv2%2Fcomments&post=971"}],"version-history":[{"count":0,"href":"https:\/\/www.texty.santegidio.cz\/index.php?rest_route=\/wp\/v2\/pages\/971\/revisions"}],"up":[{"embeddable":true,"href":"https:\/\/www.texty.santegidio.cz\/index.php?rest_route=\/wp\/v2\/pages\/698"}],"wp:attachment":[{"href":"https:\/\/www.texty.santegidio.cz\/index.php?rest_route=%2Fwp%2Fv2%2Fmedia&parent=971"}],"curies":[{"name":"wp","href":"https:\/\/api.w.org\/{rel}","templated":true}]}}