{"id":970,"date":"2018-10-10T14:09:17","date_gmt":"2018-10-10T12:09:17","guid":{"rendered":"http:\/\/www.texty.santegidio.cz?page_id=970"},"modified":"2018-10-10T14:09:17","modified_gmt":"2018-10-10T12:09:17","slug":"modlitba-za-ochranu","status":"publish","type":"page","link":"https:\/\/www.texty.santegidio.cz\/?page_id=970","title":{"rendered":"Modlitba za ochranu"},"content":{"rendered":"<p>Mocn&yacute; a&nbsp;nestrann&yacute; ochr&aacute;n\u010de,<br \/> chra\u0148 tento sv\u016fj lid,<br \/> kter&yacute; sis vyvolil z&nbsp;tis&iacute;c\u016f,<br \/> jej\u017e jsi vykoupil<br \/> vz&aacute;cnou krv&iacute; tv&eacute;ho Krista.<\/p>\n<p> Ochr&aacute;nce, pomocn&iacute;ku,<br \/> nejpevn\u011bj&scaron;&iacute; oporo, jist&aacute; n&aacute;pravo,<br \/> proto\u017ee nikdo nem\u016f\u017ee nic vyrvat<br \/> z&nbsp;tv&eacute; ruky,<br \/> nen&iacute; Boha, jako ty,<br \/> proto tob\u011b se sv\u011b\u0159uje na&scaron;e vytrvalost.<br \/> Posv\u011b\u0165 n&aacute;s ve sv&eacute; pravd\u011b,<br \/> proto\u017ee tv&eacute; Slovo je pravda.<br \/> Osvobo\u010f n&aacute;s od ka\u017ed&eacute; nemoci, posti\u017een&iacute;,<br \/> proh\u0159e&scaron;ku, ur&aacute;\u017eky a&nbsp;podvodu, strachu z&nbsp;nep\u0159&iacute;tele,<br \/> od sp\u011bchu, kter&yacute; krade den,<br \/> od obt&iacute;\u017e&iacute;, kter&eacute; p\u0159ich&aacute;zej&iacute; v&nbsp;noci.<\/p>\n<p> U\u010di\u0148 n&aacute;s hodn&yacute;mi v\u011b\u010dn&eacute;ho \u017eivota<br \/> v&nbsp;Kristu, tv&eacute;m jednorozen&eacute;m Synu,<br \/> Bo\u017ee a&nbsp;n&aacute;&scaron; Spasiteli,<br \/> proto ti budi\u017e sl&aacute;va, &uacute;cta<br \/> v&nbsp;Duchu svat&eacute;m, nyn&iacute; i&nbsp;v\u017edycky<br \/> a&nbsp;na v\u011bky v\u011bk\u016f.<br \/> Amen.<br \/> <em>(Byzantsk&yacute; euchologion, VIII.&nbsp;stolet&iacute;)<\/em><\/p>\n","protected":false},"excerpt":{"rendered":"<p>Mocn&yacute; a&nbsp;nestrann&yacute; ochr&aacute;n\u010de, chra\u0148 tento sv\u016fj lid, kter&yacute; sis vyvolil z&nbsp;tis&iacute;c\u016f, jej\u017e jsi vykoupil vz&aacute;cnou krv&iacute; tv&eacute;ho Krista. Ochr&aacute;nce, pomocn&iacute;ku, nejpevn\u011bj&scaron;&iacute; oporo, jist&aacute; n&aacute;pravo, proto\u017ee nikdo nem\u016f\u017ee nic vyrvat z&nbsp;tv&eacute; ruky, nen&iacute; Boha, jako ty, proto tob\u011b se sv\u011b\u0159uje na&scaron;e vytrvalost. Posv\u011b\u0165 n&aacute;s ve sv&eacute; pravd\u011b, proto\u017ee tv&eacute; Slovo je pravda. Osvobo\u010f n&aacute;s od ka\u017ed&eacute; &#8230; <a title=\"Modlitba za ochranu\" class=\"read-more\" href=\"https:\/\/www.texty.santegidio.cz\/?page_id=970\" aria-label=\"More on Modlitba za ochranu\">Read more<\/a><\/p>\n","protected":false},"author":1,"featured_media":0,"parent":698,"menu_order":0,"comment_status":"open","ping_status":"open","template":"","meta":{"_uag_custom_page_level_css":"","jetpack_post_was_ever_published":false,"footnotes":""},"class_list":["post-970","page","type-page","status-publish"],"uagb_featured_image_src":{"full":false,"thumbnail":false,"medium":false,"medium_large":false,"large":false,"1536x1536":false,"2048x2048":false},"uagb_author_info":{"display_name":"Pavel","author_link":"https:\/\/www.texty.santegidio.cz\/?author=1"},"uagb_comment_info":0,"uagb_excerpt":"Mocn&yacute; a&nbsp;nestrann&yacute; ochr&aacute;n\u010de, chra\u0148 tento sv\u016fj lid, kter&yacute; sis vyvolil z&nbsp;tis&iacute;c\u016f, jej\u017e jsi vykoupil vz&aacute;cnou krv&iacute; tv&eacute;ho Krista. Ochr&aacute;nce, pomocn&iacute;ku, nejpevn\u011bj&scaron;&iacute; oporo, jist&aacute; n&aacute;pravo, proto\u017ee nikdo nem\u016f\u017ee nic vyrvat z&nbsp;tv&eacute; ruky, nen&iacute; Boha, jako ty, proto tob\u011b se sv\u011b\u0159uje na&scaron;e vytrvalost. Posv\u011b\u0165 n&aacute;s ve sv&eacute; pravd\u011b, proto\u017ee tv&eacute; Slovo je pravda. Osvobo\u010f n&aacute;s od ka\u017ed&eacute;&hellip;","jetpack_sharing_enabled":true,"jetpack_shortlink":"https:\/\/wp.me\/PawMsT-fE","_links":{"self":[{"href":"https:\/\/www.texty.santegidio.cz\/index.php?rest_route=\/wp\/v2\/pages\/970","targetHints":{"allow":["GET"]}}],"collection":[{"href":"https:\/\/www.texty.santegidio.cz\/index.php?rest_route=\/wp\/v2\/pages"}],"about":[{"href":"https:\/\/www.texty.santegidio.cz\/index.php?rest_route=\/wp\/v2\/types\/page"}],"author":[{"embeddable":true,"href":"https:\/\/www.texty.santegidio.cz\/index.php?rest_route=\/wp\/v2\/users\/1"}],"replies":[{"embeddable":true,"href":"https:\/\/www.texty.santegidio.cz\/index.php?rest_route=%2Fwp%2Fv2%2Fcomments&post=970"}],"version-history":[{"count":0,"href":"https:\/\/www.texty.santegidio.cz\/index.php?rest_route=\/wp\/v2\/pages\/970\/revisions"}],"up":[{"embeddable":true,"href":"https:\/\/www.texty.santegidio.cz\/index.php?rest_route=\/wp\/v2\/pages\/698"}],"wp:attachment":[{"href":"https:\/\/www.texty.santegidio.cz\/index.php?rest_route=%2Fwp%2Fv2%2Fmedia&parent=970"}],"curies":[{"name":"wp","href":"https:\/\/api.w.org\/{rel}","templated":true}]}}