{"id":97,"date":"2018-12-12T10:15:06","date_gmt":"2018-12-12T09:15:06","guid":{"rendered":"http:\/\/www.texty.santegidio.cz?page_id=97"},"modified":"2018-12-12T10:15:07","modified_gmt":"2018-12-12T09:15:07","slug":"zalm-45","status":"publish","type":"page","link":"https:\/\/www.texty.santegidio.cz\/?page_id=97","title":{"rendered":"\u017dalm 45"},"content":{"rendered":"<p>Zp\u00edv\u00e1me tob\u011b Pane, sv\u00e9mu Bohu a kr\u00e1li.<\/p>\n<p>= <sup>2<\/span><\/sup> Srdce mi kyp\u00ed radostn\u00fdmi slovy,\u2020<br \/>svou p\u00edse\u0148 nyn\u00ed kr\u00e1li zazp\u00edv\u00e1m.<br \/>M\u016fj jazyk &#8211; rydlo rychl<strong>o<\/strong>p\u00edsa\u0159e.<\/p>\n<p>= <sup>3<\/span><\/sup> Jsi ze v\u0161ech lidsk\u00fdch syn\u016f nejkr\u00e1sn\u011bj\u0161\u00ed,\u2020<br \/>spanilost se ti po rtech rozl\u00e9v\u00e1,<br \/>P\u00e1n proto po\u017eehnal t<strong>i<\/strong> nav\u011bky.<\/p>\n<p>&#8211; <sup>4<\/span><\/sup> Op\u00e1sej me\u010dem, hrdino, sv\u00e1 bedra;<br \/>ve vzne\u0161enosti sv\u00e9 <strong>a<\/strong> n\u00e1dhe\u0159e<\/p>\n<p>&#8211; <sup>5<\/span><\/sup> do boje vyraz za pravdu a pr\u00e1vo,<br \/>a\u0165 kon\u00e1 divy tv<strong>o<\/strong>je pravice!<\/p>\n<p>&#8211; <sup>6<\/span><\/sup> Pod tv\u00fdmi \u0161\u00edpy n\u00e1rody se sklon\u00ed,<br \/>odp\u016frci kr\u00e1le kl<strong>e<\/strong>snou na mysli.<\/p>\n<p>&#8211; <sup>7<\/span><\/sup> Tv\u016fj bo\u017esk\u00fd stolec trv\u00e1 do v\u011b\u010dnosti,<br \/>\u017eezlo tv\u00e9 vl\u00e1dy &#8211; \u017e<strong>e<\/strong>zlo nestrann\u00e9.<\/p>\n<p>= <sup>8<\/span><\/sup> Miluje\u0161 pr\u00e1vo, nen\u00e1vid\u00ed\u0161 k\u0159ivdu,\u2020<br \/>a proto pomazal t\u011b P\u00e1n, tv\u016fj B\u016fh,<br \/>olejem radosti j<strong>a<\/strong>k \u017e\u00e1dn\u00e9ho.<\/p>\n<p>&#8211; <sup>9<\/span><\/sup> Tv\u00e1 roucha von\u00ed alo\u00ed a myrhou,<br \/>ze s\u00edn\u00ed slonov\u00fdch t<strong>i<\/strong> harfy zn\u00ed.<\/p>\n<p>= <sup>10<\/span><\/sup> Kr\u00e1lovsk\u00e9 dcery vst\u0159\u00edc ti vych\u00e1zej\u00ed,\u2020<br \/>kr\u00e1lovna stoj\u00ed po tv\u00e9 pravici,<br \/>ofirsk\u00fdm zlatem skv<strong>\u011b<\/strong>le zdoben\u00e1.<\/p>\n<p>&#8211; <sup>11<\/span><\/sup> Sly\u0161, dcero, pohle\u010f sem a naklo\u0148 ucho,<br \/>zapome\u0148 na sv\u016fj lid <strong>a<\/strong> otc\u016fv d\u016fm!<\/p>\n<p>&#8211; <sup>12<\/span><\/sup> Kr\u00e1l s dychtivost\u00ed tou\u017e\u00ed po tv\u00e9 kr\u00e1se;<br \/>on je tv\u016fj p\u00e1n a p\u0159ed n<strong>\u00ed<\/strong>m te\u010f se sklo\u0148!<\/p>\n<p>&#8211; <sup>13<\/span><\/sup> I dcery Tyru p\u0159ich\u00e1zej\u00ed s dary,<br \/>boh\u00e1\u010di ze v\u0161ech c<strong>i<\/strong>z\u00edch n\u00e1rod\u016f.<\/p>\n<p>&#8211; <sup>14<\/span><\/sup> Kr\u00e1lovsk\u00e1 dcera vch\u00e1z\u00ed v pln\u00e9 kr\u00e1se,<br \/>perlami, zlatem \u0161at m<strong>\u00e1<\/strong> protkan\u00fd.<\/p>\n<p>&#8211; <sup>15<\/span><\/sup> Ve t\u0159pytn\u00e9m rouchu p\u0159ed kr\u00e1le ji vedou;<br \/>a pr\u016fvod panen p\u0159iv<strong>\u00e1<\/strong>d\u011bj\u00ed s n\u00ed.<br \/>&#8211; Dru\u017ei\u010dky vedou, jej\u00ed dru\u017einu,<br \/><sup>16<\/span><\/sup> s j\u00e1sotem do pal<strong>\u00e1<\/strong>ce vch\u00e1zej\u00ed.<\/p>\n<p>&#8211; <sup>17<\/span><\/sup> M\u00edsto sv\u00fdch otc\u016f bude\u0161 te\u010f m\u00edt syny<br \/>a u\u010din\u00ed\u0161 je v z<strong>e<\/strong>mi kn\u00ed\u017eaty.<\/p>\n<p>&#8211; <sup>18<\/span><\/sup> Tv\u00e9 jm\u00e9no v\u0161t\u00edpit chci v\u0161em pokolen\u00edm,<br \/>a\u0165 nav\u011bky t\u011b sl<strong>a<\/strong>v\u00ed n\u00e1rody!<\/p>\n","protected":false},"excerpt":{"rendered":"<p>Zp\u00edv\u00e1me tob\u011b Pane, sv\u00e9mu Bohu a kr\u00e1li. = 2 Srdce mi kyp\u00ed radostn\u00fdmi slovy,\u2020svou p\u00edse\u0148 nyn\u00ed kr\u00e1li zazp\u00edv\u00e1m.M\u016fj jazyk &#8211; rydlo rychlop\u00edsa\u0159e. = 3 Jsi ze v\u0161ech lidsk\u00fdch syn\u016f nejkr\u00e1sn\u011bj\u0161\u00ed,\u2020spanilost se ti po rtech rozl\u00e9v\u00e1,P\u00e1n proto po\u017eehnal ti nav\u011bky. &#8211; 4 Op\u00e1sej me\u010dem, hrdino, sv\u00e1 bedra;ve vzne\u0161enosti sv\u00e9 a n\u00e1dhe\u0159e &#8211; 5 do boje vyraz &#8230; <a title=\"\u017dalm 45\" class=\"read-more\" href=\"https:\/\/www.texty.santegidio.cz\/?page_id=97\" aria-label=\"More on \u017dalm 45\">Read more<\/a><\/p>\n","protected":false},"author":1,"featured_media":0,"parent":29,"menu_order":0,"comment_status":"closed","ping_status":"closed","template":"","meta":{"_uag_custom_page_level_css":"","jetpack_post_was_ever_published":false,"footnotes":""},"class_list":["post-97","page","type-page","status-publish"],"uagb_featured_image_src":{"full":false,"thumbnail":false,"medium":false,"medium_large":false,"large":false,"1536x1536":false,"2048x2048":false},"uagb_author_info":{"display_name":"Pavel","author_link":"https:\/\/www.texty.santegidio.cz\/?author=1"},"uagb_comment_info":0,"uagb_excerpt":"Zp\u00edv\u00e1me tob\u011b Pane, sv\u00e9mu Bohu a kr\u00e1li. = 2 Srdce mi kyp\u00ed radostn\u00fdmi slovy,\u2020svou p\u00edse\u0148 nyn\u00ed kr\u00e1li zazp\u00edv\u00e1m.M\u016fj jazyk &#8211; rydlo rychlop\u00edsa\u0159e. = 3 Jsi ze v\u0161ech lidsk\u00fdch syn\u016f nejkr\u00e1sn\u011bj\u0161\u00ed,\u2020spanilost se ti po rtech rozl\u00e9v\u00e1,P\u00e1n proto po\u017eehnal ti nav\u011bky. &#8211; 4 Op\u00e1sej me\u010dem, hrdino, sv\u00e1 bedra;ve vzne\u0161enosti sv\u00e9 a n\u00e1dhe\u0159e &#8211; 5 do boje vyraz&hellip;","jetpack_sharing_enabled":true,"jetpack_shortlink":"https:\/\/wp.me\/PawMsT-1z","_links":{"self":[{"href":"https:\/\/www.texty.santegidio.cz\/index.php?rest_route=\/wp\/v2\/pages\/97","targetHints":{"allow":["GET"]}}],"collection":[{"href":"https:\/\/www.texty.santegidio.cz\/index.php?rest_route=\/wp\/v2\/pages"}],"about":[{"href":"https:\/\/www.texty.santegidio.cz\/index.php?rest_route=\/wp\/v2\/types\/page"}],"author":[{"embeddable":true,"href":"https:\/\/www.texty.santegidio.cz\/index.php?rest_route=\/wp\/v2\/users\/1"}],"replies":[{"embeddable":true,"href":"https:\/\/www.texty.santegidio.cz\/index.php?rest_route=%2Fwp%2Fv2%2Fcomments&post=97"}],"version-history":[{"count":1,"href":"https:\/\/www.texty.santegidio.cz\/index.php?rest_route=\/wp\/v2\/pages\/97\/revisions"}],"predecessor-version":[{"id":1267,"href":"https:\/\/www.texty.santegidio.cz\/index.php?rest_route=\/wp\/v2\/pages\/97\/revisions\/1267"}],"up":[{"embeddable":true,"href":"https:\/\/www.texty.santegidio.cz\/index.php?rest_route=\/wp\/v2\/pages\/29"}],"wp:attachment":[{"href":"https:\/\/www.texty.santegidio.cz\/index.php?rest_route=%2Fwp%2Fv2%2Fmedia&parent=97"}],"curies":[{"name":"wp","href":"https:\/\/api.w.org\/{rel}","templated":true}]}}