{"id":968,"date":"2018-10-10T14:09:05","date_gmt":"2018-10-10T12:09:05","guid":{"rendered":"http:\/\/www.texty.santegidio.cz?page_id=968"},"modified":"2018-10-10T14:09:05","modified_gmt":"2018-10-10T12:09:05","slug":"modlitba-v-protivenstvi","status":"publish","type":"page","link":"https:\/\/www.texty.santegidio.cz\/?page_id=968","title":{"rendered":"Modlitba v protivenstv\u00ed"},"content":{"rendered":"<p>Cel&yacute;m srdcem se modl&iacute;me<br \/> k&nbsp;v&scaron;emohouc&iacute;mu Bohu,<br \/> aby n&aacute;m dal bojovat ze v&scaron;ech sil<br \/> du&scaron;e i&nbsp;t\u011bla proti &uacute;tok\u016fm zla<br \/> a&nbsp;v&nbsp;obt&iacute;\u017e&iacute;ch \u017eivota.<br \/> A\u0165 n&aacute;s \u010das zkou&scaron;ky a&nbsp;pron&aacute;sledov&aacute;n&iacute;<br \/> nalezne p\u0159ipraven&eacute;,<br \/> aby se n&aacute;&scaron; d\u016fm nez\u0159&iacute;til<br \/> a&nbsp;n&aacute;&scaron; p\u0159&iacute;bytek nebyl zni\u010den bou\u0159emi,<br \/> jako by byl postaven na p&iacute;sku.<br \/> A&nbsp;a\u017e zavanou vichry zl&eacute;ho,<br \/> to jest nejhor&scaron;&iacute;ho z&nbsp;duch\u016f,<br \/> a\u0165 odolaj&iacute; i&nbsp;na&scaron;e d&iacute;la,<br \/> kter&aacute; odol&aacute;vala a\u017e podnes.<br \/> A&nbsp;na v&scaron;e p\u0159ipraveni<br \/> sv\u011bd\u010d&iacute;me v\u017edy o&nbsp;l&aacute;sce,<br \/> kter&aacute; poch&aacute;z&iacute; od Boha, v&nbsp;Kristu Je\u017e&iacute;&scaron;i,<br \/> na&scaron;em P&aacute;nu.<br \/> Amen.<br \/> <em>(Origenes)<\/em><\/p>\n","protected":false},"excerpt":{"rendered":"<p>Cel&yacute;m srdcem se modl&iacute;me k&nbsp;v&scaron;emohouc&iacute;mu Bohu, aby n&aacute;m dal bojovat ze v&scaron;ech sil du&scaron;e i&nbsp;t\u011bla proti &uacute;tok\u016fm zla a&nbsp;v&nbsp;obt&iacute;\u017e&iacute;ch \u017eivota. A\u0165 n&aacute;s \u010das zkou&scaron;ky a&nbsp;pron&aacute;sledov&aacute;n&iacute; nalezne p\u0159ipraven&eacute;, aby se n&aacute;&scaron; d\u016fm nez\u0159&iacute;til a&nbsp;n&aacute;&scaron; p\u0159&iacute;bytek nebyl zni\u010den bou\u0159emi, jako by byl postaven na p&iacute;sku. A&nbsp;a\u017e zavanou vichry zl&eacute;ho, to jest nejhor&scaron;&iacute;ho z&nbsp;duch\u016f, a\u0165 odolaj&iacute; i&nbsp;na&scaron;e d&iacute;la, &#8230; <a title=\"Modlitba v protivenstv\u00ed\" class=\"read-more\" href=\"https:\/\/www.texty.santegidio.cz\/?page_id=968\" aria-label=\"More on Modlitba v protivenstv\u00ed\">Read more<\/a><\/p>\n","protected":false},"author":1,"featured_media":0,"parent":698,"menu_order":0,"comment_status":"open","ping_status":"open","template":"","meta":{"_uag_custom_page_level_css":"","jetpack_post_was_ever_published":false,"footnotes":""},"class_list":["post-968","page","type-page","status-publish"],"uagb_featured_image_src":{"full":false,"thumbnail":false,"medium":false,"medium_large":false,"large":false,"1536x1536":false,"2048x2048":false},"uagb_author_info":{"display_name":"Pavel","author_link":"https:\/\/www.texty.santegidio.cz\/?author=1"},"uagb_comment_info":0,"uagb_excerpt":"Cel&yacute;m srdcem se modl&iacute;me k&nbsp;v&scaron;emohouc&iacute;mu Bohu, aby n&aacute;m dal bojovat ze v&scaron;ech sil du&scaron;e i&nbsp;t\u011bla proti &uacute;tok\u016fm zla a&nbsp;v&nbsp;obt&iacute;\u017e&iacute;ch \u017eivota. A\u0165 n&aacute;s \u010das zkou&scaron;ky a&nbsp;pron&aacute;sledov&aacute;n&iacute; nalezne p\u0159ipraven&eacute;, aby se n&aacute;&scaron; d\u016fm nez\u0159&iacute;til a&nbsp;n&aacute;&scaron; p\u0159&iacute;bytek nebyl zni\u010den bou\u0159emi, jako by byl postaven na p&iacute;sku. A&nbsp;a\u017e zavanou vichry zl&eacute;ho, to jest nejhor&scaron;&iacute;ho z&nbsp;duch\u016f, a\u0165 odolaj&iacute; i&nbsp;na&scaron;e d&iacute;la,&hellip;","jetpack_sharing_enabled":true,"jetpack_shortlink":"https:\/\/wp.me\/PawMsT-fC","_links":{"self":[{"href":"https:\/\/www.texty.santegidio.cz\/index.php?rest_route=\/wp\/v2\/pages\/968","targetHints":{"allow":["GET"]}}],"collection":[{"href":"https:\/\/www.texty.santegidio.cz\/index.php?rest_route=\/wp\/v2\/pages"}],"about":[{"href":"https:\/\/www.texty.santegidio.cz\/index.php?rest_route=\/wp\/v2\/types\/page"}],"author":[{"embeddable":true,"href":"https:\/\/www.texty.santegidio.cz\/index.php?rest_route=\/wp\/v2\/users\/1"}],"replies":[{"embeddable":true,"href":"https:\/\/www.texty.santegidio.cz\/index.php?rest_route=%2Fwp%2Fv2%2Fcomments&post=968"}],"version-history":[{"count":0,"href":"https:\/\/www.texty.santegidio.cz\/index.php?rest_route=\/wp\/v2\/pages\/968\/revisions"}],"up":[{"embeddable":true,"href":"https:\/\/www.texty.santegidio.cz\/index.php?rest_route=\/wp\/v2\/pages\/698"}],"wp:attachment":[{"href":"https:\/\/www.texty.santegidio.cz\/index.php?rest_route=%2Fwp%2Fv2%2Fmedia&parent=968"}],"curies":[{"name":"wp","href":"https:\/\/api.w.org\/{rel}","templated":true}]}}