{"id":966,"date":"2018-10-10T14:09:05","date_gmt":"2018-10-10T12:09:05","guid":{"rendered":"http:\/\/www.texty.santegidio.cz?page_id=966"},"modified":"2018-10-10T14:09:05","modified_gmt":"2018-10-10T12:09:05","slug":"modlitba-horcicneho-zrnka","status":"publish","type":"page","link":"https:\/\/www.texty.santegidio.cz\/?page_id=966","title":{"rendered":"Modlitba ho\u0159\u010di\u010dn\u00e9ho zrnka"},"content":{"rendered":"<p>&Oacute;&nbsp;Pane, <br \/> silou sv&eacute;ho Ducha<br \/> osvobo\u010f n&aacute;s od na&scaron;&iacute; slabosti,<br \/> abychom mohli odv&aacute;\u017en\u011b<br \/> hl&aacute;sat tv&eacute; Evangelium.<\/p>\n<p> Nau\u010d n&aacute;s obd\u011bl&aacute;vat<br \/> opu&scaron;t\u011bnou p\u016fdu m\u011bst,<br \/> ne v&nbsp;na&scaron;em z&aacute;jmu,<br \/> ale pro pot\u0159ebn&eacute;.<\/p>\n<p> Nau\u010d n&aacute;s b&yacute;t &scaron;t\u011bdr&yacute;mi<br \/> p\u0159i rozs&eacute;v&aacute;n&iacute; tv&eacute; setby,<br \/> aby dala hojnou &uacute;rodu<br \/> pro lidi, s&nbsp;nimi\u017e se setk&aacute;v&aacute;me.<\/p>\n<p> Nau\u010d n&aacute;s ochotn\u011b p\u0159ijmout<br \/> vol&aacute;n&iacute; tv&eacute;ho Slova,<br \/> abychom \u017eili n&aacute;&scaron; \u017eivot<br \/> ve slu\u017eb\u011b druh&yacute;m.<\/p>\n<p> &Oacute;&nbsp;Pane,<br \/> dej n&aacute;m v&scaron;em s&iacute;lu pracovat,<br \/> odvahu bojovat<br \/> a&nbsp;m\u011bnit n&aacute;&scaron; sv\u011bt.<br \/> Amen.<\/p>\n","protected":false},"excerpt":{"rendered":"<p>&Oacute;&nbsp;Pane, silou sv&eacute;ho Ducha osvobo\u010f n&aacute;s od na&scaron;&iacute; slabosti, abychom mohli odv&aacute;\u017en\u011b hl&aacute;sat tv&eacute; Evangelium. Nau\u010d n&aacute;s obd\u011bl&aacute;vat opu&scaron;t\u011bnou p\u016fdu m\u011bst, ne v&nbsp;na&scaron;em z&aacute;jmu, ale pro pot\u0159ebn&eacute;. Nau\u010d n&aacute;s b&yacute;t &scaron;t\u011bdr&yacute;mi p\u0159i rozs&eacute;v&aacute;n&iacute; tv&eacute; setby, aby dala hojnou &uacute;rodu pro lidi, s&nbsp;nimi\u017e se setk&aacute;v&aacute;me. Nau\u010d n&aacute;s ochotn\u011b p\u0159ijmout vol&aacute;n&iacute; tv&eacute;ho Slova, abychom \u017eili n&aacute;&scaron; \u017eivot &#8230; <a title=\"Modlitba ho\u0159\u010di\u010dn\u00e9ho zrnka\" class=\"read-more\" href=\"https:\/\/www.texty.santegidio.cz\/?page_id=966\" aria-label=\"More on Modlitba ho\u0159\u010di\u010dn\u00e9ho zrnka\">Read more<\/a><\/p>\n","protected":false},"author":1,"featured_media":0,"parent":694,"menu_order":0,"comment_status":"open","ping_status":"open","template":"","meta":{"_uag_custom_page_level_css":"","jetpack_post_was_ever_published":false,"footnotes":""},"class_list":["post-966","page","type-page","status-publish"],"uagb_featured_image_src":{"full":false,"thumbnail":false,"medium":false,"medium_large":false,"large":false,"1536x1536":false,"2048x2048":false},"uagb_author_info":{"display_name":"Pavel","author_link":"https:\/\/www.texty.santegidio.cz\/?author=1"},"uagb_comment_info":0,"uagb_excerpt":"&Oacute;&nbsp;Pane, silou sv&eacute;ho Ducha osvobo\u010f n&aacute;s od na&scaron;&iacute; slabosti, abychom mohli odv&aacute;\u017en\u011b hl&aacute;sat tv&eacute; Evangelium. Nau\u010d n&aacute;s obd\u011bl&aacute;vat opu&scaron;t\u011bnou p\u016fdu m\u011bst, ne v&nbsp;na&scaron;em z&aacute;jmu, ale pro pot\u0159ebn&eacute;. Nau\u010d n&aacute;s b&yacute;t &scaron;t\u011bdr&yacute;mi p\u0159i rozs&eacute;v&aacute;n&iacute; tv&eacute; setby, aby dala hojnou &uacute;rodu pro lidi, s&nbsp;nimi\u017e se setk&aacute;v&aacute;me. Nau\u010d n&aacute;s ochotn\u011b p\u0159ijmout vol&aacute;n&iacute; tv&eacute;ho Slova, abychom \u017eili n&aacute;&scaron; \u017eivot&hellip;","jetpack_sharing_enabled":true,"jetpack_shortlink":"https:\/\/wp.me\/PawMsT-fA","_links":{"self":[{"href":"https:\/\/www.texty.santegidio.cz\/index.php?rest_route=\/wp\/v2\/pages\/966","targetHints":{"allow":["GET"]}}],"collection":[{"href":"https:\/\/www.texty.santegidio.cz\/index.php?rest_route=\/wp\/v2\/pages"}],"about":[{"href":"https:\/\/www.texty.santegidio.cz\/index.php?rest_route=\/wp\/v2\/types\/page"}],"author":[{"embeddable":true,"href":"https:\/\/www.texty.santegidio.cz\/index.php?rest_route=\/wp\/v2\/users\/1"}],"replies":[{"embeddable":true,"href":"https:\/\/www.texty.santegidio.cz\/index.php?rest_route=%2Fwp%2Fv2%2Fcomments&post=966"}],"version-history":[{"count":0,"href":"https:\/\/www.texty.santegidio.cz\/index.php?rest_route=\/wp\/v2\/pages\/966\/revisions"}],"up":[{"embeddable":true,"href":"https:\/\/www.texty.santegidio.cz\/index.php?rest_route=\/wp\/v2\/pages\/694"}],"wp:attachment":[{"href":"https:\/\/www.texty.santegidio.cz\/index.php?rest_route=%2Fwp%2Fv2%2Fmedia&parent=966"}],"curies":[{"name":"wp","href":"https:\/\/api.w.org\/{rel}","templated":true}]}}