{"id":965,"date":"2018-10-10T14:09:05","date_gmt":"2018-10-10T12:09:05","guid":{"rendered":"http:\/\/www.texty.santegidio.cz?page_id=965"},"modified":"2018-10-10T14:09:05","modified_gmt":"2018-10-10T12:09:05","slug":"modlitba-cizolozne-zeny","status":"publish","type":"page","link":"https:\/\/www.texty.santegidio.cz\/?page_id=965","title":{"rendered":"Modlitba cizolo\u017en\u00e9 \u017eeny"},"content":{"rendered":"<p>&Oacute;&nbsp;Pane,<br \/> kter&yacute; ses zastavil s&nbsp;h\u0159&iacute;&scaron;n&iacute;ky<br \/> a&nbsp;m\u011bl jsi soucit s&nbsp;nejslab&scaron;&iacute;mi,<br \/> nehle\u010f na n&aacute;&scaron; h\u0159&iacute;ch,<br \/> ale dej n&aacute;m sv&eacute; odpu&scaron;t\u011bn&iacute;.<\/p>\n<p> Nau\u010d n&aacute;s t\u011b ka\u017ed&yacute; den hledat<br \/> v&nbsp;naslouch&aacute;n&iacute; tv&eacute;mu Slovu,<br \/> abychom mohli b&yacute;t osvobozeni<br \/> od t&iacute;hy samoty.<\/p>\n<p> Uka\u017e n&aacute;m sv&eacute; milosrdenstv&iacute;,<br \/> jako jsi je prok&aacute;zal cizolo\u017en&eacute; \u017een\u011b,<br \/> uzdrav n&aacute;s z&nbsp;na&scaron;eho h\u0159&iacute;chu,<br \/> abychom mohli \u017e&iacute;t ve tv&eacute;m pokoji.<\/p>\n<p> Nau\u010d n&aacute;s nesoudit<br \/> podle tvrdosti na&scaron;eho srdce,<br \/> abychom se nau\u010dili p\u0159ij&iacute;mat bratry<br \/> a&nbsp;ty, s&nbsp;nimi\u017e se ka\u017ed&yacute; den setk&aacute;v&aacute;me.<\/p>\n<p> Jako jsi povolal k&nbsp;nov&eacute;mu \u017eivotu h\u0159&iacute;&scaron;n&iacute;ky,<br \/> povolej tak&eacute; n&aacute;s, abychom byli tv&yacute;mi u\u010dedn&iacute;ky,<br \/> ve\u010f n&aacute;s sv&yacute;m u\u010den&iacute;m <br \/> a&nbsp;napravuj n&aacute;s svou l&aacute;skou.<\/p>\n<p> Pros&iacute;me t\u011b za tolik \u017een,<br \/> kter&eacute; nemaj&iacute; ani l&aacute;sku ani nad\u011bji,<br \/> aby se mohly s&nbsp;tebou setkat<br \/> a&nbsp;poznat tv&eacute; milosrdenstv&iacute;,<br \/> nyn&iacute; i&nbsp;v\u017edycky. <br \/> Amen.<\/p>\n<p><\/p>\n","protected":false},"excerpt":{"rendered":"<p>&Oacute;&nbsp;Pane, kter&yacute; ses zastavil s&nbsp;h\u0159&iacute;&scaron;n&iacute;ky a&nbsp;m\u011bl jsi soucit s&nbsp;nejslab&scaron;&iacute;mi, nehle\u010f na n&aacute;&scaron; h\u0159&iacute;ch, ale dej n&aacute;m sv&eacute; odpu&scaron;t\u011bn&iacute;. Nau\u010d n&aacute;s t\u011b ka\u017ed&yacute; den hledat v&nbsp;naslouch&aacute;n&iacute; tv&eacute;mu Slovu, abychom mohli b&yacute;t osvobozeni od t&iacute;hy samoty. Uka\u017e n&aacute;m sv&eacute; milosrdenstv&iacute;, jako jsi je prok&aacute;zal cizolo\u017en&eacute; \u017een\u011b, uzdrav n&aacute;s z&nbsp;na&scaron;eho h\u0159&iacute;chu, abychom mohli \u017e&iacute;t ve tv&eacute;m pokoji. Nau\u010d &#8230; <a title=\"Modlitba cizolo\u017en\u00e9 \u017eeny\" class=\"read-more\" href=\"https:\/\/www.texty.santegidio.cz\/?page_id=965\" aria-label=\"More on Modlitba cizolo\u017en\u00e9 \u017eeny\">Read more<\/a><\/p>\n","protected":false},"author":1,"featured_media":0,"parent":694,"menu_order":0,"comment_status":"open","ping_status":"open","template":"","meta":{"_uag_custom_page_level_css":"","jetpack_post_was_ever_published":false,"footnotes":""},"class_list":["post-965","page","type-page","status-publish"],"uagb_featured_image_src":{"full":false,"thumbnail":false,"medium":false,"medium_large":false,"large":false,"1536x1536":false,"2048x2048":false},"uagb_author_info":{"display_name":"Pavel","author_link":"https:\/\/www.texty.santegidio.cz\/?author=1"},"uagb_comment_info":0,"uagb_excerpt":"&Oacute;&nbsp;Pane, kter&yacute; ses zastavil s&nbsp;h\u0159&iacute;&scaron;n&iacute;ky a&nbsp;m\u011bl jsi soucit s&nbsp;nejslab&scaron;&iacute;mi, nehle\u010f na n&aacute;&scaron; h\u0159&iacute;ch, ale dej n&aacute;m sv&eacute; odpu&scaron;t\u011bn&iacute;. Nau\u010d n&aacute;s t\u011b ka\u017ed&yacute; den hledat v&nbsp;naslouch&aacute;n&iacute; tv&eacute;mu Slovu, abychom mohli b&yacute;t osvobozeni od t&iacute;hy samoty. Uka\u017e n&aacute;m sv&eacute; milosrdenstv&iacute;, jako jsi je prok&aacute;zal cizolo\u017en&eacute; \u017een\u011b, uzdrav n&aacute;s z&nbsp;na&scaron;eho h\u0159&iacute;chu, abychom mohli \u017e&iacute;t ve tv&eacute;m pokoji. Nau\u010d&hellip;","jetpack_sharing_enabled":true,"jetpack_shortlink":"https:\/\/wp.me\/PawMsT-fz","_links":{"self":[{"href":"https:\/\/www.texty.santegidio.cz\/index.php?rest_route=\/wp\/v2\/pages\/965","targetHints":{"allow":["GET"]}}],"collection":[{"href":"https:\/\/www.texty.santegidio.cz\/index.php?rest_route=\/wp\/v2\/pages"}],"about":[{"href":"https:\/\/www.texty.santegidio.cz\/index.php?rest_route=\/wp\/v2\/types\/page"}],"author":[{"embeddable":true,"href":"https:\/\/www.texty.santegidio.cz\/index.php?rest_route=\/wp\/v2\/users\/1"}],"replies":[{"embeddable":true,"href":"https:\/\/www.texty.santegidio.cz\/index.php?rest_route=%2Fwp%2Fv2%2Fcomments&post=965"}],"version-history":[{"count":0,"href":"https:\/\/www.texty.santegidio.cz\/index.php?rest_route=\/wp\/v2\/pages\/965\/revisions"}],"up":[{"embeddable":true,"href":"https:\/\/www.texty.santegidio.cz\/index.php?rest_route=\/wp\/v2\/pages\/694"}],"wp:attachment":[{"href":"https:\/\/www.texty.santegidio.cz\/index.php?rest_route=%2Fwp%2Fv2%2Fmedia&parent=965"}],"curies":[{"name":"wp","href":"https:\/\/api.w.org\/{rel}","templated":true}]}}