{"id":964,"date":"2018-10-10T14:09:05","date_gmt":"2018-10-10T12:09:05","guid":{"rendered":"http:\/\/www.texty.santegidio.cz?page_id=964"},"modified":"2018-10-10T14:09:05","modified_gmt":"2018-10-10T12:09:05","slug":"modlitba-hluchonemeho","status":"publish","type":"page","link":"https:\/\/www.texty.santegidio.cz\/?page_id=964","title":{"rendered":"Modlitba hluchon\u011bm\u00e9ho"},"content":{"rendered":"<p>&Oacute;&nbsp;Pane,<br \/> otev\u0159i na&scaron;e o\u010di,<br \/> abychom se nau\u010dili naslouchat<br \/> hl&aacute;s&aacute;n&iacute; tv&eacute;ho Evangelia<br \/> a&nbsp;hlas\u016fm na&scaron;ich brat\u0159&iacute;.<\/p>\n<p> Otev\u0159i na&scaron;e srdce,<br \/> abychom se nau\u010dili \u017e&iacute;t<br \/> pozorn&iacute; k&nbsp;pot\u0159eb&aacute;m <br \/> a&nbsp;o\u010dek&aacute;v&aacute;n&iacute;m chud&yacute;ch.<\/p>\n<p> O\u010disti n&aacute;&scaron; jazyk<br \/> a&nbsp;nau\u010d n&aacute;s \u0159e\u010di lid&iacute;,<br \/> abychom hovo\u0159ili ke v&scaron;em <br \/> a&nbsp;hl&aacute;sali tv&eacute; Slovo.<\/p>\n<p> O\u010disti n&aacute;&scaron; \u017eivot<br \/> a&nbsp;vysvobo\u010f n&aacute;s z&nbsp;na&scaron;&iacute; uzav\u0159enosti,<br \/> abychom ch&aacute;pali bratry,<br \/> a&nbsp;slou\u017eili jim s&nbsp;velkodu&scaron;nost&iacute;.<br \/> Pros&iacute;me t\u011b za lidi,<br \/> kte\u0159&iacute; \u017eij&iacute; opu&scaron;t\u011bni,<br \/> aby vy&scaron;li ze sv&eacute; tvrdosti<br \/> a&nbsp;poznali tvou svobodu.<br \/> &Oacute;&nbsp;Pane, dej n&aacute;m v&scaron;em<br \/> odvahu bojovat,<br \/> svou l&aacute;sku, abychom uzdravovali<br \/> bolesti tohoto sv\u011bta,<br \/> nyn&iacute; i&nbsp;v\u017edycky. <br \/> Amen.<\/p>\n<p><\/p>\n","protected":false},"excerpt":{"rendered":"<p>&Oacute;&nbsp;Pane, otev\u0159i na&scaron;e o\u010di, abychom se nau\u010dili naslouchat hl&aacute;s&aacute;n&iacute; tv&eacute;ho Evangelia a&nbsp;hlas\u016fm na&scaron;ich brat\u0159&iacute;. Otev\u0159i na&scaron;e srdce, abychom se nau\u010dili \u017e&iacute;t pozorn&iacute; k&nbsp;pot\u0159eb&aacute;m a&nbsp;o\u010dek&aacute;v&aacute;n&iacute;m chud&yacute;ch. O\u010disti n&aacute;&scaron; jazyk a&nbsp;nau\u010d n&aacute;s \u0159e\u010di lid&iacute;, abychom hovo\u0159ili ke v&scaron;em a&nbsp;hl&aacute;sali tv&eacute; Slovo. O\u010disti n&aacute;&scaron; \u017eivot a&nbsp;vysvobo\u010f n&aacute;s z&nbsp;na&scaron;&iacute; uzav\u0159enosti, abychom ch&aacute;pali bratry, a&nbsp;slou\u017eili jim s&nbsp;velkodu&scaron;nost&iacute;. Pros&iacute;me t\u011b za &#8230; <a title=\"Modlitba hluchon\u011bm\u00e9ho\" class=\"read-more\" href=\"https:\/\/www.texty.santegidio.cz\/?page_id=964\" aria-label=\"More on Modlitba hluchon\u011bm\u00e9ho\">Read more<\/a><\/p>\n","protected":false},"author":1,"featured_media":0,"parent":694,"menu_order":0,"comment_status":"open","ping_status":"open","template":"","meta":{"_uag_custom_page_level_css":"","jetpack_post_was_ever_published":false,"footnotes":""},"class_list":["post-964","page","type-page","status-publish"],"uagb_featured_image_src":{"full":false,"thumbnail":false,"medium":false,"medium_large":false,"large":false,"1536x1536":false,"2048x2048":false},"uagb_author_info":{"display_name":"Pavel","author_link":"https:\/\/www.texty.santegidio.cz\/?author=1"},"uagb_comment_info":0,"uagb_excerpt":"&Oacute;&nbsp;Pane, otev\u0159i na&scaron;e o\u010di, abychom se nau\u010dili naslouchat hl&aacute;s&aacute;n&iacute; tv&eacute;ho Evangelia a&nbsp;hlas\u016fm na&scaron;ich brat\u0159&iacute;. Otev\u0159i na&scaron;e srdce, abychom se nau\u010dili \u017e&iacute;t pozorn&iacute; k&nbsp;pot\u0159eb&aacute;m a&nbsp;o\u010dek&aacute;v&aacute;n&iacute;m chud&yacute;ch. O\u010disti n&aacute;&scaron; jazyk a&nbsp;nau\u010d n&aacute;s \u0159e\u010di lid&iacute;, abychom hovo\u0159ili ke v&scaron;em a&nbsp;hl&aacute;sali tv&eacute; Slovo. O\u010disti n&aacute;&scaron; \u017eivot a&nbsp;vysvobo\u010f n&aacute;s z&nbsp;na&scaron;&iacute; uzav\u0159enosti, abychom ch&aacute;pali bratry, a&nbsp;slou\u017eili jim s&nbsp;velkodu&scaron;nost&iacute;. Pros&iacute;me t\u011b za&hellip;","jetpack_sharing_enabled":true,"jetpack_shortlink":"https:\/\/wp.me\/PawMsT-fy","_links":{"self":[{"href":"https:\/\/www.texty.santegidio.cz\/index.php?rest_route=\/wp\/v2\/pages\/964","targetHints":{"allow":["GET"]}}],"collection":[{"href":"https:\/\/www.texty.santegidio.cz\/index.php?rest_route=\/wp\/v2\/pages"}],"about":[{"href":"https:\/\/www.texty.santegidio.cz\/index.php?rest_route=\/wp\/v2\/types\/page"}],"author":[{"embeddable":true,"href":"https:\/\/www.texty.santegidio.cz\/index.php?rest_route=\/wp\/v2\/users\/1"}],"replies":[{"embeddable":true,"href":"https:\/\/www.texty.santegidio.cz\/index.php?rest_route=%2Fwp%2Fv2%2Fcomments&post=964"}],"version-history":[{"count":0,"href":"https:\/\/www.texty.santegidio.cz\/index.php?rest_route=\/wp\/v2\/pages\/964\/revisions"}],"up":[{"embeddable":true,"href":"https:\/\/www.texty.santegidio.cz\/index.php?rest_route=\/wp\/v2\/pages\/694"}],"wp:attachment":[{"href":"https:\/\/www.texty.santegidio.cz\/index.php?rest_route=%2Fwp%2Fv2%2Fmedia&parent=964"}],"curies":[{"name":"wp","href":"https:\/\/api.w.org\/{rel}","templated":true}]}}