{"id":963,"date":"2018-10-10T14:09:05","date_gmt":"2018-10-10T12:09:05","guid":{"rendered":"http:\/\/www.texty.santegidio.cz?page_id=963"},"modified":"2018-10-10T14:09:05","modified_gmt":"2018-10-10T12:09:05","slug":"modlitba-krivicne-zeny","status":"publish","type":"page","link":"https:\/\/www.texty.santegidio.cz\/?page_id=963","title":{"rendered":"Modlitba k\u0159ivi\u010dn\u00e9 \u017eeny"},"content":{"rendered":"<p>&Oacute;&nbsp;Pane,<br \/> kter&yacute; jsi uzdravil tu shrbenou \u017eenu,<br \/> vlo\u017e tak&eacute; na n&aacute;s sv&eacute; ruce,<br \/> abychom se uzdravili z&nbsp;nemoci,<br \/> kter&aacute; n&aacute;s \u010din&iacute; schoulen&eacute; do n&aacute;s sam&yacute;ch.<\/p>\n<p> Povolej n&aacute;s ke sv&eacute; p\u0159&iacute;tomnosti,<br \/> abychom mohli vyj&iacute;t<br \/> z&nbsp;davu na&scaron;ich m\u011bst,<br \/> kter&yacute; n&aacute;s dus&iacute; a&nbsp;t&iacute;sn&iacute;.<\/p>\n<p> Vra\u0165 n&aacute;m d\u016fstojnost toho,<br \/> \u017ee jsme sou\u010d&aacute;st&iacute; tv&eacute; rodiny,<br \/> abychom se mohli d&iacute;vat dop\u0159edu<br \/> a&nbsp;kr&aacute;\u010det spolu s&nbsp;brat\u0159&iacute;mi.<\/p>\n<p> Pros&iacute;me t\u011b za v&scaron;echny \u017eeny,<br \/> kter&eacute; \u017eij&iacute; osam\u011ble,<br \/> aby na&scaron;ly p\u0159ijet&iacute; <br \/> ve tv&eacute; komunit\u011b.<\/p>\n<p> Pros&iacute;me t\u011b za ty,<br \/> kte\u0159&iacute; ji\u017e ztratili chu\u0165 \u017e&iacute;t,<br \/> aby znovu za\u010dali \u017e&iacute;t<br \/> v&nbsp;nad\u011bji tv&eacute;ho Evangelia.<\/p>\n<p> Vysvobo\u010f n&aacute;s ka\u017ed&yacute; den<br \/> z&nbsp;na&scaron;ich star&yacute;ch zvyk\u016f,<br \/> nau\u010d n&aacute;s obnovovat n&aacute;&scaron; \u017eivot<br \/> v&nbsp;naslouch&aacute;n&iacute; tv&eacute;mu slovu.<br \/> Osvobo\u010f n&aacute;s od na&scaron;eho sobectv&iacute;,<br \/> kter&eacute; n&aacute;s \u010din&iacute; slep&yacute;mi a&nbsp;nespravedliv&yacute;mi,<br \/> p\u0159emoz na&scaron;i rezignaci,<br \/> kter&aacute; v\u011bzn&iacute; n&aacute;&scaron; \u017eivot.<\/p>\n<p> &Oacute;&nbsp;Pane,<br \/> p\u0159ij\u010f n&aacute;m na pomoc,<br \/> kdy\u017e jsme sami.<br \/> Bu\u010f n&aacute;m nabl&iacute;zku,<br \/> kdy\u017e pracujeme.<\/p>\n<p> Ut\u011b&scaron; n&aacute;s, <br \/> kdy\u017e jsme smutn&iacute;.<br \/> Dej n&aacute;m sv&eacute; sv\u011btlo,<br \/> kdy\u017e se n&aacute;s zmoc\u0148uje &uacute;zkost.<\/p>\n<p> Dej n&aacute;m svou s&iacute;lu,<br \/> v\u017edy n&aacute;m bu\u010f oporou.<br \/> Dej n&aacute;m svou l&aacute;sku,<br \/> kdy\u017e potk&aacute;v&aacute;me pot\u0159ebn&eacute;.<\/p>\n<p> Se&scaron;li n&aacute;m sv&eacute;ho Ducha,<br \/> kter&yacute; p\u0159em\u016f\u017ee na&scaron;i nev\u011bdomost.<br \/> &Oacute;&nbsp;Pane, daruj sv\u016fj pokoj<br \/> n&aacute;m a&nbsp;lidem z&nbsp;tohoto m\u011bsta.<br \/> Nyn&iacute; i&nbsp;v\u017edycky.<br \/> Amen<\/p>\n<p><\/p>\n","protected":false},"excerpt":{"rendered":"<p>&Oacute;&nbsp;Pane, kter&yacute; jsi uzdravil tu shrbenou \u017eenu, vlo\u017e tak&eacute; na n&aacute;s sv&eacute; ruce, abychom se uzdravili z&nbsp;nemoci, kter&aacute; n&aacute;s \u010din&iacute; schoulen&eacute; do n&aacute;s sam&yacute;ch. Povolej n&aacute;s ke sv&eacute; p\u0159&iacute;tomnosti, abychom mohli vyj&iacute;t z&nbsp;davu na&scaron;ich m\u011bst, kter&yacute; n&aacute;s dus&iacute; a&nbsp;t&iacute;sn&iacute;. Vra\u0165 n&aacute;m d\u016fstojnost toho, \u017ee jsme sou\u010d&aacute;st&iacute; tv&eacute; rodiny, abychom se mohli d&iacute;vat dop\u0159edu a&nbsp;kr&aacute;\u010det spolu &#8230; <a title=\"Modlitba k\u0159ivi\u010dn\u00e9 \u017eeny\" class=\"read-more\" href=\"https:\/\/www.texty.santegidio.cz\/?page_id=963\" aria-label=\"More on Modlitba k\u0159ivi\u010dn\u00e9 \u017eeny\">Read more<\/a><\/p>\n","protected":false},"author":1,"featured_media":0,"parent":694,"menu_order":0,"comment_status":"open","ping_status":"open","template":"","meta":{"_uag_custom_page_level_css":"","jetpack_post_was_ever_published":false,"footnotes":""},"class_list":["post-963","page","type-page","status-publish"],"uagb_featured_image_src":{"full":false,"thumbnail":false,"medium":false,"medium_large":false,"large":false,"1536x1536":false,"2048x2048":false},"uagb_author_info":{"display_name":"Pavel","author_link":"https:\/\/www.texty.santegidio.cz\/?author=1"},"uagb_comment_info":0,"uagb_excerpt":"&Oacute;&nbsp;Pane, kter&yacute; jsi uzdravil tu shrbenou \u017eenu, vlo\u017e tak&eacute; na n&aacute;s sv&eacute; ruce, abychom se uzdravili z&nbsp;nemoci, kter&aacute; n&aacute;s \u010din&iacute; schoulen&eacute; do n&aacute;s sam&yacute;ch. Povolej n&aacute;s ke sv&eacute; p\u0159&iacute;tomnosti, abychom mohli vyj&iacute;t z&nbsp;davu na&scaron;ich m\u011bst, kter&yacute; n&aacute;s dus&iacute; a&nbsp;t&iacute;sn&iacute;. Vra\u0165 n&aacute;m d\u016fstojnost toho, \u017ee jsme sou\u010d&aacute;st&iacute; tv&eacute; rodiny, abychom se mohli d&iacute;vat dop\u0159edu a&nbsp;kr&aacute;\u010det spolu&hellip;","jetpack_sharing_enabled":true,"jetpack_shortlink":"https:\/\/wp.me\/PawMsT-fx","_links":{"self":[{"href":"https:\/\/www.texty.santegidio.cz\/index.php?rest_route=\/wp\/v2\/pages\/963","targetHints":{"allow":["GET"]}}],"collection":[{"href":"https:\/\/www.texty.santegidio.cz\/index.php?rest_route=\/wp\/v2\/pages"}],"about":[{"href":"https:\/\/www.texty.santegidio.cz\/index.php?rest_route=\/wp\/v2\/types\/page"}],"author":[{"embeddable":true,"href":"https:\/\/www.texty.santegidio.cz\/index.php?rest_route=\/wp\/v2\/users\/1"}],"replies":[{"embeddable":true,"href":"https:\/\/www.texty.santegidio.cz\/index.php?rest_route=%2Fwp%2Fv2%2Fcomments&post=963"}],"version-history":[{"count":0,"href":"https:\/\/www.texty.santegidio.cz\/index.php?rest_route=\/wp\/v2\/pages\/963\/revisions"}],"up":[{"embeddable":true,"href":"https:\/\/www.texty.santegidio.cz\/index.php?rest_route=\/wp\/v2\/pages\/694"}],"wp:attachment":[{"href":"https:\/\/www.texty.santegidio.cz\/index.php?rest_route=%2Fwp%2Fv2%2Fmedia&parent=963"}],"curies":[{"name":"wp","href":"https:\/\/api.w.org\/{rel}","templated":true}]}}