{"id":961,"date":"2018-10-10T14:09:05","date_gmt":"2018-10-10T12:09:05","guid":{"rendered":"http:\/\/www.texty.santegidio.cz?page_id=961"},"modified":"2018-10-10T14:09:05","modified_gmt":"2018-10-10T12:09:05","slug":"modlitba-v-hodine-zkousky","status":"publish","type":"page","link":"https:\/\/www.texty.santegidio.cz\/?page_id=961","title":{"rendered":"Modlitba v hodin\u011b zkou\u0161ky"},"content":{"rendered":"<p>Pane, n&aacute;&scaron; Bo\u017ee,<br \/> kter&yacute; jsi r&aacute;\u010dil plavit se<br \/> spolu se sv&yacute;mi u\u010dedn&iacute;ky<br \/> a&nbsp;hlasem jsi uti&scaron;il bou\u0159i,<br \/> poru\u010dils mo\u0159sk&yacute;m vln&aacute;m,<br \/> aby se uti&scaron;ily;<br \/> ty s&aacute;m pluj tak&eacute; dnes<br \/> s&nbsp;n&aacute;mi v&nbsp;hodin\u011b zkou&scaron;ky,<br \/> uti&scaron; ka\u017ed&yacute; protiv&iacute;tr,<br \/> nech zavl&aacute;dnout uti&scaron;en&iacute;,<br \/> sta\u0148 se v&scaron;ude<br \/> na&scaron;&iacute; z&aacute;chranou.<br \/> Proto\u017ee ty, Bo\u017ee, jsi dobr&yacute;<br \/> a&nbsp;jsi p\u0159&iacute;telem lid&iacute;.<br \/> Nyn&iacute; i&nbsp;v\u017edycky a&nbsp;na v\u011bky v\u011bk\u016f.<br \/> Amen.<br \/> <em>(Origenes<\/em><br \/> &nbsp;<\/p>\n","protected":false},"excerpt":{"rendered":"<p>Pane, n&aacute;&scaron; Bo\u017ee, kter&yacute; jsi r&aacute;\u010dil plavit se spolu se sv&yacute;mi u\u010dedn&iacute;ky a&nbsp;hlasem jsi uti&scaron;il bou\u0159i, poru\u010dils mo\u0159sk&yacute;m vln&aacute;m, aby se uti&scaron;ily; ty s&aacute;m pluj tak&eacute; dnes s&nbsp;n&aacute;mi v&nbsp;hodin\u011b zkou&scaron;ky, uti&scaron; ka\u017ed&yacute; protiv&iacute;tr, nech zavl&aacute;dnout uti&scaron;en&iacute;, sta\u0148 se v&scaron;ude na&scaron;&iacute; z&aacute;chranou. Proto\u017ee ty, Bo\u017ee, jsi dobr&yacute; a&nbsp;jsi p\u0159&iacute;telem lid&iacute;. Nyn&iacute; i&nbsp;v\u017edycky a&nbsp;na v\u011bky v\u011bk\u016f. Amen. &#8230; <a title=\"Modlitba v hodin\u011b zkou\u0161ky\" class=\"read-more\" href=\"https:\/\/www.texty.santegidio.cz\/?page_id=961\" aria-label=\"More on Modlitba v hodin\u011b zkou\u0161ky\">Read more<\/a><\/p>\n","protected":false},"author":1,"featured_media":0,"parent":694,"menu_order":0,"comment_status":"open","ping_status":"open","template":"","meta":{"_uag_custom_page_level_css":"","jetpack_post_was_ever_published":false,"footnotes":""},"class_list":["post-961","page","type-page","status-publish"],"uagb_featured_image_src":{"full":false,"thumbnail":false,"medium":false,"medium_large":false,"large":false,"1536x1536":false,"2048x2048":false},"uagb_author_info":{"display_name":"Pavel","author_link":"https:\/\/www.texty.santegidio.cz\/?author=1"},"uagb_comment_info":0,"uagb_excerpt":"Pane, n&aacute;&scaron; Bo\u017ee, kter&yacute; jsi r&aacute;\u010dil plavit se spolu se sv&yacute;mi u\u010dedn&iacute;ky a&nbsp;hlasem jsi uti&scaron;il bou\u0159i, poru\u010dils mo\u0159sk&yacute;m vln&aacute;m, aby se uti&scaron;ily; ty s&aacute;m pluj tak&eacute; dnes s&nbsp;n&aacute;mi v&nbsp;hodin\u011b zkou&scaron;ky, uti&scaron; ka\u017ed&yacute; protiv&iacute;tr, nech zavl&aacute;dnout uti&scaron;en&iacute;, sta\u0148 se v&scaron;ude na&scaron;&iacute; z&aacute;chranou. Proto\u017ee ty, Bo\u017ee, jsi dobr&yacute; a&nbsp;jsi p\u0159&iacute;telem lid&iacute;. Nyn&iacute; i&nbsp;v\u017edycky a&nbsp;na v\u011bky v\u011bk\u016f. Amen.&hellip;","jetpack_sharing_enabled":true,"jetpack_shortlink":"https:\/\/wp.me\/PawMsT-fv","_links":{"self":[{"href":"https:\/\/www.texty.santegidio.cz\/index.php?rest_route=\/wp\/v2\/pages\/961","targetHints":{"allow":["GET"]}}],"collection":[{"href":"https:\/\/www.texty.santegidio.cz\/index.php?rest_route=\/wp\/v2\/pages"}],"about":[{"href":"https:\/\/www.texty.santegidio.cz\/index.php?rest_route=\/wp\/v2\/types\/page"}],"author":[{"embeddable":true,"href":"https:\/\/www.texty.santegidio.cz\/index.php?rest_route=\/wp\/v2\/users\/1"}],"replies":[{"embeddable":true,"href":"https:\/\/www.texty.santegidio.cz\/index.php?rest_route=%2Fwp%2Fv2%2Fcomments&post=961"}],"version-history":[{"count":0,"href":"https:\/\/www.texty.santegidio.cz\/index.php?rest_route=\/wp\/v2\/pages\/961\/revisions"}],"up":[{"embeddable":true,"href":"https:\/\/www.texty.santegidio.cz\/index.php?rest_route=\/wp\/v2\/pages\/694"}],"wp:attachment":[{"href":"https:\/\/www.texty.santegidio.cz\/index.php?rest_route=%2Fwp%2Fv2%2Fmedia&parent=961"}],"curies":[{"name":"wp","href":"https:\/\/api.w.org\/{rel}","templated":true}]}}