{"id":960,"date":"2018-10-10T14:09:05","date_gmt":"2018-10-10T12:09:05","guid":{"rendered":"http:\/\/www.texty.santegidio.cz?page_id=960"},"modified":"2018-10-10T14:09:05","modified_gmt":"2018-10-10T12:09:05","slug":"modlitba-rozmnozeni-chlebu","status":"publish","type":"page","link":"https:\/\/www.texty.santegidio.cz\/?page_id=960","title":{"rendered":"Modlitba rozmno\u017een\u00ed chleb\u016f"},"content":{"rendered":"<p>Pane Je\u017e&iacute;&scaron;i,<br \/> kter&yacute; jsi vysly&scaron;el sv&eacute; u\u010dedn&iacute;ky<br \/> na sklonku jejich dne,<br \/> kter&yacute; jsi hovo\u0159il k&nbsp;z&aacute;stup\u016fm o&nbsp;Bo\u017e&iacute;m kr&aacute;lovstv&iacute;,<br \/> a&nbsp;uzdravil jsi ty, kdo pot\u0159ebovali l&eacute;\u010dbu;<br \/> na sklonku dne<br \/> jsi p\u0159ik&aacute;zal<br \/> d&aacute;t naj&iacute;st z&aacute;stupu<br \/> na pust&eacute;m m&iacute;st\u011b.<br \/> Kde najdeme v&scaron;echen ten chl&eacute;b?<br \/> Kde najdeme s&iacute;lu?<br \/> Po\u017eehnan&yacute; je P&aacute;n,<br \/> kter&yacute; rozmno\u017euje chleby<br \/> a&nbsp;je p\u0159&iacute;tomn&yacute; mezi sv&yacute;mi!<br \/> P\u0159ijmi ob\u011b\u0165 sv&yacute;ch u\u010dedn&iacute;k\u016f,<br \/> n&aacute;mahu a&nbsp;o\u010dek&aacute;v&aacute;n&iacute; t\u011bchto dn&iacute;<br \/> a&nbsp;rozmno\u017e svoji l&aacute;sku k&nbsp;n&aacute;m.<br \/> Nyn&iacute; i&nbsp;v\u017edycky.<br \/> Amen.<br \/> &nbsp;<br \/> &nbsp;<\/p>\n","protected":false},"excerpt":{"rendered":"<p>Pane Je\u017e&iacute;&scaron;i, kter&yacute; jsi vysly&scaron;el sv&eacute; u\u010dedn&iacute;ky na sklonku jejich dne, kter&yacute; jsi hovo\u0159il k&nbsp;z&aacute;stup\u016fm o&nbsp;Bo\u017e&iacute;m kr&aacute;lovstv&iacute;, a&nbsp;uzdravil jsi ty, kdo pot\u0159ebovali l&eacute;\u010dbu; na sklonku dne jsi p\u0159ik&aacute;zal d&aacute;t naj&iacute;st z&aacute;stupu na pust&eacute;m m&iacute;st\u011b. Kde najdeme v&scaron;echen ten chl&eacute;b? Kde najdeme s&iacute;lu? Po\u017eehnan&yacute; je P&aacute;n, kter&yacute; rozmno\u017euje chleby a&nbsp;je p\u0159&iacute;tomn&yacute; mezi sv&yacute;mi! P\u0159ijmi ob\u011b\u0165 sv&yacute;ch &#8230; <a title=\"Modlitba rozmno\u017een\u00ed chleb\u016f\" class=\"read-more\" href=\"https:\/\/www.texty.santegidio.cz\/?page_id=960\" aria-label=\"More on Modlitba rozmno\u017een\u00ed chleb\u016f\">Read more<\/a><\/p>\n","protected":false},"author":1,"featured_media":0,"parent":694,"menu_order":0,"comment_status":"open","ping_status":"open","template":"","meta":{"_uag_custom_page_level_css":"","jetpack_post_was_ever_published":false,"footnotes":""},"class_list":["post-960","page","type-page","status-publish"],"uagb_featured_image_src":{"full":false,"thumbnail":false,"medium":false,"medium_large":false,"large":false,"1536x1536":false,"2048x2048":false},"uagb_author_info":{"display_name":"Pavel","author_link":"https:\/\/www.texty.santegidio.cz\/?author=1"},"uagb_comment_info":0,"uagb_excerpt":"Pane Je\u017e&iacute;&scaron;i, kter&yacute; jsi vysly&scaron;el sv&eacute; u\u010dedn&iacute;ky na sklonku jejich dne, kter&yacute; jsi hovo\u0159il k&nbsp;z&aacute;stup\u016fm o&nbsp;Bo\u017e&iacute;m kr&aacute;lovstv&iacute;, a&nbsp;uzdravil jsi ty, kdo pot\u0159ebovali l&eacute;\u010dbu; na sklonku dne jsi p\u0159ik&aacute;zal d&aacute;t naj&iacute;st z&aacute;stupu na pust&eacute;m m&iacute;st\u011b. Kde najdeme v&scaron;echen ten chl&eacute;b? Kde najdeme s&iacute;lu? Po\u017eehnan&yacute; je P&aacute;n, kter&yacute; rozmno\u017euje chleby a&nbsp;je p\u0159&iacute;tomn&yacute; mezi sv&yacute;mi! P\u0159ijmi ob\u011b\u0165 sv&yacute;ch&hellip;","jetpack_sharing_enabled":true,"jetpack_shortlink":"https:\/\/wp.me\/PawMsT-fu","_links":{"self":[{"href":"https:\/\/www.texty.santegidio.cz\/index.php?rest_route=\/wp\/v2\/pages\/960","targetHints":{"allow":["GET"]}}],"collection":[{"href":"https:\/\/www.texty.santegidio.cz\/index.php?rest_route=\/wp\/v2\/pages"}],"about":[{"href":"https:\/\/www.texty.santegidio.cz\/index.php?rest_route=\/wp\/v2\/types\/page"}],"author":[{"embeddable":true,"href":"https:\/\/www.texty.santegidio.cz\/index.php?rest_route=\/wp\/v2\/users\/1"}],"replies":[{"embeddable":true,"href":"https:\/\/www.texty.santegidio.cz\/index.php?rest_route=%2Fwp%2Fv2%2Fcomments&post=960"}],"version-history":[{"count":0,"href":"https:\/\/www.texty.santegidio.cz\/index.php?rest_route=\/wp\/v2\/pages\/960\/revisions"}],"up":[{"embeddable":true,"href":"https:\/\/www.texty.santegidio.cz\/index.php?rest_route=\/wp\/v2\/pages\/694"}],"wp:attachment":[{"href":"https:\/\/www.texty.santegidio.cz\/index.php?rest_route=%2Fwp%2Fv2%2Fmedia&parent=960"}],"curies":[{"name":"wp","href":"https:\/\/api.w.org\/{rel}","templated":true}]}}