{"id":96,"date":"2018-12-12T10:15:06","date_gmt":"2018-12-12T09:15:06","guid":{"rendered":"http:\/\/www.texty.santegidio.cz?page_id=96"},"modified":"2018-12-12T10:15:07","modified_gmt":"2018-12-12T09:15:07","slug":"zalm-44","status":"publish","type":"page","link":"https:\/\/www.texty.santegidio.cz\/?page_id=96","title":{"rendered":"\u017dalm 44"},"content":{"rendered":"<p>Povsta\u0148, Pane, p\u0159ij\u010f a vysvobo\u010f n\u00e1s.<\/p>\n<p>&#8211; <sup>2<\/span><\/sup> Na vlastn\u00ed u\u0161i jsme sl\u00fdchali, Bo\u017ee,<br \/>otcov\u00e9 na\u0161i n\u00e1m v<strong>y<\/strong>pr\u00e1v\u011bli<br \/>&#8211; o tom, cos vykonal za jejich dn\u016f,<br \/>v tom d\u00e1vn\u00e9m \u010d<strong>a<\/strong>se, rukou svou.<\/p>\n<p>&#8211; <sup>3<\/span><\/sup> Pohany vyhnals, je jsi tam vsadil,<br \/>n\u00e1rody pot\u0159els, a j<strong>i<\/strong>m jsi dal r\u016fst.<\/p>\n<p>&#8211; <sup>4<\/span><\/sup> Nedobyli si me\u010dem tu zemi,<br \/>nezv\u00edt\u011bzilo j<strong>e<\/strong>jich r\u00e1m\u011b;<br \/>&#8211; n\u00fdbr\u017e tv\u00e1 pravice, tvoje r\u00e1m\u011b,<br \/>tv\u00e1 jasn\u00e1 tv\u00e1\u0159, j<strong>e<\/strong>n z l\u00e1sky k nim.<\/p>\n<p>&#8211; <sup>5<\/span><\/sup> Ty jsi to, ty, m\u016fj kr\u00e1l a m\u016fj B\u016fh,<br \/>jen\u017e jsi dal zv\u00edt\u011bzit J<strong>\u00e1<\/strong>kobovi.<\/p>\n<p>&#8211; <sup>6<\/span><\/sup> S tebou jsme zdolali nep\u0159\u00e1tele,<br \/>tv\u00fdm jm\u00e9nem dept\u00e1me pr<strong>o<\/strong>tivn\u00edky.<\/p>\n<p>&#8211; <sup>7<\/span><\/sup> Na sv\u00e9m luku si nezakl\u00e1d\u00e1m,<br \/>nevd\u011b\u010d\u00edm za v\u00edt<strong>\u011b<\/strong>zstv\u00ed me\u010di:<\/p>\n<p>&#8211; <sup>8<\/span><\/sup> tys n\u00e1m dal zv\u00edt\u011bzit nad nep\u0159\u00e1teli,<br \/>poko\u0159ils ty, kdo n\u00e1s n<strong>e<\/strong>n\u00e1vid\u00ed.<\/p>\n<p>&#8211; <sup>9<\/span><\/sup> Proto jsme denn\u011b se chlubili Bohem,<br \/>pov\u017edy jsme chv\u00e1l<strong>i<\/strong>li tv\u00e9 jm\u00e9no.<\/p>\n<p>&#8211; <sup>10<\/span><\/sup> Te\u010f jsi n\u00e1s odvrhl, ponechal v hanb\u011b,<br \/>net\u00e1hne\u0161, Bo\u017ee, u\u017e do b<strong>o<\/strong>je s n\u00e1mi.<\/p>\n<p>&#8211; <sup>11<\/span><\/sup> Nechals n\u00e1s ut\u00edkat p\u0159ed nep\u0159\u00edtelem,<br \/>loup\u00ed n\u00e1s ti, kdo n\u00e1s n<strong>e<\/strong>n\u00e1vid\u00ed.<\/p>\n<p>&#8211; <sup>12<\/span><\/sup> Vydals n\u00e1s v plen jak jate\u010dn\u00ed st\u00e1do,<br \/>mezi pohany rozpt<strong>\u00fd<\/strong>lil jsi n\u00e1s.<\/p>\n<p>&#8211; <sup>13<\/span><\/sup> Lacino prod\u00e1v\u00e1\u0161 sv\u016fj n\u00e1rod,<br \/>pram\u00e1lo jsi t\u00edm prod<strong>e<\/strong>jem z\u00edskal.<\/p>\n<p>&#8211; <sup>14<\/span><\/sup> Soused\u016fm dal jsi n\u00e1s v opovr\u017een\u00ed,<br \/>v\u0161em kolem dokola k h<strong>a<\/strong>nb\u011b a sm\u00edchu.<\/p>\n<p>&#8211; <sup>15<\/span><\/sup> Dopustils, \u017ee jsme v p\u0159\u00edslov\u00ed ve\u0161li,<br \/>pohan\u00e9 nad n\u00e1mi k\u00fdv<strong>a<\/strong>j\u00ed hlavou.<\/p>\n<p>&#8211; <sup>16<\/span><\/sup> St\u00e1le svou hanbu m\u00e1m p\u0159ed o\u010dima,<br \/>studem se cel\u00fd \u010derv<strong>e<\/strong>n\u00e1m v tv\u00e1\u0159i,<\/p>\n<p>&#8211; <sup>17<\/span><\/sup> sly\u0161\u00edm-li samou hanu a v\u00fdsm\u011bch,<br \/>vid\u00edm-li mstiv\u00e9ho n<strong>e<\/strong>p\u0159\u00edtele.<\/p>\n<p>= <sup>18<\/span><\/sup> A toto dolehlo na n\u00e1s,\u2020<br \/>i kdy\u017e jsme na tebe nezapomn\u011bli,<br \/>\u00famluvu s tebou nep<strong>o<\/strong>ru\u0161ili,<\/p>\n<p>&#8211; <sup>19<\/span><\/sup> na\u0161e srdce se neodvr\u00e1tilo,<br \/>nese\u0161ly na\u0161e kr<strong>o<\/strong>ky z tv\u00e9 cesty,<\/p>\n<p>&#8211; <sup>20<\/span><\/sup> a tys n\u00e1s rozbil v \u0161akal\u00edch m\u00edstech,<br \/>ty jsi n\u00e1s zast\u0159el t<strong>e<\/strong>mnotami.<\/p>\n<p>= <sup>21<\/span><\/sup> Kdybychom b\u00fdvali zapomn\u011bli\u2020<br \/>na svat\u00e9 jm\u00e9no sv\u00e9ho Boha<br \/>a vzt\u00e1hli ruku k ciz<strong>\u00ed<\/strong>mu bohu,<\/p>\n<p>&#8211; <sup>22<\/span><\/sup> co\u017e by to B\u016fh byl nezpozoroval?<br \/>On p\u0159ece zn\u00e1 v\u0161echny tajn<strong>o<\/strong>sti srdce.<\/p>\n<p>&#8211; <sup>23<\/span><\/sup> Pro tebe st\u00e1le n\u00e1s pob\u00edjej\u00ed,<br \/>jednaj\u00ed s n\u00e1mi jak s jat<strong>e<\/strong>\u010dn\u00edm st\u00e1dem.<\/p>\n<p>&#8211; <sup>24<\/span><\/sup> Procitni, Pane, pro\u010d je\u0161t\u011b sp\u00ed\u0161?<br \/>Vzbu\u010f se a necht\u011bj n\u00e1s zatr<strong>a<\/strong>tit nav\u017edy!<\/p>\n<p>&#8211; <sup>25<\/span><\/sup> Pro\u010d st\u00e1le p\u0159ed n\u00e1mi skr\u00fdv\u00e1\u0161 svou tv\u00e1\u0159,<br \/>b\u00eddu a strast na\u0161i z<strong>a<\/strong>pom\u00edn\u00e1\u0161?<\/p>\n<p>&#8211; <sup>26<\/span><\/sup> Na\u0161e du\u0161e je sra\u017eena v prach,<br \/>na zemi ulp\u011blo n<strong>a<\/strong>\u0161e t\u011blo.<\/p>\n<p>&#8211; <sup>27<\/span><\/sup> Povsta\u0148 u\u017e, Pane, na pomoc posp\u011b\u0161,<br \/>v milosti sv\u00e9 n<strong>\u00e1<\/strong>s vysvobo\u010f!<\/p>\n","protected":false},"excerpt":{"rendered":"<p>Povsta\u0148, Pane, p\u0159ij\u010f a vysvobo\u010f n\u00e1s. &#8211; 2 Na vlastn\u00ed u\u0161i jsme sl\u00fdchali, Bo\u017ee,otcov\u00e9 na\u0161i n\u00e1m vypr\u00e1v\u011bli&#8211; o tom, cos vykonal za jejich dn\u016f,v tom d\u00e1vn\u00e9m \u010dase, rukou svou. &#8211; 3 Pohany vyhnals, je jsi tam vsadil,n\u00e1rody pot\u0159els, a jim jsi dal r\u016fst. &#8211; 4 Nedobyli si me\u010dem tu zemi,nezv\u00edt\u011bzilo jejich r\u00e1m\u011b;&#8211; n\u00fdbr\u017e tv\u00e1 pravice, &#8230; <a title=\"\u017dalm 44\" class=\"read-more\" href=\"https:\/\/www.texty.santegidio.cz\/?page_id=96\" aria-label=\"More on \u017dalm 44\">Read more<\/a><\/p>\n","protected":false},"author":1,"featured_media":0,"parent":29,"menu_order":0,"comment_status":"closed","ping_status":"closed","template":"","meta":{"_uag_custom_page_level_css":"","jetpack_post_was_ever_published":false,"footnotes":""},"class_list":["post-96","page","type-page","status-publish"],"uagb_featured_image_src":{"full":false,"thumbnail":false,"medium":false,"medium_large":false,"large":false,"1536x1536":false,"2048x2048":false},"uagb_author_info":{"display_name":"Pavel","author_link":"https:\/\/www.texty.santegidio.cz\/?author=1"},"uagb_comment_info":0,"uagb_excerpt":"Povsta\u0148, Pane, p\u0159ij\u010f a vysvobo\u010f n\u00e1s. &#8211; 2 Na vlastn\u00ed u\u0161i jsme sl\u00fdchali, Bo\u017ee,otcov\u00e9 na\u0161i n\u00e1m vypr\u00e1v\u011bli&#8211; o tom, cos vykonal za jejich dn\u016f,v tom d\u00e1vn\u00e9m \u010dase, rukou svou. &#8211; 3 Pohany vyhnals, je jsi tam vsadil,n\u00e1rody pot\u0159els, a jim jsi dal r\u016fst. &#8211; 4 Nedobyli si me\u010dem tu zemi,nezv\u00edt\u011bzilo jejich r\u00e1m\u011b;&#8211; n\u00fdbr\u017e tv\u00e1 pravice,&hellip;","jetpack_sharing_enabled":true,"jetpack_shortlink":"https:\/\/wp.me\/PawMsT-1y","_links":{"self":[{"href":"https:\/\/www.texty.santegidio.cz\/index.php?rest_route=\/wp\/v2\/pages\/96","targetHints":{"allow":["GET"]}}],"collection":[{"href":"https:\/\/www.texty.santegidio.cz\/index.php?rest_route=\/wp\/v2\/pages"}],"about":[{"href":"https:\/\/www.texty.santegidio.cz\/index.php?rest_route=\/wp\/v2\/types\/page"}],"author":[{"embeddable":true,"href":"https:\/\/www.texty.santegidio.cz\/index.php?rest_route=\/wp\/v2\/users\/1"}],"replies":[{"embeddable":true,"href":"https:\/\/www.texty.santegidio.cz\/index.php?rest_route=%2Fwp%2Fv2%2Fcomments&post=96"}],"version-history":[{"count":1,"href":"https:\/\/www.texty.santegidio.cz\/index.php?rest_route=\/wp\/v2\/pages\/96\/revisions"}],"predecessor-version":[{"id":1266,"href":"https:\/\/www.texty.santegidio.cz\/index.php?rest_route=\/wp\/v2\/pages\/96\/revisions\/1266"}],"up":[{"embeddable":true,"href":"https:\/\/www.texty.santegidio.cz\/index.php?rest_route=\/wp\/v2\/pages\/29"}],"wp:attachment":[{"href":"https:\/\/www.texty.santegidio.cz\/index.php?rest_route=%2Fwp%2Fv2%2Fmedia&parent=96"}],"curies":[{"name":"wp","href":"https:\/\/api.w.org\/{rel}","templated":true}]}}