{"id":959,"date":"2018-10-10T14:09:05","date_gmt":"2018-10-10T12:09:05","guid":{"rendered":"http:\/\/www.texty.santegidio.cz?page_id=959"},"modified":"2018-10-10T14:09:05","modified_gmt":"2018-10-10T12:09:05","slug":"modlitba-neodbytneho-pritele","status":"publish","type":"page","link":"https:\/\/www.texty.santegidio.cz\/?page_id=959","title":{"rendered":"Modlitba neodbytn\u00e9ho p\u0159\u00edtele"},"content":{"rendered":"<p>Pane,<br \/> p\u0159ijmi v&nbsp;noci<br \/> modlitbu<br \/> tohoto neodbytn&eacute;ho p\u0159&iacute;tele,<br \/> kter&yacute; s&nbsp;malou v&iacute;rou,<br \/> ale s&nbsp;velkou nouz&iacute;<br \/> a&nbsp;velkou nal&eacute;havost&iacute;<br \/> k&nbsp;tob\u011b vol&aacute;,<br \/> hled&aacute; u&nbsp;tebe,<br \/> bu&scaron;&iacute; ti na dve\u0159e,<br \/> ty, jen\u017e jsi dobr&yacute; Otec<br \/> a&nbsp;ned&aacute;v&aacute;&scaron; kamen&iacute;<br \/> tomu, kdo pros&iacute; o&nbsp;chl&eacute;b,<br \/> dej n&aacute;m, o\u010d t\u011b pros&iacute;me<br \/> a&nbsp;svat&eacute;ho Ducha<br \/> n&aacute;m, kte\u0159&iacute; neum&iacute;me milovat.<br \/> Nyn&iacute; i&nbsp;v\u017edycky.<br \/> Amen.<br \/> &nbsp;<br \/> &nbsp;<\/p>\n","protected":false},"excerpt":{"rendered":"<p>Pane, p\u0159ijmi v&nbsp;noci modlitbu tohoto neodbytn&eacute;ho p\u0159&iacute;tele, kter&yacute; s&nbsp;malou v&iacute;rou, ale s&nbsp;velkou nouz&iacute; a&nbsp;velkou nal&eacute;havost&iacute; k&nbsp;tob\u011b vol&aacute;, hled&aacute; u&nbsp;tebe, bu&scaron;&iacute; ti na dve\u0159e, ty, jen\u017e jsi dobr&yacute; Otec a&nbsp;ned&aacute;v&aacute;&scaron; kamen&iacute; tomu, kdo pros&iacute; o&nbsp;chl&eacute;b, dej n&aacute;m, o\u010d t\u011b pros&iacute;me a&nbsp;svat&eacute;ho Ducha n&aacute;m, kte\u0159&iacute; neum&iacute;me milovat. Nyn&iacute; i&nbsp;v\u017edycky. Amen. &nbsp; &nbsp;<\/p>\n","protected":false},"author":1,"featured_media":0,"parent":694,"menu_order":0,"comment_status":"open","ping_status":"open","template":"","meta":{"_uag_custom_page_level_css":"","jetpack_post_was_ever_published":false,"footnotes":""},"class_list":["post-959","page","type-page","status-publish"],"uagb_featured_image_src":{"full":false,"thumbnail":false,"medium":false,"medium_large":false,"large":false,"1536x1536":false,"2048x2048":false},"uagb_author_info":{"display_name":"Pavel","author_link":"https:\/\/www.texty.santegidio.cz\/?author=1"},"uagb_comment_info":0,"uagb_excerpt":"Pane, p\u0159ijmi v&nbsp;noci modlitbu tohoto neodbytn&eacute;ho p\u0159&iacute;tele, kter&yacute; s&nbsp;malou v&iacute;rou, ale s&nbsp;velkou nouz&iacute; a&nbsp;velkou nal&eacute;havost&iacute; k&nbsp;tob\u011b vol&aacute;, hled&aacute; u&nbsp;tebe, bu&scaron;&iacute; ti na dve\u0159e, ty, jen\u017e jsi dobr&yacute; Otec a&nbsp;ned&aacute;v&aacute;&scaron; kamen&iacute; tomu, kdo pros&iacute; o&nbsp;chl&eacute;b, dej n&aacute;m, o\u010d t\u011b pros&iacute;me a&nbsp;svat&eacute;ho Ducha n&aacute;m, kte\u0159&iacute; neum&iacute;me milovat. Nyn&iacute; i&nbsp;v\u017edycky. Amen. &nbsp; &nbsp;","jetpack_sharing_enabled":true,"jetpack_shortlink":"https:\/\/wp.me\/PawMsT-ft","_links":{"self":[{"href":"https:\/\/www.texty.santegidio.cz\/index.php?rest_route=\/wp\/v2\/pages\/959","targetHints":{"allow":["GET"]}}],"collection":[{"href":"https:\/\/www.texty.santegidio.cz\/index.php?rest_route=\/wp\/v2\/pages"}],"about":[{"href":"https:\/\/www.texty.santegidio.cz\/index.php?rest_route=\/wp\/v2\/types\/page"}],"author":[{"embeddable":true,"href":"https:\/\/www.texty.santegidio.cz\/index.php?rest_route=\/wp\/v2\/users\/1"}],"replies":[{"embeddable":true,"href":"https:\/\/www.texty.santegidio.cz\/index.php?rest_route=%2Fwp%2Fv2%2Fcomments&post=959"}],"version-history":[{"count":0,"href":"https:\/\/www.texty.santegidio.cz\/index.php?rest_route=\/wp\/v2\/pages\/959\/revisions"}],"up":[{"embeddable":true,"href":"https:\/\/www.texty.santegidio.cz\/index.php?rest_route=\/wp\/v2\/pages\/694"}],"wp:attachment":[{"href":"https:\/\/www.texty.santegidio.cz\/index.php?rest_route=%2Fwp%2Fv2%2Fmedia&parent=959"}],"curies":[{"name":"wp","href":"https:\/\/api.w.org\/{rel}","templated":true}]}}