{"id":958,"date":"2018-10-10T14:09:05","date_gmt":"2018-10-10T12:09:05","guid":{"rendered":"http:\/\/www.texty.santegidio.cz?page_id=958"},"modified":"2018-10-10T14:09:05","modified_gmt":"2018-10-10T12:09:05","slug":"modlitba-abychom-videli-srdcem","status":"publish","type":"page","link":"https:\/\/www.texty.santegidio.cz\/?page_id=958","title":{"rendered":"Modlitba, abychom vid\u011bli srdcem"},"content":{"rendered":"<p>A\u0165 P&aacute;n vlo\u017e&iacute; sv&eacute; ruce<br \/> tak&eacute; na na&scaron;e o\u010di,<br \/> abychom za\u010dali vid\u011bt v\u011bci viditeln&eacute;,<br \/> ale i&nbsp;neviditeln&eacute;.<br \/> A\u0165 otev\u0159e zrak na&scaron;&iacute; mysli,<br \/> abychom se nepoutali k&nbsp;p\u0159&iacute;tomnosti,<br \/> ale hled\u011bli do budoucnosti;<br \/> a\u0165 o\u010dist&iacute; pohled na&scaron;eho srdce,<br \/> abychom naz&iacute;rali Boha<br \/> v&nbsp;jeho svat&eacute;m Duchu,<br \/> skrze Krista, na&scaron;eho P&aacute;na,<br \/> nyn&iacute; i&nbsp;na v\u011bky v\u011bk\u016f.<br \/> Amen.<br \/> <em>(Origenes<\/em><br \/> &nbsp;<\/p>\n","protected":false},"excerpt":{"rendered":"<p>A\u0165 P&aacute;n vlo\u017e&iacute; sv&eacute; ruce tak&eacute; na na&scaron;e o\u010di, abychom za\u010dali vid\u011bt v\u011bci viditeln&eacute;, ale i&nbsp;neviditeln&eacute;. A\u0165 otev\u0159e zrak na&scaron;&iacute; mysli, abychom se nepoutali k&nbsp;p\u0159&iacute;tomnosti, ale hled\u011bli do budoucnosti; a\u0165 o\u010dist&iacute; pohled na&scaron;eho srdce, abychom naz&iacute;rali Boha v&nbsp;jeho svat&eacute;m Duchu, skrze Krista, na&scaron;eho P&aacute;na, nyn&iacute; i&nbsp;na v\u011bky v\u011bk\u016f. Amen. (Origenes &nbsp;<\/p>\n","protected":false},"author":1,"featured_media":0,"parent":694,"menu_order":0,"comment_status":"open","ping_status":"open","template":"","meta":{"_uag_custom_page_level_css":"","jetpack_post_was_ever_published":false,"footnotes":""},"class_list":["post-958","page","type-page","status-publish"],"uagb_featured_image_src":{"full":false,"thumbnail":false,"medium":false,"medium_large":false,"large":false,"1536x1536":false,"2048x2048":false},"uagb_author_info":{"display_name":"Pavel","author_link":"https:\/\/www.texty.santegidio.cz\/?author=1"},"uagb_comment_info":0,"uagb_excerpt":"A\u0165 P&aacute;n vlo\u017e&iacute; sv&eacute; ruce tak&eacute; na na&scaron;e o\u010di, abychom za\u010dali vid\u011bt v\u011bci viditeln&eacute;, ale i&nbsp;neviditeln&eacute;. A\u0165 otev\u0159e zrak na&scaron;&iacute; mysli, abychom se nepoutali k&nbsp;p\u0159&iacute;tomnosti, ale hled\u011bli do budoucnosti; a\u0165 o\u010dist&iacute; pohled na&scaron;eho srdce, abychom naz&iacute;rali Boha v&nbsp;jeho svat&eacute;m Duchu, skrze Krista, na&scaron;eho P&aacute;na, nyn&iacute; i&nbsp;na v\u011bky v\u011bk\u016f. Amen. (Origenes &nbsp;","jetpack_sharing_enabled":true,"jetpack_shortlink":"https:\/\/wp.me\/PawMsT-fs","_links":{"self":[{"href":"https:\/\/www.texty.santegidio.cz\/index.php?rest_route=\/wp\/v2\/pages\/958","targetHints":{"allow":["GET"]}}],"collection":[{"href":"https:\/\/www.texty.santegidio.cz\/index.php?rest_route=\/wp\/v2\/pages"}],"about":[{"href":"https:\/\/www.texty.santegidio.cz\/index.php?rest_route=\/wp\/v2\/types\/page"}],"author":[{"embeddable":true,"href":"https:\/\/www.texty.santegidio.cz\/index.php?rest_route=\/wp\/v2\/users\/1"}],"replies":[{"embeddable":true,"href":"https:\/\/www.texty.santegidio.cz\/index.php?rest_route=%2Fwp%2Fv2%2Fcomments&post=958"}],"version-history":[{"count":0,"href":"https:\/\/www.texty.santegidio.cz\/index.php?rest_route=\/wp\/v2\/pages\/958\/revisions"}],"up":[{"embeddable":true,"href":"https:\/\/www.texty.santegidio.cz\/index.php?rest_route=\/wp\/v2\/pages\/694"}],"wp:attachment":[{"href":"https:\/\/www.texty.santegidio.cz\/index.php?rest_route=%2Fwp%2Fv2%2Fmedia&parent=958"}],"curies":[{"name":"wp","href":"https:\/\/api.w.org\/{rel}","templated":true}]}}