{"id":957,"date":"2018-10-10T14:09:05","date_gmt":"2018-10-10T12:09:05","guid":{"rendered":"http:\/\/www.texty.santegidio.cz?page_id=957"},"modified":"2018-10-10T14:09:05","modified_gmt":"2018-10-10T12:09:05","slug":"modlitba-po-cetbe-pisma","status":"publish","type":"page","link":"https:\/\/www.texty.santegidio.cz\/?page_id=957","title":{"rendered":"Modlitba po \u010detb\u011b P\u00edsma"},"content":{"rendered":"<p>&Oacute;&nbsp;Pane,<br \/> a\u0165 m\u016f\u017eeme k&nbsp;tob\u011b volat<br \/> a&nbsp;ty n&aacute;m odpov&iacute;&scaron;;<br \/> naklo\u0148 n&aacute;s k&nbsp;sob\u011b<br \/> a&nbsp;sklo\u0148 k&nbsp;n&aacute;m svoji tv&aacute;\u0159.<br \/> A\u0165 \u010detba <br \/> a&nbsp;studium P&iacute;sma<br \/> mohou vystoupat k&nbsp;tob\u011b,<br \/> jako bychom z&iacute;skali <br \/> ve&scaron;ker&aacute; &uacute;\u017easn&aacute; a&nbsp;b&aacute;ze\u0148 vzbuzuj&iacute;c&iacute; tajemstv&iacute;<br \/> skryt&aacute; v&nbsp;jeho z&aacute;kout&iacute;ch.<br \/> <em>(Sefardsk&aacute; modlitba &Scaron;&aacute;besu)<\/em><br \/> &nbsp;<br \/> &nbsp;<\/p>\n","protected":false},"excerpt":{"rendered":"<p>&Oacute;&nbsp;Pane, a\u0165 m\u016f\u017eeme k&nbsp;tob\u011b volat a&nbsp;ty n&aacute;m odpov&iacute;&scaron;; naklo\u0148 n&aacute;s k&nbsp;sob\u011b a&nbsp;sklo\u0148 k&nbsp;n&aacute;m svoji tv&aacute;\u0159. A\u0165 \u010detba a&nbsp;studium P&iacute;sma mohou vystoupat k&nbsp;tob\u011b, jako bychom z&iacute;skali ve&scaron;ker&aacute; &uacute;\u017easn&aacute; a&nbsp;b&aacute;ze\u0148 vzbuzuj&iacute;c&iacute; tajemstv&iacute; skryt&aacute; v&nbsp;jeho z&aacute;kout&iacute;ch. (Sefardsk&aacute; modlitba &Scaron;&aacute;besu) &nbsp; &nbsp;<\/p>\n","protected":false},"author":1,"featured_media":0,"parent":694,"menu_order":0,"comment_status":"open","ping_status":"open","template":"","meta":{"_uag_custom_page_level_css":"","jetpack_post_was_ever_published":false,"footnotes":""},"class_list":["post-957","page","type-page","status-publish"],"uagb_featured_image_src":{"full":false,"thumbnail":false,"medium":false,"medium_large":false,"large":false,"1536x1536":false,"2048x2048":false},"uagb_author_info":{"display_name":"Pavel","author_link":"https:\/\/www.texty.santegidio.cz\/?author=1"},"uagb_comment_info":0,"uagb_excerpt":"&Oacute;&nbsp;Pane, a\u0165 m\u016f\u017eeme k&nbsp;tob\u011b volat a&nbsp;ty n&aacute;m odpov&iacute;&scaron;; naklo\u0148 n&aacute;s k&nbsp;sob\u011b a&nbsp;sklo\u0148 k&nbsp;n&aacute;m svoji tv&aacute;\u0159. A\u0165 \u010detba a&nbsp;studium P&iacute;sma mohou vystoupat k&nbsp;tob\u011b, jako bychom z&iacute;skali ve&scaron;ker&aacute; &uacute;\u017easn&aacute; a&nbsp;b&aacute;ze\u0148 vzbuzuj&iacute;c&iacute; tajemstv&iacute; skryt&aacute; v&nbsp;jeho z&aacute;kout&iacute;ch. (Sefardsk&aacute; modlitba &Scaron;&aacute;besu) &nbsp; &nbsp;","jetpack_sharing_enabled":true,"jetpack_shortlink":"https:\/\/wp.me\/PawMsT-fr","_links":{"self":[{"href":"https:\/\/www.texty.santegidio.cz\/index.php?rest_route=\/wp\/v2\/pages\/957","targetHints":{"allow":["GET"]}}],"collection":[{"href":"https:\/\/www.texty.santegidio.cz\/index.php?rest_route=\/wp\/v2\/pages"}],"about":[{"href":"https:\/\/www.texty.santegidio.cz\/index.php?rest_route=\/wp\/v2\/types\/page"}],"author":[{"embeddable":true,"href":"https:\/\/www.texty.santegidio.cz\/index.php?rest_route=\/wp\/v2\/users\/1"}],"replies":[{"embeddable":true,"href":"https:\/\/www.texty.santegidio.cz\/index.php?rest_route=%2Fwp%2Fv2%2Fcomments&post=957"}],"version-history":[{"count":0,"href":"https:\/\/www.texty.santegidio.cz\/index.php?rest_route=\/wp\/v2\/pages\/957\/revisions"}],"up":[{"embeddable":true,"href":"https:\/\/www.texty.santegidio.cz\/index.php?rest_route=\/wp\/v2\/pages\/694"}],"wp:attachment":[{"href":"https:\/\/www.texty.santegidio.cz\/index.php?rest_route=%2Fwp%2Fv2%2Fmedia&parent=957"}],"curies":[{"name":"wp","href":"https:\/\/api.w.org\/{rel}","templated":true}]}}