{"id":956,"date":"2018-10-10T14:09:05","date_gmt":"2018-10-10T12:09:05","guid":{"rendered":"http:\/\/www.texty.santegidio.cz?page_id=956"},"modified":"2018-10-10T14:09:05","modified_gmt":"2018-10-10T12:09:05","slug":"modlitba-pred-cetbou-pisma","status":"publish","type":"page","link":"https:\/\/www.texty.santegidio.cz\/?page_id=956","title":{"rendered":"Modlitba p\u0159ed \u010detbou P\u00edsma"},"content":{"rendered":"<p>Sly&scaron;, Ot\u010de Krista,<br \/> jemu\u017e nic neunikne,<br \/> moji dne&scaron;n&iacute; modlitbu.<br \/> Dop\u0159ej, a\u0165 tv\u016fj slu\u017eebn&iacute;k<br \/> sly&scaron;&iacute; z&aacute;zra\u010dn&yacute; zp\u011bv.<br \/> Ve\u010f m&eacute; kroky po cest&aacute;ch na&scaron;eho Boha,<br \/> toho, kdo zn&aacute; Boha,<br \/> nebo\u0165 se z&nbsp;n\u011bj zrodil,<br \/> Kristus, kr&aacute;l, kter&yacute; osvobodil lidi<br \/> z&nbsp;ve&scaron;ker&yacute;ch jejich b\u011bd.<br \/> Slitoval se<br \/> v&nbsp;\u010dase lidsk&eacute;ho utrpen&iacute;<br \/> a&nbsp;se svolen&iacute;m Otce<br \/> zm\u011bnil svoji podstatu.<br \/> Nesmrteln&yacute; B\u016fh se stal smrteln&yacute;m,<br \/> aby osvobodil v&scaron;echny ty,<br \/> kdo st&eacute;nali v&nbsp;podru\u010d&iacute; pekla.<br \/> U\u010di\u0148 moji du&scaron;i pozornou.<br \/> Nyn&iacute; i&nbsp;v\u017edycky.<br \/> Amen.<br \/> <em>(\u0158eho\u0159 Nazi&aacute;nsk&yacute;)<\/em><\/p>\n","protected":false},"excerpt":{"rendered":"<p>Sly&scaron;, Ot\u010de Krista, jemu\u017e nic neunikne, moji dne&scaron;n&iacute; modlitbu. Dop\u0159ej, a\u0165 tv\u016fj slu\u017eebn&iacute;k sly&scaron;&iacute; z&aacute;zra\u010dn&yacute; zp\u011bv. Ve\u010f m&eacute; kroky po cest&aacute;ch na&scaron;eho Boha, toho, kdo zn&aacute; Boha, nebo\u0165 se z&nbsp;n\u011bj zrodil, Kristus, kr&aacute;l, kter&yacute; osvobodil lidi z&nbsp;ve&scaron;ker&yacute;ch jejich b\u011bd. Slitoval se v&nbsp;\u010dase lidsk&eacute;ho utrpen&iacute; a&nbsp;se svolen&iacute;m Otce zm\u011bnil svoji podstatu. Nesmrteln&yacute; B\u016fh se stal smrteln&yacute;m, &#8230; <a title=\"Modlitba p\u0159ed \u010detbou P\u00edsma\" class=\"read-more\" href=\"https:\/\/www.texty.santegidio.cz\/?page_id=956\" aria-label=\"More on Modlitba p\u0159ed \u010detbou P\u00edsma\">Read more<\/a><\/p>\n","protected":false},"author":1,"featured_media":0,"parent":694,"menu_order":0,"comment_status":"open","ping_status":"open","template":"","meta":{"_uag_custom_page_level_css":"","jetpack_post_was_ever_published":false,"footnotes":""},"class_list":["post-956","page","type-page","status-publish"],"uagb_featured_image_src":{"full":false,"thumbnail":false,"medium":false,"medium_large":false,"large":false,"1536x1536":false,"2048x2048":false},"uagb_author_info":{"display_name":"Pavel","author_link":"https:\/\/www.texty.santegidio.cz\/?author=1"},"uagb_comment_info":0,"uagb_excerpt":"Sly&scaron;, Ot\u010de Krista, jemu\u017e nic neunikne, moji dne&scaron;n&iacute; modlitbu. Dop\u0159ej, a\u0165 tv\u016fj slu\u017eebn&iacute;k sly&scaron;&iacute; z&aacute;zra\u010dn&yacute; zp\u011bv. Ve\u010f m&eacute; kroky po cest&aacute;ch na&scaron;eho Boha, toho, kdo zn&aacute; Boha, nebo\u0165 se z&nbsp;n\u011bj zrodil, Kristus, kr&aacute;l, kter&yacute; osvobodil lidi z&nbsp;ve&scaron;ker&yacute;ch jejich b\u011bd. Slitoval se v&nbsp;\u010dase lidsk&eacute;ho utrpen&iacute; a&nbsp;se svolen&iacute;m Otce zm\u011bnil svoji podstatu. Nesmrteln&yacute; B\u016fh se stal smrteln&yacute;m,&hellip;","jetpack_sharing_enabled":true,"jetpack_shortlink":"https:\/\/wp.me\/PawMsT-fq","_links":{"self":[{"href":"https:\/\/www.texty.santegidio.cz\/index.php?rest_route=\/wp\/v2\/pages\/956","targetHints":{"allow":["GET"]}}],"collection":[{"href":"https:\/\/www.texty.santegidio.cz\/index.php?rest_route=\/wp\/v2\/pages"}],"about":[{"href":"https:\/\/www.texty.santegidio.cz\/index.php?rest_route=\/wp\/v2\/types\/page"}],"author":[{"embeddable":true,"href":"https:\/\/www.texty.santegidio.cz\/index.php?rest_route=\/wp\/v2\/users\/1"}],"replies":[{"embeddable":true,"href":"https:\/\/www.texty.santegidio.cz\/index.php?rest_route=%2Fwp%2Fv2%2Fcomments&post=956"}],"version-history":[{"count":0,"href":"https:\/\/www.texty.santegidio.cz\/index.php?rest_route=\/wp\/v2\/pages\/956\/revisions"}],"up":[{"embeddable":true,"href":"https:\/\/www.texty.santegidio.cz\/index.php?rest_route=\/wp\/v2\/pages\/694"}],"wp:attachment":[{"href":"https:\/\/www.texty.santegidio.cz\/index.php?rest_route=%2Fwp%2Fv2%2Fmedia&parent=956"}],"curies":[{"name":"wp","href":"https:\/\/api.w.org\/{rel}","templated":true}]}}