{"id":955,"date":"2018-10-10T14:09:05","date_gmt":"2018-10-10T12:09:05","guid":{"rendered":"http:\/\/www.texty.santegidio.cz?page_id=955"},"modified":"2018-10-10T14:09:05","modified_gmt":"2018-10-10T12:09:05","slug":"modlitba-k-bohu-ktery-promlouva-v-tichu","status":"publish","type":"page","link":"https:\/\/www.texty.santegidio.cz\/?page_id=955","title":{"rendered":"Modlitba k Bohu, kter\u00fd promlouv\u00e1 v tichu"},"content":{"rendered":"<p>P\u0159ijmi slova, kter&aacute; z&nbsp;m&eacute; du&scaron;e<br \/> a&nbsp;z&nbsp;m&eacute;ho srdce stoupaj&iacute; k&nbsp;tob\u011b,<br \/> &oacute;&nbsp;Bo\u017ee, kter&yacute; promlouv&aacute;&scaron; v&nbsp;tichu.<br \/> Pros&iacute;m t\u011b, dej n&aacute;m poznat<br \/> hlubiny na&scaron;eho srdce.<br \/> Sklo\u0148 se ke mn\u011b a&nbsp;u\u010di\u0148 m\u011b siln&yacute;m.<br \/> Nech&aacute;m tuto milost z&aacute;\u0159it<br \/> skrze l&aacute;sku ke sv&yacute;m brat\u0159&iacute;m.<br \/> Tob\u011b budi\u017e sl&aacute;va, nyn&iacute; i&nbsp;v\u017edycky<br \/> a&nbsp;na v\u011bky v\u011bk\u016f.<br \/> Amen.<br \/> <em>(Anonymn&iacute; autor, III.&nbsp;Stolet&iacute;)<\/em><br \/> &nbsp;<br \/> &nbsp;<br \/> &nbsp;<\/p>\n","protected":false},"excerpt":{"rendered":"<p>P\u0159ijmi slova, kter&aacute; z&nbsp;m&eacute; du&scaron;e a&nbsp;z&nbsp;m&eacute;ho srdce stoupaj&iacute; k&nbsp;tob\u011b, &oacute;&nbsp;Bo\u017ee, kter&yacute; promlouv&aacute;&scaron; v&nbsp;tichu. Pros&iacute;m t\u011b, dej n&aacute;m poznat hlubiny na&scaron;eho srdce. Sklo\u0148 se ke mn\u011b a&nbsp;u\u010di\u0148 m\u011b siln&yacute;m. Nech&aacute;m tuto milost z&aacute;\u0159it skrze l&aacute;sku ke sv&yacute;m brat\u0159&iacute;m. Tob\u011b budi\u017e sl&aacute;va, nyn&iacute; i&nbsp;v\u017edycky a&nbsp;na v\u011bky v\u011bk\u016f. Amen. (Anonymn&iacute; autor, III.&nbsp;Stolet&iacute;) &nbsp; &nbsp; &nbsp;<\/p>\n","protected":false},"author":1,"featured_media":0,"parent":694,"menu_order":0,"comment_status":"open","ping_status":"open","template":"","meta":{"_uag_custom_page_level_css":"","jetpack_post_was_ever_published":false,"footnotes":""},"class_list":["post-955","page","type-page","status-publish"],"uagb_featured_image_src":{"full":false,"thumbnail":false,"medium":false,"medium_large":false,"large":false,"1536x1536":false,"2048x2048":false},"uagb_author_info":{"display_name":"Pavel","author_link":"https:\/\/www.texty.santegidio.cz\/?author=1"},"uagb_comment_info":0,"uagb_excerpt":"P\u0159ijmi slova, kter&aacute; z&nbsp;m&eacute; du&scaron;e a&nbsp;z&nbsp;m&eacute;ho srdce stoupaj&iacute; k&nbsp;tob\u011b, &oacute;&nbsp;Bo\u017ee, kter&yacute; promlouv&aacute;&scaron; v&nbsp;tichu. Pros&iacute;m t\u011b, dej n&aacute;m poznat hlubiny na&scaron;eho srdce. Sklo\u0148 se ke mn\u011b a&nbsp;u\u010di\u0148 m\u011b siln&yacute;m. Nech&aacute;m tuto milost z&aacute;\u0159it skrze l&aacute;sku ke sv&yacute;m brat\u0159&iacute;m. Tob\u011b budi\u017e sl&aacute;va, nyn&iacute; i&nbsp;v\u017edycky a&nbsp;na v\u011bky v\u011bk\u016f. Amen. (Anonymn&iacute; autor, III.&nbsp;Stolet&iacute;) &nbsp; &nbsp; &nbsp;","jetpack_sharing_enabled":true,"jetpack_shortlink":"https:\/\/wp.me\/PawMsT-fp","_links":{"self":[{"href":"https:\/\/www.texty.santegidio.cz\/index.php?rest_route=\/wp\/v2\/pages\/955","targetHints":{"allow":["GET"]}}],"collection":[{"href":"https:\/\/www.texty.santegidio.cz\/index.php?rest_route=\/wp\/v2\/pages"}],"about":[{"href":"https:\/\/www.texty.santegidio.cz\/index.php?rest_route=\/wp\/v2\/types\/page"}],"author":[{"embeddable":true,"href":"https:\/\/www.texty.santegidio.cz\/index.php?rest_route=\/wp\/v2\/users\/1"}],"replies":[{"embeddable":true,"href":"https:\/\/www.texty.santegidio.cz\/index.php?rest_route=%2Fwp%2Fv2%2Fcomments&post=955"}],"version-history":[{"count":0,"href":"https:\/\/www.texty.santegidio.cz\/index.php?rest_route=\/wp\/v2\/pages\/955\/revisions"}],"up":[{"embeddable":true,"href":"https:\/\/www.texty.santegidio.cz\/index.php?rest_route=\/wp\/v2\/pages\/694"}],"wp:attachment":[{"href":"https:\/\/www.texty.santegidio.cz\/index.php?rest_route=%2Fwp%2Fv2%2Fmedia&parent=955"}],"curies":[{"name":"wp","href":"https:\/\/api.w.org\/{rel}","templated":true}]}}