{"id":953,"date":"2018-10-10T14:09:05","date_gmt":"2018-10-10T12:09:05","guid":{"rendered":"http:\/\/www.texty.santegidio.cz?page_id=953"},"modified":"2018-10-10T14:09:05","modified_gmt":"2018-10-10T12:09:05","slug":"modlitba-za-inteligenci-pisma","status":"publish","type":"page","link":"https:\/\/www.texty.santegidio.cz\/?page_id=953","title":{"rendered":"Modlitba za inteligenci P\u00edsma"},"content":{"rendered":"<p>Prosme P&aacute;na<br \/> a&nbsp;jeho svat&eacute;ho Ducha,<br \/> aby od n&aacute;s vzd&aacute;lil<br \/> ve&scaron;kerou mlhu a&nbsp;temnotu,<br \/> kter&aacute; pro na&scaron;e h\u0159&iacute;chy<br \/> zatem\u0148uje pohled na&scaron;eho srdce;<br \/> aby n&aacute;m dal inteligenci<br \/> sv&eacute;ho Slova.<br \/> Nyn&iacute; i&nbsp;v\u017edycky.<br \/> Amen.<br \/> <em>(Origenes)<\/em><\/p>\n<p><\/p>\n","protected":false},"excerpt":{"rendered":"<p>Prosme P&aacute;na a&nbsp;jeho svat&eacute;ho Ducha, aby od n&aacute;s vzd&aacute;lil ve&scaron;kerou mlhu a&nbsp;temnotu, kter&aacute; pro na&scaron;e h\u0159&iacute;chy zatem\u0148uje pohled na&scaron;eho srdce; aby n&aacute;m dal inteligenci sv&eacute;ho Slova. Nyn&iacute; i&nbsp;v\u017edycky. Amen. (Origenes)<\/p>\n","protected":false},"author":1,"featured_media":0,"parent":694,"menu_order":0,"comment_status":"open","ping_status":"open","template":"","meta":{"_uag_custom_page_level_css":"","jetpack_post_was_ever_published":false,"footnotes":""},"class_list":["post-953","page","type-page","status-publish"],"uagb_featured_image_src":{"full":false,"thumbnail":false,"medium":false,"medium_large":false,"large":false,"1536x1536":false,"2048x2048":false},"uagb_author_info":{"display_name":"Pavel","author_link":"https:\/\/www.texty.santegidio.cz\/?author=1"},"uagb_comment_info":0,"uagb_excerpt":"Prosme P&aacute;na a&nbsp;jeho svat&eacute;ho Ducha, aby od n&aacute;s vzd&aacute;lil ve&scaron;kerou mlhu a&nbsp;temnotu, kter&aacute; pro na&scaron;e h\u0159&iacute;chy zatem\u0148uje pohled na&scaron;eho srdce; aby n&aacute;m dal inteligenci sv&eacute;ho Slova. Nyn&iacute; i&nbsp;v\u017edycky. Amen. (Origenes)","jetpack_sharing_enabled":true,"jetpack_shortlink":"https:\/\/wp.me\/PawMsT-fn","_links":{"self":[{"href":"https:\/\/www.texty.santegidio.cz\/index.php?rest_route=\/wp\/v2\/pages\/953","targetHints":{"allow":["GET"]}}],"collection":[{"href":"https:\/\/www.texty.santegidio.cz\/index.php?rest_route=\/wp\/v2\/pages"}],"about":[{"href":"https:\/\/www.texty.santegidio.cz\/index.php?rest_route=\/wp\/v2\/types\/page"}],"author":[{"embeddable":true,"href":"https:\/\/www.texty.santegidio.cz\/index.php?rest_route=\/wp\/v2\/users\/1"}],"replies":[{"embeddable":true,"href":"https:\/\/www.texty.santegidio.cz\/index.php?rest_route=%2Fwp%2Fv2%2Fcomments&post=953"}],"version-history":[{"count":0,"href":"https:\/\/www.texty.santegidio.cz\/index.php?rest_route=\/wp\/v2\/pages\/953\/revisions"}],"up":[{"embeddable":true,"href":"https:\/\/www.texty.santegidio.cz\/index.php?rest_route=\/wp\/v2\/pages\/694"}],"wp:attachment":[{"href":"https:\/\/www.texty.santegidio.cz\/index.php?rest_route=%2Fwp%2Fv2%2Fmedia&parent=953"}],"curies":[{"name":"wp","href":"https:\/\/api.w.org\/{rel}","templated":true}]}}