{"id":952,"date":"2018-10-10T14:09:05","date_gmt":"2018-10-10T12:09:05","guid":{"rendered":"http:\/\/www.texty.santegidio.cz?page_id=952"},"modified":"2018-10-10T14:09:05","modified_gmt":"2018-10-10T12:09:05","slug":"modlitba-za-bozi-slovo","status":"publish","type":"page","link":"https:\/\/www.texty.santegidio.cz\/?page_id=952","title":{"rendered":"Modlitba za Bo\u017e\u00ed slovo"},"content":{"rendered":"<p>Pros&iacute;me Bo\u017e&iacute; milosrdenstv&iacute;,<br \/> aby n&aacute;m nejen dalo naslouchat jeho Slovu,<br \/> ale tak&eacute; je konat.<br \/> A\u0165 vylije do na&scaron;ich du&scaron;&iacute;<br \/> sv&eacute;ho svat&eacute;ho Ducha<br \/> a&nbsp;jako vody p\u0159i potop\u011b<br \/> zni\u010d&iacute; v&nbsp;n&aacute;s to,<br \/> co mus&iacute; b&yacute;t zni\u010deno<br \/> a&nbsp;o\u017eiv&iacute; v&nbsp;n&aacute;s to, <br \/> co mus&iacute; b&yacute;t o\u017eiveno.<br \/> Skrze Krista, na&scaron;eho P&aacute;na.<br \/> Amen.<br \/> <em>(Origenes)<\/em><\/p>\n<p><\/p>\n","protected":false},"excerpt":{"rendered":"<p>Pros&iacute;me Bo\u017e&iacute; milosrdenstv&iacute;, aby n&aacute;m nejen dalo naslouchat jeho Slovu, ale tak&eacute; je konat. A\u0165 vylije do na&scaron;ich du&scaron;&iacute; sv&eacute;ho svat&eacute;ho Ducha a&nbsp;jako vody p\u0159i potop\u011b zni\u010d&iacute; v&nbsp;n&aacute;s to, co mus&iacute; b&yacute;t zni\u010deno a&nbsp;o\u017eiv&iacute; v&nbsp;n&aacute;s to, co mus&iacute; b&yacute;t o\u017eiveno. Skrze Krista, na&scaron;eho P&aacute;na. Amen. (Origenes)<\/p>\n","protected":false},"author":1,"featured_media":0,"parent":694,"menu_order":0,"comment_status":"open","ping_status":"open","template":"","meta":{"_uag_custom_page_level_css":"","jetpack_post_was_ever_published":false,"footnotes":""},"class_list":["post-952","page","type-page","status-publish"],"uagb_featured_image_src":{"full":false,"thumbnail":false,"medium":false,"medium_large":false,"large":false,"1536x1536":false,"2048x2048":false},"uagb_author_info":{"display_name":"Pavel","author_link":"https:\/\/www.texty.santegidio.cz\/?author=1"},"uagb_comment_info":0,"uagb_excerpt":"Pros&iacute;me Bo\u017e&iacute; milosrdenstv&iacute;, aby n&aacute;m nejen dalo naslouchat jeho Slovu, ale tak&eacute; je konat. A\u0165 vylije do na&scaron;ich du&scaron;&iacute; sv&eacute;ho svat&eacute;ho Ducha a&nbsp;jako vody p\u0159i potop\u011b zni\u010d&iacute; v&nbsp;n&aacute;s to, co mus&iacute; b&yacute;t zni\u010deno a&nbsp;o\u017eiv&iacute; v&nbsp;n&aacute;s to, co mus&iacute; b&yacute;t o\u017eiveno. Skrze Krista, na&scaron;eho P&aacute;na. Amen. (Origenes)","jetpack_sharing_enabled":true,"jetpack_shortlink":"https:\/\/wp.me\/PawMsT-fm","_links":{"self":[{"href":"https:\/\/www.texty.santegidio.cz\/index.php?rest_route=\/wp\/v2\/pages\/952","targetHints":{"allow":["GET"]}}],"collection":[{"href":"https:\/\/www.texty.santegidio.cz\/index.php?rest_route=\/wp\/v2\/pages"}],"about":[{"href":"https:\/\/www.texty.santegidio.cz\/index.php?rest_route=\/wp\/v2\/types\/page"}],"author":[{"embeddable":true,"href":"https:\/\/www.texty.santegidio.cz\/index.php?rest_route=\/wp\/v2\/users\/1"}],"replies":[{"embeddable":true,"href":"https:\/\/www.texty.santegidio.cz\/index.php?rest_route=%2Fwp%2Fv2%2Fcomments&post=952"}],"version-history":[{"count":0,"href":"https:\/\/www.texty.santegidio.cz\/index.php?rest_route=\/wp\/v2\/pages\/952\/revisions"}],"up":[{"embeddable":true,"href":"https:\/\/www.texty.santegidio.cz\/index.php?rest_route=\/wp\/v2\/pages\/694"}],"wp:attachment":[{"href":"https:\/\/www.texty.santegidio.cz\/index.php?rest_route=%2Fwp%2Fv2%2Fmedia&parent=952"}],"curies":[{"name":"wp","href":"https:\/\/api.w.org\/{rel}","templated":true}]}}