{"id":951,"date":"2018-10-10T14:09:05","date_gmt":"2018-10-10T12:09:05","guid":{"rendered":"http:\/\/www.texty.santegidio.cz?page_id=951"},"modified":"2018-10-10T14:09:05","modified_gmt":"2018-10-10T12:09:05","slug":"modlitba-k-panu-a-mistru","status":"publish","type":"page","link":"https:\/\/www.texty.santegidio.cz\/?page_id=951","title":{"rendered":"Modlitba k P\u00e1nu a Mistru"},"content":{"rendered":"<p>Jsi po\u017eehnan&yacute;, Pane,<br \/> nau\u010d m\u011b sv&yacute;m p\u0159ik&aacute;z&aacute;n&iacute;m.<br \/> Pane, od v\u011bk\u016f do v\u011bk\u016f <br \/> jsi byl na&scaron;&iacute;m &uacute;to\u010di&scaron;t\u011bm.<br \/> \u0158ekl jsem: Pane, smiluj se nade mnou,<br \/> uzdrav moji du&scaron;i, nebo\u0165 jsem zh\u0159e&scaron;il.<br \/> Nau\u010d m\u011b \u010dinit tvoji v\u016fli:<br \/> nebo\u0165 ty jsi m\u016fj B\u016fh,<br \/> nebo\u0165 v&nbsp;tob\u011b je pramen \u017eivota<br \/> a&nbsp;ve tv&eacute;m sv\u011btle uvid&iacute;me sv\u011btlo.<br \/> Zachovej sv&eacute; milosrdenstv&iacute; t\u011bm,<br \/> kdo t\u011b vyzn&aacute;vaj&iacute;,<br \/> Otce, Syna a&nbsp;Ducha svat&eacute;ho,<br \/> nyn&iacute; i&nbsp;v\u017edycky.<br \/> Amen.<\/p>\n<p><\/p>\n","protected":false},"excerpt":{"rendered":"<p>Jsi po\u017eehnan&yacute;, Pane, nau\u010d m\u011b sv&yacute;m p\u0159ik&aacute;z&aacute;n&iacute;m. Pane, od v\u011bk\u016f do v\u011bk\u016f jsi byl na&scaron;&iacute;m &uacute;to\u010di&scaron;t\u011bm. \u0158ekl jsem: Pane, smiluj se nade mnou, uzdrav moji du&scaron;i, nebo\u0165 jsem zh\u0159e&scaron;il. Nau\u010d m\u011b \u010dinit tvoji v\u016fli: nebo\u0165 ty jsi m\u016fj B\u016fh, nebo\u0165 v&nbsp;tob\u011b je pramen \u017eivota a&nbsp;ve tv&eacute;m sv\u011btle uvid&iacute;me sv\u011btlo. Zachovej sv&eacute; milosrdenstv&iacute; t\u011bm, kdo t\u011b &#8230; <a title=\"Modlitba k P\u00e1nu a Mistru\" class=\"read-more\" href=\"https:\/\/www.texty.santegidio.cz\/?page_id=951\" aria-label=\"More on Modlitba k P\u00e1nu a Mistru\">Read more<\/a><\/p>\n","protected":false},"author":1,"featured_media":0,"parent":694,"menu_order":0,"comment_status":"open","ping_status":"open","template":"","meta":{"_uag_custom_page_level_css":"","jetpack_post_was_ever_published":false,"footnotes":""},"class_list":["post-951","page","type-page","status-publish"],"uagb_featured_image_src":{"full":false,"thumbnail":false,"medium":false,"medium_large":false,"large":false,"1536x1536":false,"2048x2048":false},"uagb_author_info":{"display_name":"Pavel","author_link":"https:\/\/www.texty.santegidio.cz\/?author=1"},"uagb_comment_info":0,"uagb_excerpt":"Jsi po\u017eehnan&yacute;, Pane, nau\u010d m\u011b sv&yacute;m p\u0159ik&aacute;z&aacute;n&iacute;m. Pane, od v\u011bk\u016f do v\u011bk\u016f jsi byl na&scaron;&iacute;m &uacute;to\u010di&scaron;t\u011bm. \u0158ekl jsem: Pane, smiluj se nade mnou, uzdrav moji du&scaron;i, nebo\u0165 jsem zh\u0159e&scaron;il. Nau\u010d m\u011b \u010dinit tvoji v\u016fli: nebo\u0165 ty jsi m\u016fj B\u016fh, nebo\u0165 v&nbsp;tob\u011b je pramen \u017eivota a&nbsp;ve tv&eacute;m sv\u011btle uvid&iacute;me sv\u011btlo. Zachovej sv&eacute; milosrdenstv&iacute; t\u011bm, kdo t\u011b&hellip;","jetpack_sharing_enabled":true,"jetpack_shortlink":"https:\/\/wp.me\/PawMsT-fl","_links":{"self":[{"href":"https:\/\/www.texty.santegidio.cz\/index.php?rest_route=\/wp\/v2\/pages\/951","targetHints":{"allow":["GET"]}}],"collection":[{"href":"https:\/\/www.texty.santegidio.cz\/index.php?rest_route=\/wp\/v2\/pages"}],"about":[{"href":"https:\/\/www.texty.santegidio.cz\/index.php?rest_route=\/wp\/v2\/types\/page"}],"author":[{"embeddable":true,"href":"https:\/\/www.texty.santegidio.cz\/index.php?rest_route=\/wp\/v2\/users\/1"}],"replies":[{"embeddable":true,"href":"https:\/\/www.texty.santegidio.cz\/index.php?rest_route=%2Fwp%2Fv2%2Fcomments&post=951"}],"version-history":[{"count":0,"href":"https:\/\/www.texty.santegidio.cz\/index.php?rest_route=\/wp\/v2\/pages\/951\/revisions"}],"up":[{"embeddable":true,"href":"https:\/\/www.texty.santegidio.cz\/index.php?rest_route=\/wp\/v2\/pages\/694"}],"wp:attachment":[{"href":"https:\/\/www.texty.santegidio.cz\/index.php?rest_route=%2Fwp%2Fv2%2Fmedia&parent=951"}],"curies":[{"name":"wp","href":"https:\/\/api.w.org\/{rel}","templated":true}]}}