{"id":950,"date":"2018-10-10T14:09:05","date_gmt":"2018-10-10T12:09:05","guid":{"rendered":"http:\/\/www.texty.santegidio.cz?page_id=950"},"modified":"2018-10-10T14:09:05","modified_gmt":"2018-10-10T12:09:05","slug":"modlitba-o-obraceni-a-odpusteni","status":"publish","type":"page","link":"https:\/\/www.texty.santegidio.cz\/?page_id=950","title":{"rendered":"Modlitba o obr\u00e1cen\u00ed a odpu\u0161t\u011bn\u00ed"},"content":{"rendered":"<p>Pane Je\u017e&iacute;&scaron;i,<br \/> kter&yacute; jsi \u0159ekl z&aacute;stup\u016fm:<br \/> &bdquo;obra\u0165te se, nebo\u0165<br \/> se p\u0159ibl&iacute;\u017eilo<br \/> Bo\u017e&iacute; kr&aacute;lovstv&iacute;&ldquo;,<br \/> kter&yacute; jsi p\u0159ij&iacute;mal ve sv&eacute;m milosrdenstv&iacute; <br \/> h\u0159&iacute;&scaron;n&iacute;ky, prostitutky a&nbsp;celn&iacute;ky,<br \/> kter&yacute; jsi uzdravoval lidi <br \/> z&nbsp;ve&scaron;ker&eacute; nemoci,<br \/> nehle\u010f na n&aacute;&scaron; h\u0159&iacute;ch,<br \/> nepohor&scaron;uj se nad h\u0159&iacute;chem tohoto m\u011bsta,<br \/> p\u0159ijmi v&scaron;echny ve sv&eacute; l&aacute;sce,<br \/> o\u010disti n&aacute;s sv&yacute;m odpu&scaron;t\u011bn&iacute;m,<br \/> omyj n&aacute;s sv&yacute;m Duchem,<br \/> uka\u017e n&aacute;m svou tv&aacute;\u0159<br \/> a&nbsp;budeme spaseni.<br \/> Proto\u017ee jsi milosrdn&yacute;,<br \/> pln&yacute; l&aacute;sky k&nbsp;lidem,<br \/> nyn&iacute; i&nbsp;v\u017edycky<br \/> a&nbsp;na v\u011bky v\u011bk\u016f.<br \/> Amen.<\/p>\n","protected":false},"excerpt":{"rendered":"<p>Pane Je\u017e&iacute;&scaron;i, kter&yacute; jsi \u0159ekl z&aacute;stup\u016fm: &bdquo;obra\u0165te se, nebo\u0165 se p\u0159ibl&iacute;\u017eilo Bo\u017e&iacute; kr&aacute;lovstv&iacute;&ldquo;, kter&yacute; jsi p\u0159ij&iacute;mal ve sv&eacute;m milosrdenstv&iacute; h\u0159&iacute;&scaron;n&iacute;ky, prostitutky a&nbsp;celn&iacute;ky, kter&yacute; jsi uzdravoval lidi z&nbsp;ve&scaron;ker&eacute; nemoci, nehle\u010f na n&aacute;&scaron; h\u0159&iacute;ch, nepohor&scaron;uj se nad h\u0159&iacute;chem tohoto m\u011bsta, p\u0159ijmi v&scaron;echny ve sv&eacute; l&aacute;sce, o\u010disti n&aacute;s sv&yacute;m odpu&scaron;t\u011bn&iacute;m, omyj n&aacute;s sv&yacute;m Duchem, uka\u017e n&aacute;m svou tv&aacute;\u0159 &#8230; <a title=\"Modlitba o obr\u00e1cen\u00ed a odpu\u0161t\u011bn\u00ed\" class=\"read-more\" href=\"https:\/\/www.texty.santegidio.cz\/?page_id=950\" aria-label=\"More on Modlitba o obr\u00e1cen\u00ed a odpu\u0161t\u011bn\u00ed\">Read more<\/a><\/p>\n","protected":false},"author":1,"featured_media":0,"parent":694,"menu_order":0,"comment_status":"open","ping_status":"open","template":"","meta":{"_uag_custom_page_level_css":"","jetpack_post_was_ever_published":false,"footnotes":""},"class_list":["post-950","page","type-page","status-publish"],"uagb_featured_image_src":{"full":false,"thumbnail":false,"medium":false,"medium_large":false,"large":false,"1536x1536":false,"2048x2048":false},"uagb_author_info":{"display_name":"Pavel","author_link":"https:\/\/www.texty.santegidio.cz\/?author=1"},"uagb_comment_info":0,"uagb_excerpt":"Pane Je\u017e&iacute;&scaron;i, kter&yacute; jsi \u0159ekl z&aacute;stup\u016fm: &bdquo;obra\u0165te se, nebo\u0165 se p\u0159ibl&iacute;\u017eilo Bo\u017e&iacute; kr&aacute;lovstv&iacute;&ldquo;, kter&yacute; jsi p\u0159ij&iacute;mal ve sv&eacute;m milosrdenstv&iacute; h\u0159&iacute;&scaron;n&iacute;ky, prostitutky a&nbsp;celn&iacute;ky, kter&yacute; jsi uzdravoval lidi z&nbsp;ve&scaron;ker&eacute; nemoci, nehle\u010f na n&aacute;&scaron; h\u0159&iacute;ch, nepohor&scaron;uj se nad h\u0159&iacute;chem tohoto m\u011bsta, p\u0159ijmi v&scaron;echny ve sv&eacute; l&aacute;sce, o\u010disti n&aacute;s sv&yacute;m odpu&scaron;t\u011bn&iacute;m, omyj n&aacute;s sv&yacute;m Duchem, uka\u017e n&aacute;m svou tv&aacute;\u0159&hellip;","jetpack_sharing_enabled":true,"jetpack_shortlink":"https:\/\/wp.me\/PawMsT-fk","_links":{"self":[{"href":"https:\/\/www.texty.santegidio.cz\/index.php?rest_route=\/wp\/v2\/pages\/950","targetHints":{"allow":["GET"]}}],"collection":[{"href":"https:\/\/www.texty.santegidio.cz\/index.php?rest_route=\/wp\/v2\/pages"}],"about":[{"href":"https:\/\/www.texty.santegidio.cz\/index.php?rest_route=\/wp\/v2\/types\/page"}],"author":[{"embeddable":true,"href":"https:\/\/www.texty.santegidio.cz\/index.php?rest_route=\/wp\/v2\/users\/1"}],"replies":[{"embeddable":true,"href":"https:\/\/www.texty.santegidio.cz\/index.php?rest_route=%2Fwp%2Fv2%2Fcomments&post=950"}],"version-history":[{"count":0,"href":"https:\/\/www.texty.santegidio.cz\/index.php?rest_route=\/wp\/v2\/pages\/950\/revisions"}],"up":[{"embeddable":true,"href":"https:\/\/www.texty.santegidio.cz\/index.php?rest_route=\/wp\/v2\/pages\/694"}],"wp:attachment":[{"href":"https:\/\/www.texty.santegidio.cz\/index.php?rest_route=%2Fwp%2Fv2%2Fmedia&parent=950"}],"curies":[{"name":"wp","href":"https:\/\/api.w.org\/{rel}","templated":true}]}}