{"id":95,"date":"2018-12-12T10:15:06","date_gmt":"2018-12-12T09:15:06","guid":{"rendered":"http:\/\/www.texty.santegidio.cz?page_id=95"},"modified":"2018-12-12T10:15:07","modified_gmt":"2018-12-12T09:15:07","slug":"zalm-43","status":"publish","type":"page","link":"https:\/\/www.texty.santegidio.cz\/?page_id=95","title":{"rendered":"\u017dalm 43"},"content":{"rendered":"<p>Se\u0161li, Pane, sv\u00e9 sv\u011btlo a svou v\u011brnost.<\/p>\n<p>&#8211; <sup>1<\/span><\/sup> S\u00e1m, Bo\u017ee, su\u010f a haj m\u011b proti bezbo\u017en\u00edk\u016fm,<br \/>p\u0159ed zl\u00fdm a podl\u00fdm \u010dlov<strong>\u011b<\/strong>kem m\u011b zachra\u0148!<\/p>\n<p>&#8211; <sup>2<\/span><\/sup> V\u017edy\u0165 tys m\u00e1 s\u00edla, Bo\u017ee, pro\u010d m\u011b zapuzuje\u0161?<br \/>Pro\u010d se m\u00e1m vl\u00e1\u010det, nep\u0159\u00edt<strong>e<\/strong>lem t\u00edsn\u011bn?<\/p>\n<p>&#8211; <sup>3<\/span><\/sup> Se\u0161li sv\u00e9 sv\u011btlo a svou v\u011brnost: a\u0165 m\u011b vedou<br \/>a\u017e na tvou svatou horu, d<strong>o<\/strong> tv\u00fdch stan\u016f.<\/p>\n<p>= <sup>4<\/span><\/sup> P\u0159edstoup\u00edm p\u0159ed tv\u016fj olt\u00e1\u0159,\u2020<br \/>k Bohu radostn\u00e9mu,<br \/>a velebit t\u011b budu p\u0159i cite\u0159e, B<strong>o<\/strong>\u017ee, m\u016fj Bo\u017ee!<\/p>\n<p>&#8211; <sup>5<\/span><\/sup> Pro\u010d se, m\u00e1 du\u0161e, rmout\u00ed\u0161,<br \/>pro\u010d tak v<strong>e<\/strong> mn\u011b teskn\u00ed\u0161?<br \/>&#8211; Jen doufej v Boha, zas ho budu slavit,<br \/>toho, jen\u017e je m\u016fj zachr<strong>\u00e1<\/strong>nce a B\u016fh m\u016fj.<\/p>\n","protected":false},"excerpt":{"rendered":"<p>Se\u0161li, Pane, sv\u00e9 sv\u011btlo a svou v\u011brnost. &#8211; 1 S\u00e1m, Bo\u017ee, su\u010f a haj m\u011b proti bezbo\u017en\u00edk\u016fm,p\u0159ed zl\u00fdm a podl\u00fdm \u010dlov\u011bkem m\u011b zachra\u0148! &#8211; 2 V\u017edy\u0165 tys m\u00e1 s\u00edla, Bo\u017ee, pro\u010d m\u011b zapuzuje\u0161?Pro\u010d se m\u00e1m vl\u00e1\u010det, nep\u0159\u00edtelem t\u00edsn\u011bn? &#8211; 3 Se\u0161li sv\u00e9 sv\u011btlo a svou v\u011brnost: a\u0165 m\u011b vedoua\u017e na tvou svatou horu, do tv\u00fdch &#8230; <a title=\"\u017dalm 43\" class=\"read-more\" href=\"https:\/\/www.texty.santegidio.cz\/?page_id=95\" aria-label=\"More on \u017dalm 43\">Read more<\/a><\/p>\n","protected":false},"author":1,"featured_media":0,"parent":29,"menu_order":0,"comment_status":"closed","ping_status":"closed","template":"","meta":{"_uag_custom_page_level_css":"","jetpack_post_was_ever_published":false,"footnotes":""},"class_list":["post-95","page","type-page","status-publish"],"uagb_featured_image_src":{"full":false,"thumbnail":false,"medium":false,"medium_large":false,"large":false,"1536x1536":false,"2048x2048":false},"uagb_author_info":{"display_name":"Pavel","author_link":"https:\/\/www.texty.santegidio.cz\/?author=1"},"uagb_comment_info":0,"uagb_excerpt":"Se\u0161li, Pane, sv\u00e9 sv\u011btlo a svou v\u011brnost. &#8211; 1 S\u00e1m, Bo\u017ee, su\u010f a haj m\u011b proti bezbo\u017en\u00edk\u016fm,p\u0159ed zl\u00fdm a podl\u00fdm \u010dlov\u011bkem m\u011b zachra\u0148! &#8211; 2 V\u017edy\u0165 tys m\u00e1 s\u00edla, Bo\u017ee, pro\u010d m\u011b zapuzuje\u0161?Pro\u010d se m\u00e1m vl\u00e1\u010det, nep\u0159\u00edtelem t\u00edsn\u011bn? &#8211; 3 Se\u0161li sv\u00e9 sv\u011btlo a svou v\u011brnost: a\u0165 m\u011b vedoua\u017e na tvou svatou horu, do tv\u00fdch&hellip;","jetpack_sharing_enabled":true,"jetpack_shortlink":"https:\/\/wp.me\/PawMsT-1x","_links":{"self":[{"href":"https:\/\/www.texty.santegidio.cz\/index.php?rest_route=\/wp\/v2\/pages\/95","targetHints":{"allow":["GET"]}}],"collection":[{"href":"https:\/\/www.texty.santegidio.cz\/index.php?rest_route=\/wp\/v2\/pages"}],"about":[{"href":"https:\/\/www.texty.santegidio.cz\/index.php?rest_route=\/wp\/v2\/types\/page"}],"author":[{"embeddable":true,"href":"https:\/\/www.texty.santegidio.cz\/index.php?rest_route=\/wp\/v2\/users\/1"}],"replies":[{"embeddable":true,"href":"https:\/\/www.texty.santegidio.cz\/index.php?rest_route=%2Fwp%2Fv2%2Fcomments&post=95"}],"version-history":[{"count":1,"href":"https:\/\/www.texty.santegidio.cz\/index.php?rest_route=\/wp\/v2\/pages\/95\/revisions"}],"predecessor-version":[{"id":1265,"href":"https:\/\/www.texty.santegidio.cz\/index.php?rest_route=\/wp\/v2\/pages\/95\/revisions\/1265"}],"up":[{"embeddable":true,"href":"https:\/\/www.texty.santegidio.cz\/index.php?rest_route=\/wp\/v2\/pages\/29"}],"wp:attachment":[{"href":"https:\/\/www.texty.santegidio.cz\/index.php?rest_route=%2Fwp%2Fv2%2Fmedia&parent=95"}],"curies":[{"name":"wp","href":"https:\/\/api.w.org\/{rel}","templated":true}]}}