{"id":94,"date":"2018-12-12T10:15:06","date_gmt":"2018-12-12T09:15:06","guid":{"rendered":"http:\/\/www.texty.santegidio.cz?page_id=94"},"modified":"2018-12-12T10:15:06","modified_gmt":"2018-12-12T09:15:06","slug":"zalm-42","status":"publish","type":"page","link":"https:\/\/www.texty.santegidio.cz\/?page_id=94","title":{"rendered":"\u017dalm 42"},"content":{"rendered":"<p>Po tob\u011b, Bo\u017ee, dycht\u00ed moje du\u0161e.<\/p>\n<p>&#8211; <sup>2<\/span><\/sup> Tak jako la\u0148, je\u017e dycht\u00ed po tekouc\u00edch vod\u00e1ch,<br \/>tak dycht\u00ed, Bo\u017ee, po t<strong>o<\/strong>b\u011b m\u00e1 du\u0161e.<\/p>\n<p>&#8211; <sup>3<\/span><\/sup> Po Bohu \u017e\u00edzn\u00edm v du\u0161i, po sv\u00e9m \u017eiv\u00e9m Bohu:<br \/>kdy kone\u010dn\u011b zas p\u0159<strong>i<\/strong>jdu p\u0159ed tvou tv\u00e1\u0159?<\/p>\n<p>&#8211; <sup>4<\/span><\/sup> Ve dne i v noci jenom slzy jsou m\u016fj pokrm,<br \/>kdy\u017e denn\u011b sl\u00fdch\u00e1m: &bdquo;Kde m\u00e1\u0161 sv<strong>\u00e9<\/strong>ho Boha?&ldquo;<\/p>\n<p>= <sup>5<\/span><\/sup> Du\u0161e mi p\u0159et\u00e9k\u00e1, kdy\u017e jen se rozpomenu,\u2020<br \/>jak vstupoval jsem do svatyn\u011b Bo\u017e\u00ed<br \/>za j\u00e1sotu a chval<strong>o<\/strong>zp\u011bvu davu.<\/p>\n<p>&#8211; <sup>6<\/span><\/sup> Pro\u010d se, m\u00e1 du\u0161e, rmout\u00ed\u0161,<br \/>pro\u010d tak v<strong>e<\/strong> mn\u011b teskn\u00ed\u0161?<br \/>&#8211; Jen doufej v Boha, zas ho budu slavit,<br \/>toho, jen\u017e je m\u016fj zachr<strong>\u00e1<\/strong>nce a B\u016fh m\u016fj!<\/p>\n<p>= <sup>7<\/span><\/sup> Jsem skl\u00ed\u010den, proto na tebe tak vroucn\u011b mysl\u00edm\u2020<br \/>tu od Jord\u00e1nu, z hermonsk\u00e9ho kraje,<br \/>z tohoto pahorku, jen\u017e sl<strong>u<\/strong>je Misar.<\/p>\n<p>&#8211; <sup>8<\/span><\/sup> V \u0161umu tv\u00fdch vodop\u00e1d\u016f hloubka hloubku vol\u00e1,<br \/>tv\u00e9 vlny, slapy p\u0159ese mn<strong>e<\/strong> se val\u00ed.<\/p>\n<p>= <sup>9<\/span><\/sup> Za P\u00e1nem ve dne vzhl\u00ed\u017e\u00edm,\u2020<br \/>v noci milost \u010dek\u00e1m,<br \/>a p\u00edsn\u00ed se modl\u00edm k Bohu sv<strong>\u00e9<\/strong>ho \u017eit\u00ed.<\/p>\n<p>= <sup>10<\/span><\/sup> Bohu, sv\u00e9 sk\u00e1le, \u0159\u00edk\u00e1m:\u2020<br \/>&bdquo;Pro\u010d m\u011b zapom\u00edn\u00e1\u0161?<br \/>Pro\u010d se m\u00e1m vl\u00e1\u010det nep\u0159\u00edt<strong>e<\/strong>lem t\u00edsn\u011bn?&ldquo;<\/p>\n<p>&#8211; <sup>11<\/span><\/sup> A\u017e do kost\u00ed m\u011b bod\u00e1 posm\u011bch protivn\u00edk\u016f,<br \/>kdy\u017e denn\u011b sly\u0161\u00edm: &bdquo;Kde m\u00e1\u0161 sv<strong>\u00e9<\/strong>ho Boha?&ldquo;<\/p>\n<p>&#8211; <sup>12<\/span><\/sup> Pro\u010d se, m\u00e1 du\u0161e, rmout\u00ed\u0161,<br \/>pro\u010d tak v<strong>e<\/strong> mn\u011b teskn\u00ed\u0161?<br \/>&#8211; Jen doufej v Boha, zas ho budu slavit,<br \/>toho, jen\u017e je m\u016fj zachr<strong>\u00e1<\/strong>nce a B\u016fh m\u016fj.<\/p>\n","protected":false},"excerpt":{"rendered":"<p>Po tob\u011b, Bo\u017ee, dycht\u00ed moje du\u0161e. &#8211; 2 Tak jako la\u0148, je\u017e dycht\u00ed po tekouc\u00edch vod\u00e1ch,tak dycht\u00ed, Bo\u017ee, po tob\u011b m\u00e1 du\u0161e. &#8211; 3 Po Bohu \u017e\u00edzn\u00edm v du\u0161i, po sv\u00e9m \u017eiv\u00e9m Bohu:kdy kone\u010dn\u011b zas p\u0159ijdu p\u0159ed tvou tv\u00e1\u0159? &#8211; 4 Ve dne i v noci jenom slzy jsou m\u016fj pokrm,kdy\u017e denn\u011b sl\u00fdch\u00e1m: &bdquo;Kde m\u00e1\u0161 &#8230; <a title=\"\u017dalm 42\" class=\"read-more\" href=\"https:\/\/www.texty.santegidio.cz\/?page_id=94\" aria-label=\"More on \u017dalm 42\">Read more<\/a><\/p>\n","protected":false},"author":1,"featured_media":0,"parent":29,"menu_order":0,"comment_status":"closed","ping_status":"closed","template":"","meta":{"_uag_custom_page_level_css":"","jetpack_post_was_ever_published":false,"footnotes":""},"class_list":["post-94","page","type-page","status-publish"],"uagb_featured_image_src":{"full":false,"thumbnail":false,"medium":false,"medium_large":false,"large":false,"1536x1536":false,"2048x2048":false},"uagb_author_info":{"display_name":"Pavel","author_link":"https:\/\/www.texty.santegidio.cz\/?author=1"},"uagb_comment_info":0,"uagb_excerpt":"Po tob\u011b, Bo\u017ee, dycht\u00ed moje du\u0161e. &#8211; 2 Tak jako la\u0148, je\u017e dycht\u00ed po tekouc\u00edch vod\u00e1ch,tak dycht\u00ed, Bo\u017ee, po tob\u011b m\u00e1 du\u0161e. &#8211; 3 Po Bohu \u017e\u00edzn\u00edm v du\u0161i, po sv\u00e9m \u017eiv\u00e9m Bohu:kdy kone\u010dn\u011b zas p\u0159ijdu p\u0159ed tvou tv\u00e1\u0159? &#8211; 4 Ve dne i v noci jenom slzy jsou m\u016fj pokrm,kdy\u017e denn\u011b sl\u00fdch\u00e1m: &bdquo;Kde m\u00e1\u0161&hellip;","jetpack_sharing_enabled":true,"jetpack_shortlink":"https:\/\/wp.me\/PawMsT-1w","_links":{"self":[{"href":"https:\/\/www.texty.santegidio.cz\/index.php?rest_route=\/wp\/v2\/pages\/94","targetHints":{"allow":["GET"]}}],"collection":[{"href":"https:\/\/www.texty.santegidio.cz\/index.php?rest_route=\/wp\/v2\/pages"}],"about":[{"href":"https:\/\/www.texty.santegidio.cz\/index.php?rest_route=\/wp\/v2\/types\/page"}],"author":[{"embeddable":true,"href":"https:\/\/www.texty.santegidio.cz\/index.php?rest_route=\/wp\/v2\/users\/1"}],"replies":[{"embeddable":true,"href":"https:\/\/www.texty.santegidio.cz\/index.php?rest_route=%2Fwp%2Fv2%2Fcomments&post=94"}],"version-history":[{"count":1,"href":"https:\/\/www.texty.santegidio.cz\/index.php?rest_route=\/wp\/v2\/pages\/94\/revisions"}],"predecessor-version":[{"id":1264,"href":"https:\/\/www.texty.santegidio.cz\/index.php?rest_route=\/wp\/v2\/pages\/94\/revisions\/1264"}],"up":[{"embeddable":true,"href":"https:\/\/www.texty.santegidio.cz\/index.php?rest_route=\/wp\/v2\/pages\/29"}],"wp:attachment":[{"href":"https:\/\/www.texty.santegidio.cz\/index.php?rest_route=%2Fwp%2Fv2%2Fmedia&parent=94"}],"curies":[{"name":"wp","href":"https:\/\/api.w.org\/{rel}","templated":true}]}}