{"id":93,"date":"2018-12-12T10:15:06","date_gmt":"2018-12-12T09:15:06","guid":{"rendered":"http:\/\/www.texty.santegidio.cz?page_id=93"},"modified":"2018-12-12T10:15:06","modified_gmt":"2018-12-12T09:15:06","slug":"zalm-41","status":"publish","type":"page","link":"https:\/\/www.texty.santegidio.cz\/?page_id=93","title":{"rendered":"\u017dalm 41"},"content":{"rendered":"<p>Smiluj se nade mnou, Pane, a uzdrav m\u011b.<\/p>\n<p>&#8211; <sup>2<\/span><\/sup> \u0160\u0165asten, kdo ujme se slab\u00fdch a nuzn\u00fdch:<br \/>ve zl\u00fdch dnech za to ho z<strong>a<\/strong>chr\u00e1n\u00ed P\u00e1n.<\/p>\n<p>= <sup>3<\/span><\/sup> D\u00e1 mu svou ochranu, zachov\u00e1 \u017eivot,\u2020<br \/>\u0161\u0165astn\u00fdm ho u\u010din\u00ed na t\u00e9to zemi,<br \/>nep\u0159\u00e1tel\u016fm ho n<strong>e<\/strong>vyd\u00e1 v\u0161anc.<\/p>\n<p>&#8211; <sup>4<\/span><\/sup> P\u00e1n ho pos\u00edl\u00ed na l\u016f\u017eku strasti;<br \/>ty s\u00e1m mu v nem<strong>o<\/strong>ci uleh\u010d\u00ed\u0161.<\/p>\n<p>&#8211; <sup>5<\/span><\/sup> Vol\u00e1m: &bdquo;Smiluj se nade mnou, Pane,<br \/>zh\u0159e\u0161il jsem p\u0159ed tebou, <strong>u<\/strong>zdrav m\u011b zas!&ldquo;<\/p>\n<p>&#8211; <sup>6<\/span><\/sup> \u0160u\u0161kaj\u00ed nep\u0159\u00e1tel\u00e9: &bdquo;Kdy um\u0159e,<br \/>kdy jeho jm\u00e9no z<strong>a<\/strong>nikne ji\u017e?&ldquo;<\/p>\n<p>&#8211; <sup>7<\/span><\/sup> P\u0159ijde-li n\u00e1v\u0161t\u011bva, naplano tlach\u00e1,<br \/>venku pak zle m<strong>\u011b<\/strong> pomlouv\u00e1.<\/p>\n<p>&#8211; <sup>8<\/span><\/sup> V\u0161ichni m\u00ed odp\u016frci vskrytu m\u011b han\u00ed,<br \/>sm\u00fd\u0161lej\u00ed o mn\u011b c<strong>o<\/strong> nejh\u016f\u0159e.<\/p>\n<p>&#8211; <sup>9<\/span><\/sup> &bdquo;Dolehla na n\u011bj morov\u00e1 zk\u00e1za,<br \/>kdo takhle lehne, ten n<strong>e<\/strong>vstane v\u00edc.&ldquo;<\/p>\n<p>&#8211; <sup>10<\/span><\/sup> Ba i m\u016fj p\u0159\u00edtel, jemu\u017e jsem v\u011b\u0159il,<br \/>jen\u017e j\u00eddal m\u016fj chl\u00e9b, mn<strong>ou<\/strong> pohrd\u00e1.<\/p>\n<p>&#8211; <sup>11<\/span><\/sup> Ty v\u0161ak se, Pane, nade mnou smiluj,<br \/>z lo\u017ee m\u011b zdvihni, a spl<strong>a<\/strong>t\u00edm to v\u0161em.<\/p>\n<p>&#8211; <sup>12<\/span><\/sup> Z toho pozn\u00e1m tvou n\u00e1klonnost ke mn\u011b,<br \/>kdy\u017e nade mnou nebude j<strong>\u00e1<\/strong>sat m\u016fj sok.<\/p>\n<p>&#8211; <sup>13<\/span><\/sup> Mn\u011b pro mou nevinu v\u0161ak d\u00e1\u0161 s\u00edlu,<br \/>p\u0159ed tv\u00e1\u0159\u00ed svou mi d\u00e1\u0161 n<strong>a<\/strong>v\u011bky \u017e\u00edt.<\/p>\n<p>&#8211; <sup>14<\/span><\/sup> Bu\u010f pochv\u00e1len P\u00e1n, B\u016fh Izraele,<br \/>na v\u011bky v<strong>\u011b<\/strong>k\u016f! Sta\u0148 se, sta\u0148!<\/p>\n","protected":false},"excerpt":{"rendered":"<p>Smiluj se nade mnou, Pane, a uzdrav m\u011b. &#8211; 2 \u0160\u0165asten, kdo ujme se slab\u00fdch a nuzn\u00fdch:ve zl\u00fdch dnech za to ho zachr\u00e1n\u00ed P\u00e1n. = 3 D\u00e1 mu svou ochranu, zachov\u00e1 \u017eivot,\u2020\u0161\u0165astn\u00fdm ho u\u010din\u00ed na t\u00e9to zemi,nep\u0159\u00e1tel\u016fm ho nevyd\u00e1 v\u0161anc. &#8211; 4 P\u00e1n ho pos\u00edl\u00ed na l\u016f\u017eku strasti;ty s\u00e1m mu v nemoci uleh\u010d\u00ed\u0161. &#8211; 5 &#8230; <a title=\"\u017dalm 41\" class=\"read-more\" href=\"https:\/\/www.texty.santegidio.cz\/?page_id=93\" aria-label=\"More on \u017dalm 41\">Read more<\/a><\/p>\n","protected":false},"author":1,"featured_media":0,"parent":29,"menu_order":0,"comment_status":"closed","ping_status":"closed","template":"","meta":{"_uag_custom_page_level_css":"","jetpack_post_was_ever_published":false,"footnotes":""},"class_list":["post-93","page","type-page","status-publish"],"uagb_featured_image_src":{"full":false,"thumbnail":false,"medium":false,"medium_large":false,"large":false,"1536x1536":false,"2048x2048":false},"uagb_author_info":{"display_name":"Pavel","author_link":"https:\/\/www.texty.santegidio.cz\/?author=1"},"uagb_comment_info":0,"uagb_excerpt":"Smiluj se nade mnou, Pane, a uzdrav m\u011b. &#8211; 2 \u0160\u0165asten, kdo ujme se slab\u00fdch a nuzn\u00fdch:ve zl\u00fdch dnech za to ho zachr\u00e1n\u00ed P\u00e1n. = 3 D\u00e1 mu svou ochranu, zachov\u00e1 \u017eivot,\u2020\u0161\u0165astn\u00fdm ho u\u010din\u00ed na t\u00e9to zemi,nep\u0159\u00e1tel\u016fm ho nevyd\u00e1 v\u0161anc. &#8211; 4 P\u00e1n ho pos\u00edl\u00ed na l\u016f\u017eku strasti;ty s\u00e1m mu v nemoci uleh\u010d\u00ed\u0161. &#8211; 5&hellip;","jetpack_sharing_enabled":true,"jetpack_shortlink":"https:\/\/wp.me\/PawMsT-1v","_links":{"self":[{"href":"https:\/\/www.texty.santegidio.cz\/index.php?rest_route=\/wp\/v2\/pages\/93","targetHints":{"allow":["GET"]}}],"collection":[{"href":"https:\/\/www.texty.santegidio.cz\/index.php?rest_route=\/wp\/v2\/pages"}],"about":[{"href":"https:\/\/www.texty.santegidio.cz\/index.php?rest_route=\/wp\/v2\/types\/page"}],"author":[{"embeddable":true,"href":"https:\/\/www.texty.santegidio.cz\/index.php?rest_route=\/wp\/v2\/users\/1"}],"replies":[{"embeddable":true,"href":"https:\/\/www.texty.santegidio.cz\/index.php?rest_route=%2Fwp%2Fv2%2Fcomments&post=93"}],"version-history":[{"count":1,"href":"https:\/\/www.texty.santegidio.cz\/index.php?rest_route=\/wp\/v2\/pages\/93\/revisions"}],"predecessor-version":[{"id":1263,"href":"https:\/\/www.texty.santegidio.cz\/index.php?rest_route=\/wp\/v2\/pages\/93\/revisions\/1263"}],"up":[{"embeddable":true,"href":"https:\/\/www.texty.santegidio.cz\/index.php?rest_route=\/wp\/v2\/pages\/29"}],"wp:attachment":[{"href":"https:\/\/www.texty.santegidio.cz\/index.php?rest_route=%2Fwp%2Fv2%2Fmedia&parent=93"}],"curies":[{"name":"wp","href":"https:\/\/api.w.org\/{rel}","templated":true}]}}