{"id":92,"date":"2018-12-12T10:15:04","date_gmt":"2018-12-12T09:15:04","guid":{"rendered":"http:\/\/www.texty.santegidio.cz?page_id=92"},"modified":"2018-12-12T10:15:06","modified_gmt":"2018-12-12T09:15:06","slug":"zalm-40","status":"publish","type":"page","link":"https:\/\/www.texty.santegidio.cz\/?page_id=92","title":{"rendered":"\u017dalm 40"},"content":{"rendered":"<p>\u0160\u0165astn\u00fd \u010dlov\u011bk, jen\u017e v P\u00e1na nad\u011bji vkl\u00e1d\u00e1.<\/p>\n<p>= <sup>2<\/span><\/sup> Doufal jsem, doufal v P\u00e1na,\u2020<br \/>i sklonil se ke mn\u011b<br \/>a vysly\u0161el m<strong>o<\/strong>je vol\u00e1n\u00ed.<\/p>\n<p>= <sup>3<\/span><\/sup> Z j\u00e1my zk\u00e1zy m\u011b vyt\u00e1hl, z bahna a kalu,\u2020<br \/>m\u00e9 nohy na sk\u00e1lu postavil,<br \/>m\u00fdm krok\u016fm op\u011bt j<strong>i<\/strong>stotu dal.<\/p>\n<p>&#8211; <sup>4<\/span><\/sup> Do \u00fast mi vlo\u017eil zp\u011bv nov\u00fd,<br \/>chval<strong>o<\/strong>zp\u011bv k Bohu.<br \/>&#8211; Spat\u0159\u00ed to mnoz\u00ed, pojme je b\u00e1ze\u0148,<br \/>v d\u016fv\u011b\u0159e sklon\u00ed s<strong>e<\/strong> p\u0159ed P\u00e1nem.<\/p>\n<p>= <sup>5<\/span><\/sup> \u0160\u0165astn\u00fd \u010dlov\u011bk, jen\u017e v P\u00e1na nad\u011bji vkl\u00e1d\u00e1,\u2020<br \/>jen\u017e nedru\u017e\u00ed se ke zpupn\u00fdm<br \/>a k t\u011bm, kdo up<strong>a<\/strong>dli v le\u017e a blud.<\/p>\n<p>= <sup>6<\/span><\/sup> Mnoh\u00e9 divy jsi u\u010dinil, Pane, m\u016fj Bo\u017ee,\u2020<br \/>i z\u00e1m\u011bry, kter\u00e9 s n\u00e1mi m\u00e1\u0161;<br \/>kdo by se t<strong>o<\/strong>b\u011b vyrovnal!<br \/>&#8211; Kdybych m\u011bl o nich vypr\u00e1v\u011bt,<br \/>v\u00edc je jich, ne\u017e se sp<strong>o<\/strong>\u010d\u00edtat d\u00e1.<\/p>\n<p>= <sup>7<\/span><\/sup> V \u017eertv\u00e1ch a krvav\u00fdch darech z\u00e1libu nem\u00e1\u0161,\u2020<br \/>sm\u00edrn\u00e9 a z\u00e1paln\u00e9 ob\u011bti nechce\u0161;<br \/>av\u0161ak mn\u011b jsi <strong>o<\/strong>tev\u0159el sluch.<\/p>\n<p>&#8211; <sup>8<\/span><\/sup> \u0158ekl jsem tedy: &bdquo;Hle, zde p\u0159ich\u00e1z\u00edm nyn\u00ed!<br \/>Ve svitku pro mne j<strong>e<\/strong> p\u0159\u00edkaz ps\u00e1n.<\/p>\n<p>&#8211; <sup>9<\/span><\/sup> Bla\u017e\u00ed m\u011b, Bo\u017ee m\u016fj, konat podle tv\u00e9 v\u016fle,<br \/>tv\u016fj z\u00e1kon v hl<strong>ou<\/strong>bi srdce m\u00e1m.&ldquo;<\/p>\n<p>&#8211; <sup>10<\/span><\/sup> Tvou spravedlnost jsem zv\u011bstoval p\u0159ed velkou obc\u00ed,<br \/>\u00fasta jsem nezamkl, P<strong>a<\/strong>ne, ty v\u00ed\u0161.<\/p>\n<p>&#8211; <sup>11<\/span><\/sup> Tvou spravedlnost nenech\u00e1m pro sebe vskrytu,<br \/>tvou v\u011brnost a p<strong>o<\/strong>moc rozhl\u00e1s\u00edm.<br \/>&#8211; Ani tvou l\u00e1sku a pravdivost<br \/>p\u0159ed velkou <strong>o<\/strong>bc\u00ed nesml\u010d\u00edm.<\/p>\n<p>&#8211; <sup>12<\/span><\/sup> Neodp\u00edrej mi, Pane, sv\u00e9 slitov\u00e1n\u00ed,<br \/>tv\u00e1 milost a v\u011brnost b<strong>u<\/strong>\u010f se mnou v\u017edy!<\/p>\n<p>= <sup>13<\/span><\/sup> Nebo\u0165 m\u011b skli\u010duj\u00ed v\u016fkol nes\u010detn\u00e9 strasti,\u2020<br \/>m\u00e9 h\u0159\u00edchy na m\u011b dopadly,<br \/>\u017ee ani vzhl\u00e9dnout s<strong>i<\/strong> netrouf\u00e1m.<br \/>&#8211; M\u00e1m jich v\u00edc ne\u017eli na hlav\u011b vlas\u016f,<br \/>ztratil jsem ve\u0161k<strong>e<\/strong>rou odvahu.<\/p>\n<p>&#8211; <sup>14<\/span><\/sup> K\u00e9\u017e se ti, Pane, zl\u00edb\u00ed m\u011b vysvobodit!<br \/>Posp\u011b\u0161 mi, P<strong>a<\/strong>ne, na pomoc!<br \/>[- <\/span><\/span><sup>15<\/span><\/sup><\/span><\/span> A\u0165 hanba s potupou padnou kone\u010dn\u011b na ty,<\/span><\/span><br \/>kdo se m\u011b sna\u017e\u00ed zahubit,<\/span><\/span><br \/>&#8211;<\/span> a\u0165 se styd\u00ed a zalezou v\u0161ichni,<\/span><\/span><br \/>kdo se z m\u00fdch pohrom raduj\u00ed!<\/span><\/span><br \/>&#8211;<\/span> <sup>16<\/span><\/sup><\/span><\/span> Jen a\u0165 se st\u00e1hnou se zahanben\u00edm ti v\u0161ichni,<\/span><\/span><br \/>kdo o mn\u011b \u0159\u00edkali: &bdquo;Dob\u0159e mu tak.&ldquo;]<\/span><\/span><\/p>\n<p>&#8211; <sup>17<\/span><\/sup> Zato a\u0165 j\u00e1saj\u00ed, a\u0165 se raduj\u00ed v&nbsp;tob\u011b<br \/>v\u0161ichni, kdo t<strong>e<\/strong>be hledaj\u00ed!<br \/>&#8211; A\u0165 mohou \u0159\u00edkat: &bdquo;Velk\u00fd je P\u00e1n,&ldquo;<br \/>kdo k tob\u011b vol<strong>a<\/strong>j\u00ed o pomoc!<\/p>\n<p>&#8211; <sup>18<\/span><\/sup> J\u00e1 jsem jen uboh\u00fd nuz\u00e1k,<br \/>p\u0159ij\u010f k<strong>e<\/strong> mn\u011b, Pane!<br \/>&#8211; Ty jsi m\u00e1 pomoc, m\u016fj zachr\u00e1nce,<br \/>neot\u00e1lej <strong>u<\/strong>\u017e, Bo\u017ee m\u016fj.<\/p>\n","protected":false},"excerpt":{"rendered":"<p>\u0160\u0165astn\u00fd \u010dlov\u011bk, jen\u017e v P\u00e1na nad\u011bji vkl\u00e1d\u00e1. = 2 Doufal jsem, doufal v P\u00e1na,\u2020i sklonil se ke mn\u011ba vysly\u0161el moje vol\u00e1n\u00ed. = 3 Z j\u00e1my zk\u00e1zy m\u011b vyt\u00e1hl, z bahna a kalu,\u2020m\u00e9 nohy na sk\u00e1lu postavil,m\u00fdm krok\u016fm op\u011bt jistotu dal. &#8211; 4 Do \u00fast mi vlo\u017eil zp\u011bv nov\u00fd,chvalozp\u011bv k Bohu.&#8211; Spat\u0159\u00ed to mnoz\u00ed, pojme je &#8230; <a title=\"\u017dalm 40\" class=\"read-more\" href=\"https:\/\/www.texty.santegidio.cz\/?page_id=92\" aria-label=\"More on \u017dalm 40\">Read more<\/a><\/p>\n","protected":false},"author":1,"featured_media":0,"parent":29,"menu_order":0,"comment_status":"closed","ping_status":"closed","template":"","meta":{"_uag_custom_page_level_css":"","jetpack_post_was_ever_published":false,"footnotes":""},"class_list":["post-92","page","type-page","status-publish"],"uagb_featured_image_src":{"full":false,"thumbnail":false,"medium":false,"medium_large":false,"large":false,"1536x1536":false,"2048x2048":false},"uagb_author_info":{"display_name":"Pavel","author_link":"https:\/\/www.texty.santegidio.cz\/?author=1"},"uagb_comment_info":0,"uagb_excerpt":"\u0160\u0165astn\u00fd \u010dlov\u011bk, jen\u017e v P\u00e1na nad\u011bji vkl\u00e1d\u00e1. = 2 Doufal jsem, doufal v P\u00e1na,\u2020i sklonil se ke mn\u011ba vysly\u0161el moje vol\u00e1n\u00ed. = 3 Z j\u00e1my zk\u00e1zy m\u011b vyt\u00e1hl, z bahna a kalu,\u2020m\u00e9 nohy na sk\u00e1lu postavil,m\u00fdm krok\u016fm op\u011bt jistotu dal. &#8211; 4 Do \u00fast mi vlo\u017eil zp\u011bv nov\u00fd,chvalozp\u011bv k Bohu.&#8211; Spat\u0159\u00ed to mnoz\u00ed, pojme je&hellip;","jetpack_sharing_enabled":true,"jetpack_shortlink":"https:\/\/wp.me\/PawMsT-1u","_links":{"self":[{"href":"https:\/\/www.texty.santegidio.cz\/index.php?rest_route=\/wp\/v2\/pages\/92","targetHints":{"allow":["GET"]}}],"collection":[{"href":"https:\/\/www.texty.santegidio.cz\/index.php?rest_route=\/wp\/v2\/pages"}],"about":[{"href":"https:\/\/www.texty.santegidio.cz\/index.php?rest_route=\/wp\/v2\/types\/page"}],"author":[{"embeddable":true,"href":"https:\/\/www.texty.santegidio.cz\/index.php?rest_route=\/wp\/v2\/users\/1"}],"replies":[{"embeddable":true,"href":"https:\/\/www.texty.santegidio.cz\/index.php?rest_route=%2Fwp%2Fv2%2Fcomments&post=92"}],"version-history":[{"count":1,"href":"https:\/\/www.texty.santegidio.cz\/index.php?rest_route=\/wp\/v2\/pages\/92\/revisions"}],"predecessor-version":[{"id":1262,"href":"https:\/\/www.texty.santegidio.cz\/index.php?rest_route=\/wp\/v2\/pages\/92\/revisions\/1262"}],"up":[{"embeddable":true,"href":"https:\/\/www.texty.santegidio.cz\/index.php?rest_route=\/wp\/v2\/pages\/29"}],"wp:attachment":[{"href":"https:\/\/www.texty.santegidio.cz\/index.php?rest_route=%2Fwp%2Fv2%2Fmedia&parent=92"}],"curies":[{"name":"wp","href":"https:\/\/api.w.org\/{rel}","templated":true}]}}