{"id":91,"date":"2018-12-12T10:15:04","date_gmt":"2018-12-12T09:15:04","guid":{"rendered":"http:\/\/www.texty.santegidio.cz?page_id=91"},"modified":"2018-12-12T10:15:06","modified_gmt":"2018-12-12T09:15:06","slug":"zalm-39","status":"publish","type":"page","link":"https:\/\/www.texty.santegidio.cz\/?page_id=91","title":{"rendered":"\u017dalm 39"},"content":{"rendered":"<p>Jen k&nbsp;tob\u011b, Pane, up\u00edn\u00e1m svou nad\u011bji.<\/p>\n<p>&#8211; <sup>2<\/span><\/sup> \u0158\u00edkal jsem: D\u00e1m si na sv\u00e9 cesty pozor,<br \/>abych se neproh\u0159<strong>e<\/strong>\u0161il jazykem;<br \/>&#8211; a pokud bude bezbo\u017en\u00edk st\u00e1t bl\u00edzko,<br \/>budu sv\u00e1 \u00fasta d<strong>r<\/strong>\u017eet na uzd\u011b.<\/p>\n<p>&#8211; <sup>3<\/span><\/sup> Ztichl jsem, zmlkl, i kdy\u017e ne\u0161\u0165asten;<br \/>ale m\u00e1 bolest jen s<strong>e<\/strong> zjit\u0159ila,<\/p>\n<p>= <sup>4<\/span><\/sup> srdce se v t\u011ble prudce rozp\u00e1lilo.\u2020<br \/>Ohe\u0148 se vz\u0148al, kdy\u017e jsem tak rozm\u00fd\u0161lel,<br \/>a j\u00e1 jsem musil n<strong>a<\/strong>hlas promluvit:<\/p>\n<p>= <sup>5<\/span><\/sup> &bdquo;Dej mi u\u017e, Pane, uvid\u011bt m\u016fj konec\u2020<br \/>a jakou m\u00edru dn\u00ed m\u00e1m p\u0159ed sebou,<br \/>a\u0165 pozn\u00e1m tak svou pom<strong>\u00ed<\/strong>jej\u00edcnost!<\/p>\n<p>= <sup>6<\/span><\/sup> Hle, vym\u011b\u0159ils m\u00e9 dny jen na p\u00edd\u011b,\u2020<br \/>v tv\u00fdch o\u010d\u00edch je m\u016fj \u017eivot jako nic;<br \/>a ka\u017ed\u00fd \u010dlov\u011bk j<strong>e<\/strong>nom jako dech,<\/p>\n<p>= <sup>7<\/span><\/sup> jen jako st\u00edn se tady \u010dlov\u011bk mihne,\u2020<br \/>jen jako dech je v\u0161echno bohatstv\u00ed,<br \/>je\u017e hromad\u00ed, a n<strong>e<\/strong>v\u00ed pro koho.<\/p>\n<p>&#8211; <sup>8<\/span><\/sup> Co tedy, Pane, te\u010f m\u00e1m o\u010dek\u00e1vat?<br \/>Jen k tob\u011b up\u00edn\u00e1m sv<strong>o<\/strong>u nad\u011bji.<\/p>\n<p>&#8211; <sup>9<\/span><\/sup> Zachra\u0148 m\u011b od v\u0161ech k\u0159ivd a nepravost\u00ed,<br \/>bl\u00e1zn\u016fm m\u011b nenech<strong>\u00e1<\/strong>vej na posm\u011bch!&ldquo;<\/p>\n<p>&#8211; <sup>10<\/span><\/sup> A te\u010f u\u017e ml\u010d\u00edm, \u00fasta neotev\u0159u,<br \/>proto\u017ee v\u0161echno je tv<strong>\u00e9<\/strong> \u0159\u00edzen\u00ed.<\/p>\n<p>&#8211; <sup>11<\/span><\/sup> Odejmi ode mne sv\u00e9 nav\u0161t\u00edven\u00ed!<br \/>V\u017edy\u0165 hynu pod tvou p<strong>\u00e1<\/strong>dnou pravic\u00ed!<\/p>\n<p>= <sup>12<\/span><\/sup> \u010clov\u011bka za h\u0159\u00edch postihuje\u0161 trestem\u2020<br \/>a ni\u010d\u00ed\u0161 jeho n\u00e1dheru jak mol:<br \/>je ka\u017ed\u00fd \u010dlov\u011bk j<strong>e<\/strong>nom jako dech.<\/p>\n<p>= <sup>13<\/span><\/sup> Sly\u0161 m\u016fj k\u0159ik, Pane, vysly\u0161 moji prosbu,\u2020<br \/>neml\u010d k m\u00fdm slz\u00e1m, v\u017edy\u0165 jsem j\u00e1 tv\u016fj host,<br \/>poutn\u00edk jak v\u0161ichni m<strong>o<\/strong>ji otcov\u00e9.<\/p>\n<p>&#8211; <sup>14<\/span><\/sup> Odvra\u0165 sv\u016fj p\u0159\u00edsn\u00fd zrak, a oddechnu si,<br \/>d\u0159\u00edve ne\u017e odejdu <strong>a<\/strong> zaniknu.<\/p>\n","protected":false},"excerpt":{"rendered":"<p>Jen k&nbsp;tob\u011b, Pane, up\u00edn\u00e1m svou nad\u011bji. &#8211; 2 \u0158\u00edkal jsem: D\u00e1m si na sv\u00e9 cesty pozor,abych se neproh\u0159e\u0161il jazykem;&#8211; a pokud bude bezbo\u017en\u00edk st\u00e1t bl\u00edzko,budu sv\u00e1 \u00fasta dr\u017eet na uzd\u011b. &#8211; 3 Ztichl jsem, zmlkl, i kdy\u017e ne\u0161\u0165asten;ale m\u00e1 bolest jen se zjit\u0159ila, = 4 srdce se v t\u011ble prudce rozp\u00e1lilo.\u2020Ohe\u0148 se vz\u0148al, kdy\u017e jsem &#8230; <a title=\"\u017dalm 39\" class=\"read-more\" href=\"https:\/\/www.texty.santegidio.cz\/?page_id=91\" aria-label=\"More on \u017dalm 39\">Read more<\/a><\/p>\n","protected":false},"author":1,"featured_media":0,"parent":29,"menu_order":0,"comment_status":"closed","ping_status":"closed","template":"","meta":{"_uag_custom_page_level_css":"","jetpack_post_was_ever_published":false,"footnotes":""},"class_list":["post-91","page","type-page","status-publish"],"uagb_featured_image_src":{"full":false,"thumbnail":false,"medium":false,"medium_large":false,"large":false,"1536x1536":false,"2048x2048":false},"uagb_author_info":{"display_name":"Pavel","author_link":"https:\/\/www.texty.santegidio.cz\/?author=1"},"uagb_comment_info":0,"uagb_excerpt":"Jen k&nbsp;tob\u011b, Pane, up\u00edn\u00e1m svou nad\u011bji. &#8211; 2 \u0158\u00edkal jsem: D\u00e1m si na sv\u00e9 cesty pozor,abych se neproh\u0159e\u0161il jazykem;&#8211; a pokud bude bezbo\u017en\u00edk st\u00e1t bl\u00edzko,budu sv\u00e1 \u00fasta dr\u017eet na uzd\u011b. &#8211; 3 Ztichl jsem, zmlkl, i kdy\u017e ne\u0161\u0165asten;ale m\u00e1 bolest jen se zjit\u0159ila, = 4 srdce se v t\u011ble prudce rozp\u00e1lilo.\u2020Ohe\u0148 se vz\u0148al, kdy\u017e jsem&hellip;","jetpack_sharing_enabled":true,"jetpack_shortlink":"https:\/\/wp.me\/PawMsT-1t","_links":{"self":[{"href":"https:\/\/www.texty.santegidio.cz\/index.php?rest_route=\/wp\/v2\/pages\/91","targetHints":{"allow":["GET"]}}],"collection":[{"href":"https:\/\/www.texty.santegidio.cz\/index.php?rest_route=\/wp\/v2\/pages"}],"about":[{"href":"https:\/\/www.texty.santegidio.cz\/index.php?rest_route=\/wp\/v2\/types\/page"}],"author":[{"embeddable":true,"href":"https:\/\/www.texty.santegidio.cz\/index.php?rest_route=\/wp\/v2\/users\/1"}],"replies":[{"embeddable":true,"href":"https:\/\/www.texty.santegidio.cz\/index.php?rest_route=%2Fwp%2Fv2%2Fcomments&post=91"}],"version-history":[{"count":1,"href":"https:\/\/www.texty.santegidio.cz\/index.php?rest_route=\/wp\/v2\/pages\/91\/revisions"}],"predecessor-version":[{"id":1261,"href":"https:\/\/www.texty.santegidio.cz\/index.php?rest_route=\/wp\/v2\/pages\/91\/revisions\/1261"}],"up":[{"embeddable":true,"href":"https:\/\/www.texty.santegidio.cz\/index.php?rest_route=\/wp\/v2\/pages\/29"}],"wp:attachment":[{"href":"https:\/\/www.texty.santegidio.cz\/index.php?rest_route=%2Fwp%2Fv2%2Fmedia&parent=91"}],"curies":[{"name":"wp","href":"https:\/\/api.w.org\/{rel}","templated":true}]}}