{"id":89,"date":"2018-12-12T10:15:04","date_gmt":"2018-12-12T09:15:04","guid":{"rendered":"http:\/\/www.texty.santegidio.cz?page_id=89"},"modified":"2018-12-12T10:15:06","modified_gmt":"2018-12-12T09:15:06","slug":"zalm-37","status":"publish","type":"page","link":"https:\/\/www.texty.santegidio.cz\/?page_id=89","title":{"rendered":"\u017dalm 37"},"content":{"rendered":"<p>Odvra\u0165 se od zl\u00e9ho a \u010di\u0148 jen dobr\u00e9.<\/p>\n<p>&#8211; <sup>1<\/span><\/sup> Nerozho\u0159\u010duj se nad \u0161patn\u00fdmi,<br \/>ne\u0159evni na ty, kd<strong>o<\/strong> p\u00e1\u0161ou zlo!<\/p>\n<p>&#8211; <sup>2<\/span><\/sup> Zakr\u00e1tko zvadnou jako tr\u00e1va,<br \/>uschnou jak b<strong>u<\/strong>jn\u00e1 bylina.<\/p>\n<p>&#8211; <sup>3<\/span><\/sup> D\u016fv\u011b\u0159uj v P\u00e1na a \u010di\u0148 dobro,<br \/>pokojn\u011b, v\u011brn\u011b v sv<strong>\u00e9<\/strong> zemi \u017eij.<\/p>\n<p>&#8211; <sup>4<\/span><\/sup> Jen v P\u00e1nu m\u011bj sv\u00e9 pot\u011b\u0161en\u00ed:<br \/>po \u010dem tv\u00e9 srdce t<strong>ou<\/strong>\u017e\u00ed, on d\u00e1.<\/p>\n<p>&#8211; <sup>5<\/span><\/sup> Svou cestu \u017eivota sv\u011b\u0159 P\u00e1nu,<br \/>d\u016fv\u011b\u0159uj, on u\u017e <strong>u<\/strong>\u010din\u00ed sv\u00e9.<\/p>\n<p>&#8211; <sup>6<\/span><\/sup> Jak sv\u011btlu d\u00e1 vzej\u00edt tv\u00e9 spravedlnosti<br \/>a tv\u00e9mu pr\u00e1vu jak b<strong>\u00ed<\/strong>l\u00e9mu dni.<\/p>\n<p>= <sup>7<\/span><\/sup> Tich\u00fd bu\u010f p\u0159ed P\u00e1nem, spolehni na n\u011bj,\u2020<br \/>ne\u017e\u00e1rli na toho, komu se da\u0159\u00ed,<br \/>i kdy\u017e je p\u0159<strong>i<\/strong>tom sam\u00e1 lest.<\/p>\n<p>&#8211; <sup>8<\/span><\/sup> P\u0159em\u00e1hej hn\u011bv a zanech z\u00e1\u0161t\u00ed,<br \/>nezlob se, z toho r<strong>o<\/strong>ste jen zlo.<\/p>\n<p>&#8211; <sup>9<\/span><\/sup> Zl\u00ed toti\u017e budou vyhlazeni;<br \/>kdo v P\u00e1na douf\u00e1, p<strong>o<\/strong>dr\u017e\u00ed zem.<\/p>\n<p>&#8211; <sup>10<\/span><\/sup> Jen je\u0161t\u011b chv\u00edli, a bezbo\u017en\u00edk zmiz\u00ed:<br \/>pohle\u010f, tu st\u00e1l &#8211; a n<strong>e<\/strong>n\u00ed ho ji\u017e!<\/p>\n<p>&#8211; <sup>11<\/span><\/sup> Kde\u017eto pokorn\u00ed obdr\u017e\u00ed zemi<br \/>a hojn\u00fd pokoj b<strong>u<\/strong>de jim p\u0159\u00e1n.<\/p>\n<p>&#8211; <sup>12<\/span><\/sup> Bezbo\u017en\u00edk ukl\u00e1d\u00e1 spravedliv\u00e9mu<br \/>a zuby sk\u0159<strong>\u00ed<\/strong>pe na n\u011bho.<\/p>\n<p>&#8211; <sup>13<\/span><\/sup> P\u00e1n v\u0161ak se jeho \u00faklad\u016fm sm\u011bje,<br \/>vid\u00ed u\u017e nadch<strong>\u00e1<\/strong>zet jeho den.<\/p>\n<p>&#8211; <sup>14<\/span><\/sup> H\u0159\u00ed\u0161n\u00edci tas\u00ed svoje me\u010de,<br \/>k v\u00fdst\u0159elu nap<strong>\u00ed<\/strong>naj\u00ed luk,<br \/>&#8211; jen aby skl\u00e1li ubo\u017e\u00e1ka,<br \/>pobili v\u0161<strong>e<\/strong>chny pokojn\u00e9.<\/p>\n<p>&#8211; <sup>15<\/span><\/sup> Vnikne v\u0161ak jejich me\u010d do jejich srdc\u00ed<br \/>a jejich luky s<strong>e<\/strong> p\u0159elom\u00ed.<\/p>\n<p>&#8211; <sup>16<\/span><\/sup> Lep\u0161\u00ed je trocha poctivcova<br \/>ne\u017e velk\u00e9 jm<strong>\u011b<\/strong>n\u00ed bezbo\u017en\u00fdch;<\/p>\n<p>&#8211; <sup>17<\/span><\/sup> proto\u017ee h\u0159\u00ed\u0161n\u00fdm se p\u0159eraz\u00ed pa\u017ee,<br \/>kde\u017eto poctiv\u00e9 p<strong>o<\/strong>dep\u0159e P\u00e1n.<\/p>\n<p>&#8211; <sup>18<\/span><\/sup> P\u00e1n dob\u0159e zn\u00e1 \u017eivot bez\u00fahonn\u00fdch,<br \/>d\u011bdictv\u00ed jejich j<strong>e<\/strong> nav\u011bky.<\/p>\n<p>&#8211; <sup>19<\/span><\/sup> V neblah\u00fdch dob\u00e1ch nebudou v hanb\u011b,<br \/>i za dn\u016f hladu s<strong>e<\/strong> nasyt\u00ed.<\/p>\n<p>= <sup>20<\/span><\/sup> Zat\u00edmco bezbo\u017en\u00ed propadnou zk\u00e1ze -\u2020<br \/>v\u017edy\u0165 v\u0161ichni nep\u0159\u00e1tel\u00e9 P\u00e1n\u011b jsou jen jako to lu\u010dn\u00ed kv\u00edt\u00ed:<br \/>zaniknou, odv<strong>a<\/strong>nou jako d\u00fdm.<\/p>\n<p>&#8211; <sup>21<\/span><\/sup> H\u0159\u00ed\u0161n\u00edk se dlu\u017e\u00ed, ani\u017e co vrac\u00ed;<br \/>dobr\u00fd v\u0161ak z l<strong>\u00e1<\/strong>sky rozd\u00e1v\u00e1.<\/p>\n<p>&#8211; <sup>22<\/span><\/sup> Ti, jim\u017e P\u00e1n \u017eehn\u00e1, zd\u011bd\u00ed zemi,<br \/>ti, kter\u00e9 pr<strong>o<\/strong>klel, vyhynou.<\/p>\n<p>&#8211; <sup>23<\/span><\/sup> P\u00e1n posiluje kroky toho,<br \/>\u010d\u00ed \u017eivot se m<strong>u<\/strong> zal\u00edbil.<\/p>\n<p>&#8211; <sup>24<\/span><\/sup> Padne-li, le\u017eet nez\u016fstane,<br \/>v\u017edy\u0165 P\u00e1n ho d<strong>r<\/strong>\u017e\u00ed za ruku.<\/p>\n<p>= <sup>25<\/span><\/sup> A\u0165 ml\u00e1d nebo k st\u00e1ru, j\u00e1 neza\u017eil nikdy,\u2020<br \/>aby byl dobr\u00fd ponech\u00e1n v&nbsp;b\u00edd\u011b<br \/>a jeho d\u011bti \u0161l<strong>y<\/strong> \u017eebrotou.<\/p>\n<p>&#8211; <sup>26<\/span><\/sup> V\u017edycky se slituje, pot\u0159ebn\u00fdm p\u016fj\u010d\u00ed,<br \/>v d\u011btech sv\u00fdch b<strong>u<\/strong>de po\u017eehn\u00e1n.<\/p>\n<p>&#8211; <sup>27<\/span><\/sup> Odvra\u0165 se od zl\u00e9ho, \u010di\u0148 jen dobr\u00e9,<br \/>z\u016fstane\u0161 takto n<strong>a<\/strong>v\u011bky \u017eiv.<\/p>\n<p>&#8211; <sup>28<\/span><\/sup> V\u017edy\u0165 P\u00e1n m\u00e1 l\u00e1sku k&nbsp;spravedlnosti<br \/>a neopou\u0161t\u00ed sv<strong>o<\/strong>je v\u011brn\u00e9;<br \/>&#8211; zat\u00edmco nepoctiv\u00ed zajdou,<br \/>rod h\u0159\u00ed\u0161n\u00fdch b<strong>u<\/strong>de vyhlazen.<\/p>\n<p>&#8211; <sup>29<\/span><\/sup> Jen spravedliv\u00ed zd\u011bd\u00ed zemi,<br \/>nav\u011bky na n<strong>\u00ed<\/strong> budou \u017e\u00edt.<\/p>\n<p>&#8211; <sup>30<\/span><\/sup> \u00fasta \u0159\u00e1dn\u00e9ho mluv\u00ed v\u017edy moud\u0159e<br \/>a jeho j<strong>a<\/strong>zyk pravdiv\u011b.<\/p>\n<p>&#8211; <sup>31<\/span><\/sup> V srdci si nese Bo\u017e\u00ed z\u00e1kon,<br \/>krok jeho nez<strong>a<\/strong>kol\u00eds\u00e1.<\/p>\n<p>&#8211; <sup>32<\/span><\/sup> Za spravedliv\u00fdm sl\u00edd\u00ed h\u0159\u00ed\u0161n\u00edk<br \/>a sna\u017e\u00ed se h<strong>o<\/strong> usmrtit.<\/p>\n<p>&#8211; <sup>33<\/span><\/sup> P\u00e1n ho v\u0161ak nenech\u00e1 napospas zl\u00e9mu,<br \/>na soudu ned\u00e1 h<strong>o<\/strong> odsoudit.<\/p>\n<p>= <sup>34<\/span><\/sup> Doufej v P\u00e1na, cho\u010f jeho cestou:\u2020<br \/>a pov\u00fd\u0161\u00ed t\u011b k dr\u017een\u00ed zem\u011b,<br \/>z\u00e1hubu h\u0159<strong>\u00ed<\/strong>\u0161n\u00fdch uvid\u00ed\u0161.<\/p>\n<p>&#8211; <sup>35<\/span><\/sup> Zn\u00e1val jsem h\u0159\u00ed\u0161n\u00e9ho n\u00e1siln\u00edka,<br \/>jak py\u0161n\u00fd cedr s<strong>e<\/strong> vyp\u00ednal:<\/p>\n<p>&#8211; <sup>36<\/span><\/sup> p\u0159i\u0161el jsem podruh\u00e9 &#8211; nebylo ho,<br \/>hledal jsem jej <strong>a<\/strong> nena\u0161el!<\/p>\n<p>&#8211; <sup>37<\/span><\/sup> Hle\u010f na zbo\u017en\u00e9, hle\u010f na poctiv\u00e9:<br \/>takov\u00fdm p<strong>a<\/strong>t\u0159\u00ed budoucnost.<\/p>\n<p>&#8211; <sup>38<\/span><\/sup> Bezbo\u017en\u00ed vesm\u011bs v\u0161ak dojdou zk\u00e1zy,<br \/>potomstvo h\u0159<strong>\u00ed<\/strong>\u0161n\u00fdch vyhyne.<\/p>\n<p>&#8211; <sup>39<\/span><\/sup> S\u00e1m P\u00e1n je sp\u00e1sou spravedliv\u00fdch,<br \/>v \u010das nouze jim j<strong>e<\/strong> ochranou.<\/p>\n<p>&#8211; <sup>40<\/span><\/sup> P\u00e1n jim d\u00e1 pomoc a vysvobozen\u00ed<br \/>za to, \u017ee v n<strong>\u011b<\/strong>ho doufaj\u00ed.<\/p>\n","protected":false},"excerpt":{"rendered":"<p>Odvra\u0165 se od zl\u00e9ho a \u010di\u0148 jen dobr\u00e9. &#8211; 1 Nerozho\u0159\u010duj se nad \u0161patn\u00fdmi,ne\u0159evni na ty, kdo p\u00e1\u0161ou zlo! &#8211; 2 Zakr\u00e1tko zvadnou jako tr\u00e1va,uschnou jak bujn\u00e1 bylina. &#8211; 3 D\u016fv\u011b\u0159uj v P\u00e1na a \u010di\u0148 dobro,pokojn\u011b, v\u011brn\u011b v sv\u00e9 zemi \u017eij. &#8211; 4 Jen v P\u00e1nu m\u011bj sv\u00e9 pot\u011b\u0161en\u00ed:po \u010dem tv\u00e9 srdce tou\u017e\u00ed, on d\u00e1. &#8230; <a title=\"\u017dalm 37\" class=\"read-more\" href=\"https:\/\/www.texty.santegidio.cz\/?page_id=89\" aria-label=\"More on \u017dalm 37\">Read more<\/a><\/p>\n","protected":false},"author":1,"featured_media":0,"parent":29,"menu_order":0,"comment_status":"closed","ping_status":"closed","template":"","meta":{"_uag_custom_page_level_css":"","jetpack_post_was_ever_published":false,"footnotes":""},"class_list":["post-89","page","type-page","status-publish"],"uagb_featured_image_src":{"full":false,"thumbnail":false,"medium":false,"medium_large":false,"large":false,"1536x1536":false,"2048x2048":false},"uagb_author_info":{"display_name":"Pavel","author_link":"https:\/\/www.texty.santegidio.cz\/?author=1"},"uagb_comment_info":0,"uagb_excerpt":"Odvra\u0165 se od zl\u00e9ho a \u010di\u0148 jen dobr\u00e9. &#8211; 1 Nerozho\u0159\u010duj se nad \u0161patn\u00fdmi,ne\u0159evni na ty, kdo p\u00e1\u0161ou zlo! &#8211; 2 Zakr\u00e1tko zvadnou jako tr\u00e1va,uschnou jak bujn\u00e1 bylina. &#8211; 3 D\u016fv\u011b\u0159uj v P\u00e1na a \u010di\u0148 dobro,pokojn\u011b, v\u011brn\u011b v sv\u00e9 zemi \u017eij. &#8211; 4 Jen v P\u00e1nu m\u011bj sv\u00e9 pot\u011b\u0161en\u00ed:po \u010dem tv\u00e9 srdce tou\u017e\u00ed, on d\u00e1.&hellip;","jetpack_sharing_enabled":true,"jetpack_shortlink":"https:\/\/wp.me\/PawMsT-1r","_links":{"self":[{"href":"https:\/\/www.texty.santegidio.cz\/index.php?rest_route=\/wp\/v2\/pages\/89","targetHints":{"allow":["GET"]}}],"collection":[{"href":"https:\/\/www.texty.santegidio.cz\/index.php?rest_route=\/wp\/v2\/pages"}],"about":[{"href":"https:\/\/www.texty.santegidio.cz\/index.php?rest_route=\/wp\/v2\/types\/page"}],"author":[{"embeddable":true,"href":"https:\/\/www.texty.santegidio.cz\/index.php?rest_route=\/wp\/v2\/users\/1"}],"replies":[{"embeddable":true,"href":"https:\/\/www.texty.santegidio.cz\/index.php?rest_route=%2Fwp%2Fv2%2Fcomments&post=89"}],"version-history":[{"count":1,"href":"https:\/\/www.texty.santegidio.cz\/index.php?rest_route=\/wp\/v2\/pages\/89\/revisions"}],"predecessor-version":[{"id":1259,"href":"https:\/\/www.texty.santegidio.cz\/index.php?rest_route=\/wp\/v2\/pages\/89\/revisions\/1259"}],"up":[{"embeddable":true,"href":"https:\/\/www.texty.santegidio.cz\/index.php?rest_route=\/wp\/v2\/pages\/29"}],"wp:attachment":[{"href":"https:\/\/www.texty.santegidio.cz\/index.php?rest_route=%2Fwp%2Fv2%2Fmedia&parent=89"}],"curies":[{"name":"wp","href":"https:\/\/api.w.org\/{rel}","templated":true}]}}