{"id":88,"date":"2018-12-12T10:15:04","date_gmt":"2018-12-12T09:15:04","guid":{"rendered":"http:\/\/www.texty.santegidio.cz?page_id=88"},"modified":"2018-12-12T10:15:05","modified_gmt":"2018-12-12T09:15:05","slug":"zalm-36","status":"publish","type":"page","link":"https:\/\/www.texty.santegidio.cz\/?page_id=88","title":{"rendered":"\u017dalm 36"},"content":{"rendered":"<p>Velik\u00e1 je, Pane, tv\u00e1 dobrotivost.<\/p>\n<p>&#8211; <sup>2<\/span><\/sup> Z\u00e1libu ve zl\u00e9m bezbo\u017en\u00fd m\u00e1 v srdci,<br \/>Boha se b\u00e1t ho ani n<strong>e<\/strong>napadne.<\/p>\n<p>&#8211; <sup>3<\/span><\/sup> Snadno a r\u00e1d jen v\u00fdmluvy si hled\u00e1,<br \/>\u017ee nevid\u00ed a nezn\u00e1 <strong>o<\/strong>dpor k h\u0159\u00edchu.<\/p>\n<p>&#8211; <sup>4<\/span><\/sup> Zradou a zlem \u010dp\u00ed slova v jeho \u00fastech,<br \/>z\u0159ekl se moudrosti a d<strong>o<\/strong>br\u00fdch skutk\u016f.<\/p>\n<p>&#8211; <sup>5<\/span><\/sup> Na l\u016f\u017eku obm\u00fd\u0161l\u00ed jen nepravosti,<br \/>ni\u010deho \u0161patn\u00e9ho se n<strong>e<\/strong>zalekne.<\/p>\n<p>&#8211; <sup>6<\/span><\/sup> Pane, a\u017e k nebes\u016fm tv\u00e9 slitov\u00e1n\u00ed,<br \/>a\u017e k oblak\u016fm tv\u00e1 v\u011brnost d<strong>o<\/strong>sahuje.<\/p>\n<p>= <sup>7<\/span><\/sup> Tv\u00e1 spravedlnost jako velehory,\u2020<br \/>tv\u00e9 rozsudky jak mo\u0159sk\u00e9 hlubiny,<br \/>lidem i zv\u011b\u0159i d\u00e1v\u00e1\u0161 p<strong>o<\/strong>moc, Pane.<\/p>\n<p>&#8211; <sup>8<\/span><\/sup> Bo\u017ee, jak drahocenn\u00e1 je tv\u00e1 milost!<br \/>V st\u00ednu tv\u00fdch k\u0159\u00eddel maj\u00ed l<strong>i<\/strong>d\u00e9 \u00fakryt.<\/p>\n<p>&#8211; <sup>9<\/span><\/sup> Syt\u00ed se z hojn\u00fdch dar\u016f tv\u00e9ho domu,<br \/>z proud\u016f sv\u00fdch slast\u00ed s\u00e1m j<strong>e<\/strong> nap\u00e1j\u00ed\u0161.<\/p>\n<p>&#8211; <sup>10<\/span><\/sup> Proto\u017ee u tebe je pramen \u017eit\u00ed,<br \/>jen ve tv\u00e9m sv\u011btle m\u016f\u017eem sv<strong>\u011b<\/strong>tlo vid\u011bt.<\/p>\n<p>&#8211; <sup>11<\/span><\/sup> Svou milost zachovej sv\u00fdm vyznava\u010d\u016fm,<br \/>svou spravedlnost lidem p\u0159<strong>\u00ed<\/strong>m\u00fdch srdc\u00ed.<\/p>\n<p>&#8211; <sup>12<\/span><\/sup> A\u0165 noha py\u0161n\u00e9ho m\u011b nepo\u0161lape,<br \/>a\u0165 necloum\u00e1 mnou ruka h\u0159<strong>\u00ed<\/strong>\u0161n\u00edkova!<\/p>\n<p>&#8211; <sup>13<\/span><\/sup> Hle, hr\u016fza porazila bezbo\u017en\u00edky,<br \/>jsou svr\u017eeni a v\u00edckr\u00e1t n<strong>e<\/strong>povstanou.<\/p>\n","protected":false},"excerpt":{"rendered":"<p>Velik\u00e1 je, Pane, tv\u00e1 dobrotivost. &#8211; 2 Z\u00e1libu ve zl\u00e9m bezbo\u017en\u00fd m\u00e1 v srdci,Boha se b\u00e1t ho ani nenapadne. &#8211; 3 Snadno a r\u00e1d jen v\u00fdmluvy si hled\u00e1,\u017ee nevid\u00ed a nezn\u00e1 odpor k h\u0159\u00edchu. &#8211; 4 Zradou a zlem \u010dp\u00ed slova v jeho \u00fastech,z\u0159ekl se moudrosti a dobr\u00fdch skutk\u016f. &#8211; 5 Na l\u016f\u017eku obm\u00fd\u0161l\u00ed jen &#8230; <a title=\"\u017dalm 36\" class=\"read-more\" href=\"https:\/\/www.texty.santegidio.cz\/?page_id=88\" aria-label=\"More on \u017dalm 36\">Read more<\/a><\/p>\n","protected":false},"author":1,"featured_media":0,"parent":29,"menu_order":0,"comment_status":"closed","ping_status":"closed","template":"","meta":{"_uag_custom_page_level_css":"","jetpack_post_was_ever_published":false,"footnotes":""},"class_list":["post-88","page","type-page","status-publish"],"uagb_featured_image_src":{"full":false,"thumbnail":false,"medium":false,"medium_large":false,"large":false,"1536x1536":false,"2048x2048":false},"uagb_author_info":{"display_name":"Pavel","author_link":"https:\/\/www.texty.santegidio.cz\/?author=1"},"uagb_comment_info":0,"uagb_excerpt":"Velik\u00e1 je, Pane, tv\u00e1 dobrotivost. &#8211; 2 Z\u00e1libu ve zl\u00e9m bezbo\u017en\u00fd m\u00e1 v srdci,Boha se b\u00e1t ho ani nenapadne. &#8211; 3 Snadno a r\u00e1d jen v\u00fdmluvy si hled\u00e1,\u017ee nevid\u00ed a nezn\u00e1 odpor k h\u0159\u00edchu. &#8211; 4 Zradou a zlem \u010dp\u00ed slova v jeho \u00fastech,z\u0159ekl se moudrosti a dobr\u00fdch skutk\u016f. &#8211; 5 Na l\u016f\u017eku obm\u00fd\u0161l\u00ed jen&hellip;","jetpack_sharing_enabled":true,"jetpack_shortlink":"https:\/\/wp.me\/PawMsT-1q","_links":{"self":[{"href":"https:\/\/www.texty.santegidio.cz\/index.php?rest_route=\/wp\/v2\/pages\/88","targetHints":{"allow":["GET"]}}],"collection":[{"href":"https:\/\/www.texty.santegidio.cz\/index.php?rest_route=\/wp\/v2\/pages"}],"about":[{"href":"https:\/\/www.texty.santegidio.cz\/index.php?rest_route=\/wp\/v2\/types\/page"}],"author":[{"embeddable":true,"href":"https:\/\/www.texty.santegidio.cz\/index.php?rest_route=\/wp\/v2\/users\/1"}],"replies":[{"embeddable":true,"href":"https:\/\/www.texty.santegidio.cz\/index.php?rest_route=%2Fwp%2Fv2%2Fcomments&post=88"}],"version-history":[{"count":1,"href":"https:\/\/www.texty.santegidio.cz\/index.php?rest_route=\/wp\/v2\/pages\/88\/revisions"}],"predecessor-version":[{"id":1258,"href":"https:\/\/www.texty.santegidio.cz\/index.php?rest_route=\/wp\/v2\/pages\/88\/revisions\/1258"}],"up":[{"embeddable":true,"href":"https:\/\/www.texty.santegidio.cz\/index.php?rest_route=\/wp\/v2\/pages\/29"}],"wp:attachment":[{"href":"https:\/\/www.texty.santegidio.cz\/index.php?rest_route=%2Fwp%2Fv2%2Fmedia&parent=88"}],"curies":[{"name":"wp","href":"https:\/\/api.w.org\/{rel}","templated":true}]}}