{"id":87,"date":"2018-12-12T10:15:04","date_gmt":"2018-12-12T09:15:04","guid":{"rendered":"http:\/\/www.texty.santegidio.cz?page_id=87"},"modified":"2018-12-12T10:15:05","modified_gmt":"2018-12-12T09:15:05","slug":"zalm-35","status":"publish","type":"page","link":"https:\/\/www.texty.santegidio.cz\/?page_id=87","title":{"rendered":"\u017dalm 35"},"content":{"rendered":"<p>Budu se radovat ze sp\u00e1sy P\u00e1na.<\/p>\n<p>&#8211; <sup>1<\/span><\/sup> Boj vyhlas, Pane, t\u011bm, kdo m\u011b bij\u00ed,<br \/>napadni ty, kdo m<strong>\u011b<\/strong> napadli!<\/p>\n<p>&#8211; <sup>2<\/span><\/sup> Uchop sv\u016fj \u0161t\u00edt, svou pav\u00e9zu zdvihni,<br \/>povsta\u0148 a posp\u011b\u0161 m<strong>i<\/strong> na pomoc!<br \/>[- <\/span><\/span><sup>3<\/span><\/sup><\/span><\/span> Nastav kop\u00ed t\u011bm, kdo m\u011b hon\u00ed,<\/span><\/span><br \/>\u0159ekni mi: &bdquo;Pomoc tv\u00e1 jsem j\u00e1!&ldquo;<\/span><\/span><br \/>&#8211;<\/span> <sup>4<\/span><\/sup><\/span><\/span> A\u0165 padne hanba a ostuda na ty,<\/span><\/span><br \/>kdo se m\u011b sna\u017e\u00ed zahubit,<\/span><\/span><br \/>&#8211;<\/span> a\u0165 mus\u00ed couvnout se zahanben\u00edm<\/span><\/span><br \/>ti, kdo mou zk\u00e1zu osnuj\u00ed!<\/span><\/span><br \/>&#8211;<\/span> <sup>5<\/span><\/sup><\/span><\/span> A\u0165 je jim jako ve v\u011btru plev\u00e1m,<\/span><\/span><br \/>a\u017e and\u011bl P\u00e1n\u011b je po\u017eene,<\/span><\/span><br \/>&#8211;<\/span> <sup>6<\/span><\/sup><\/span><\/span> a\u0165 jejich cesta je temn\u00e1 a kluzk\u00e1,<\/span><\/span><br \/>a\u017e and\u011bl P\u00e1n\u011b je bude \u0161tv\u00e1t!<\/span><\/span><br \/>&#8211;<\/span> <sup>7<\/span><\/sup><\/span><\/span> V\u017edy\u0165 pronic zanic mi chystali l\u00e9\u010dku,<\/span><\/span><br \/>pronic a zanic mi strojili past.<\/span><\/span><\/p>\n<p>= <\/span><\/span><sup>8<\/span><\/sup><\/span><\/span> Z ni\u010deho nic a\u0165 je p\u0159epadne zk\u00e1za:\u2020<\/span><\/span><br \/>a\u0165 do sv\u00fdch l\u00e9\u010dek sami se chyt\u00ed,<\/span><\/span><br \/>sami a\u0165 padnou do sv\u00fdch jam!]<\/span><\/span><\/p>\n<p>&#8211; <sup>9<\/span><\/sup> Zato m\u00e1 du\u0161e zaj\u00e1s\u00e1 v P\u00e1nu<br \/>z radosti nad j<strong>e<\/strong>ho pomoc\u00ed.<\/p>\n<p>&#8211; <sup>10<\/span><\/sup> T\u011blem i du\u0161\u00ed pak budu volat:<br \/>&bdquo;Pane, kdo tob\u011b s<strong>e<\/strong> vyrovn\u00e1!<br \/>&#8211; Ty chr\u00e1n\u00ed\u0161 slab\u00e9ho p\u0159ed siln\u011bj\u0161\u00edm,<br \/>chud\u00e1ka p\u0159ed <strong>o<\/strong>loupen\u00edm!&ldquo;<\/p>\n<p>&#8211; <sup>11<\/span><\/sup> Oni v\u0161ak p\u0159edvedli fale\u0161n\u00e9 sv\u011bdky<br \/>k v\u00fdslechu o tom, co n<strong>e<\/strong>mohu zn\u00e1t.<\/p>\n<p>&#8211; <sup>12<\/span><\/sup> Zlem se mi za dobro odvd\u011b\u010dili:<br \/>usiluj\u00ed m<strong>i<\/strong> o \u017eivot.<\/p>\n<p>= <sup>13<\/span><\/sup> Kdy\u017e oni stonali, j\u00e1 chodil v \u017e\u00edn\u00edch,\u2020<br \/>za n\u011b s\u00e1m sebe umo\u0159il jsem posty<br \/>&#8211; k\u00e9\u017e bych svou modlitbu m<strong>o<\/strong>hl vz\u00edt zp\u011bt! &#8211;<\/p>\n<p>= <sup>14<\/span><\/sup> tak jako pro sv\u00e9ho p\u0159\u00edtele, bratra,\u2020<br \/>chodil jsem, jako bych za matkou truchlil,<br \/>shrben a pos<strong>y<\/strong>p\u00e1n popelem.<\/p>\n<p>&#8211; <sup>15<\/span><\/sup> Nad p\u00e1dem m\u00fdm v\u0161ak se s radost\u00ed shlukli,<br \/>shlukli se proti mn\u011b d<strong>o<\/strong> jednoho,<br \/>&#8211; tla\u010d\u00ed se na mne i ti, kter\u00e9 nezn\u00e1m,<br \/>potupn\u00fdm k\u0159ikem m\u011b b<strong>e<\/strong>z dechu \u0161tvou,<\/p>\n<p>&#8211; <sup>16<\/span><\/sup> hanebn\u011b se mi posm\u00edvaj\u00ed,<br \/>sk\u0159\u00edpaj\u00ed z<strong>u<\/strong>by proti mn\u011b.<\/p>\n<p>= <sup>17<\/span><\/sup> Pane, jak dlouho se bude\u0161 jen d\u00edvat?\u2020<br \/>Zachra\u0148 m\u011b p\u0159ed jejich zb\u011bsilost\u00ed,<br \/>m\u016fj \u017eivot vyrvi z<strong>e<\/strong> sp\u00e1r\u016f lv\u00edch.<\/p>\n<p>&#8211; <sup>18<\/span><\/sup> Vzd\u00e1m ti pak d\u00edky p\u0159ed velkou obc\u00ed,<br \/>chv\u00e1ly p\u0159ed \u010detn\u00fdm shr<strong>o<\/strong>m\u00e1\u017ed\u011bn\u00edm.<\/p>\n<p>&#8211; <sup>19<\/span><\/sup> Aby se nade mnou neradovali<br \/>v\u0161ichni ti \u00fasko\u010dn\u00ed n<strong>e<\/strong>p\u0159\u00e1tel\u00e9,<br \/>&#8211; aby se pohledem nedomlouvali,<br \/>kdo na mne bez p\u0159<strong>\u00ed<\/strong>\u010din maj\u00ed z\u00e1\u0161\u0165.<br \/>[- <\/span><\/span><sup>20<\/span><\/sup><\/span><\/span> V\u017edy\u0165 oni ne\u0159eknou pokojn\u00e9 slovo,<\/span><\/span><br \/>proti tich\u00fdm jen sm\u00fd\u0161lej\u00ed lest.<\/span><\/span><br \/>&#8211;<\/span> <sup>21<\/span><\/sup><\/span><\/span> Na pln\u00e1 \u00fasta se chechtaj\u00ed, k\u0159i\u010d\u00ed:<\/span><\/span><br \/>&bdquo;Te\u010f to vid\u00edme, dob\u0159e ti tak!&ldquo;]<\/span><\/span><\/p>\n<p>&#8211; <sup>22<\/span><\/sup> Ty, Pane, t\u00e9\u017e to vid\u00ed\u0161: u\u017e neml\u010d,<br \/>nevzdal se, P<strong>a<\/strong>ne, ode mne!<\/p>\n<p>&#8211; <sup>23<\/span><\/sup> Procitni, povsta\u0148 mi na ochranu,<br \/>zasta\u0148 se, Pane <strong>a<\/strong> Bo\u017ee m\u016fj!<br \/>[- <\/span><\/span><sup>24<\/span><\/sup><\/span><\/span> Su\u010f m\u011b, Pane, svou spravedlnost\u00ed,<\/span><\/span><br \/>Bo\u017ee, a\u0165 ze mne si netrop\u00ed sm\u00edch.<\/span><\/span><br \/>&#8211;<\/span> <sup>25<\/span><\/sup><\/span><\/span> A\u0165 v duchu nemysl\u00ed: &bdquo;Tak n\u00e1s to t\u011b\u0161\u00ed!&ldquo;<\/span><\/span><br \/>A\u0165 ne\u0159\u00edkaj\u00ed: &bdquo;Zhltli jsme jej!&ldquo;<\/span><\/span><br \/>&#8211;<\/span> <sup>26<\/span><\/sup><\/span><\/span> A\u0165 se naopak propadnou studem<\/span><\/span><br \/>ti, kter\u00e9 t\u011b\u0161\u00ed m\u00e9 ne\u0161t\u011bst\u00ed,<\/span><\/span><br \/>&#8211;<\/span> a\u0165 maj\u00ed z hanby a ostudy \u0161aty,<\/span><\/span><br \/>kdo se tak py\u0161n\u00ed nade mnou!]<\/span><\/span><\/p>\n<p>= <sup>27<\/span><\/sup> A\u0165 se v\u0161ak raduj\u00ed ti, kdo jsou p\u0159i mn\u011b,\u2020<br \/>a\u0165 mohou \u0159\u00edkat: &bdquo;P\u00e1n je velk\u00fd!<br \/>Je sv\u00e9mu v\u011brn<strong>\u00e9<\/strong>mu zachr\u00e1ncem!&ldquo;<\/p>\n<p>&#8211; <sup>28<\/span><\/sup> Jazyk m\u016fj vyzn\u00e1 tvou spravedlnost,<br \/>bez konce bude t<strong>\u011b<\/strong> velebit!<\/p>\n","protected":false},"excerpt":{"rendered":"<p>Budu se radovat ze sp\u00e1sy P\u00e1na. &#8211; 1 Boj vyhlas, Pane, t\u011bm, kdo m\u011b bij\u00ed,napadni ty, kdo m\u011b napadli! &#8211; 2 Uchop sv\u016fj \u0161t\u00edt, svou pav\u00e9zu zdvihni,povsta\u0148 a posp\u011b\u0161 mi na pomoc![- 3 Nastav kop\u00ed t\u011bm, kdo m\u011b hon\u00ed,\u0159ekni mi: &bdquo;Pomoc tv\u00e1 jsem j\u00e1!&ldquo;&#8211; 4 A\u0165 padne hanba a ostuda na ty,kdo se m\u011b sna\u017e\u00ed &#8230; <a title=\"\u017dalm 35\" class=\"read-more\" href=\"https:\/\/www.texty.santegidio.cz\/?page_id=87\" aria-label=\"More on \u017dalm 35\">Read more<\/a><\/p>\n","protected":false},"author":1,"featured_media":0,"parent":29,"menu_order":0,"comment_status":"closed","ping_status":"closed","template":"","meta":{"_uag_custom_page_level_css":"","jetpack_post_was_ever_published":false,"footnotes":""},"class_list":["post-87","page","type-page","status-publish"],"uagb_featured_image_src":{"full":false,"thumbnail":false,"medium":false,"medium_large":false,"large":false,"1536x1536":false,"2048x2048":false},"uagb_author_info":{"display_name":"Pavel","author_link":"https:\/\/www.texty.santegidio.cz\/?author=1"},"uagb_comment_info":0,"uagb_excerpt":"Budu se radovat ze sp\u00e1sy P\u00e1na. &#8211; 1 Boj vyhlas, Pane, t\u011bm, kdo m\u011b bij\u00ed,napadni ty, kdo m\u011b napadli! &#8211; 2 Uchop sv\u016fj \u0161t\u00edt, svou pav\u00e9zu zdvihni,povsta\u0148 a posp\u011b\u0161 mi na pomoc![- 3 Nastav kop\u00ed t\u011bm, kdo m\u011b hon\u00ed,\u0159ekni mi: &bdquo;Pomoc tv\u00e1 jsem j\u00e1!&ldquo;&#8211; 4 A\u0165 padne hanba a ostuda na ty,kdo se m\u011b sna\u017e\u00ed&hellip;","jetpack_sharing_enabled":true,"jetpack_shortlink":"https:\/\/wp.me\/PawMsT-1p","_links":{"self":[{"href":"https:\/\/www.texty.santegidio.cz\/index.php?rest_route=\/wp\/v2\/pages\/87","targetHints":{"allow":["GET"]}}],"collection":[{"href":"https:\/\/www.texty.santegidio.cz\/index.php?rest_route=\/wp\/v2\/pages"}],"about":[{"href":"https:\/\/www.texty.santegidio.cz\/index.php?rest_route=\/wp\/v2\/types\/page"}],"author":[{"embeddable":true,"href":"https:\/\/www.texty.santegidio.cz\/index.php?rest_route=\/wp\/v2\/users\/1"}],"replies":[{"embeddable":true,"href":"https:\/\/www.texty.santegidio.cz\/index.php?rest_route=%2Fwp%2Fv2%2Fcomments&post=87"}],"version-history":[{"count":1,"href":"https:\/\/www.texty.santegidio.cz\/index.php?rest_route=\/wp\/v2\/pages\/87\/revisions"}],"predecessor-version":[{"id":1257,"href":"https:\/\/www.texty.santegidio.cz\/index.php?rest_route=\/wp\/v2\/pages\/87\/revisions\/1257"}],"up":[{"embeddable":true,"href":"https:\/\/www.texty.santegidio.cz\/index.php?rest_route=\/wp\/v2\/pages\/29"}],"wp:attachment":[{"href":"https:\/\/www.texty.santegidio.cz\/index.php?rest_route=%2Fwp%2Fv2%2Fmedia&parent=87"}],"curies":[{"name":"wp","href":"https:\/\/api.w.org\/{rel}","templated":true}]}}