{"id":86,"date":"2018-12-12T10:15:04","date_gmt":"2018-12-12T09:15:04","guid":{"rendered":"http:\/\/www.texty.santegidio.cz?page_id=86"},"modified":"2018-12-12T10:15:05","modified_gmt":"2018-12-12T09:15:05","slug":"zalm-34","status":"publish","type":"page","link":"https:\/\/www.texty.santegidio.cz\/?page_id=86","title":{"rendered":"\u017dalm 34"},"content":{"rendered":"<p>Dobro\u0159e\u010dme P\u00e1nu v&nbsp;ka\u017ed\u00e9m \u010dase.<\/p>\n<p>&#8211; <sup>2<\/span><\/sup> J\u00e1 budu st\u00e1le dobro\u0159e\u010dit P\u00e1nu,<br \/>v\u017edycky v m\u00fdch \u00fastech bude j<strong>e<\/strong>ho chv\u00e1la.<\/p>\n<p>&#8211; <sup>3<\/span><\/sup> Jen P\u00e1nem a\u0165 se honos\u00ed m\u00e1 du\u0161e,<br \/>a\u0165 sly\u0161\u00ed pokorn\u00ed a r<strong>a<\/strong>duj\u00ed se.<\/p>\n<p>&#8211; <sup>4<\/span><\/sup> Velebit poj\u010fte P\u00e1na spolu se mnou,<br \/>spole\u010dn\u011b vzdejme chv\u00e1lu j<strong>e<\/strong>ho jm\u00e9nu!<\/p>\n<p>&#8211; <sup>5<\/span><\/sup> Hledal jsem P\u00e1na s prosbou: vysly\u0161el m\u011b,<br \/>ze v\u0161ech m\u00fdch \u00fazkost\u00ed m\u011b v<strong>y<\/strong>svobodil.<\/p>\n<p>&#8211; <sup>6<\/span><\/sup> Vzhl\u00e9dn\u011bte k n\u011bmu, a\u0165 se rozjasn\u00edte,<br \/>a nikdy tv\u00e1\u0159 v\u00e1m nezachm<strong>u<\/strong>\u0159\u00ed hanba.<\/p>\n<p>&#8211; <sup>7<\/span><\/sup> Zavolal ubo\u017e\u00e1k a P\u00e1n ho sly\u0161el<br \/>a pomohl mu ze v\u0161ech j<strong>e<\/strong>ho strast\u00ed.<\/p>\n<p>&#8211; <sup>8<\/span><\/sup> Buduje pevnou hradbu and\u011bl P\u00e1n\u011b<br \/>kol jeho v\u011brn\u00fdch, od zl<strong>\u00e9<\/strong>ho je chr\u00e1n\u00ed.<\/p>\n<p>&#8211; <sup>9<\/span><\/sup> Zkuste a pozn\u00e1te, jak P\u00e1n je dobr\u00fd;<br \/>a \u0161\u0165asten, kdo se uchyl<strong>u<\/strong>je k n\u011bmu.<\/p>\n<p>&#8211; <sup>10<\/span><\/sup> Bojte se P\u00e1na, kdo ho v\u011brn\u011b ct\u00edte:<br \/>kdo b\u00e1ze\u0148 z Boha m\u00e1, nic n<strong>e<\/strong>postr\u00e1d\u00e1.<\/p>\n<p>&#8211; <sup>11<\/span><\/sup> Boh\u00e1\u010di zchudli a te\u010f hladov\u011bj\u00ed;<br \/>kdo hled\u00e1 P\u00e1na, v ni\u010dem n<strong>e<\/strong>m\u00e1 nouzi.<\/p>\n<p>&#8211; <sup>12<\/span><\/sup> Poj\u010fte, m\u00e9 d\u011bti, ke mn\u011b bl\u00ed\u017e a sly\u0161te,<br \/>budu v\u00e1s u\u010dit, co je b<strong>\u00e1<\/strong>ze\u0148 Bo\u017e\u00ed.<\/p>\n<p>&#8211; <sup>13<\/span><\/sup> Kdo z n\u00e1s m\u00e1 \u017eivot v opravdov\u00e9 l\u00e1sce,<br \/>kdo tou\u017e\u00ed po dnech napln<strong>\u011b<\/strong>n\u00fdch \u0161t\u011bst\u00edm?<\/p>\n<p>&#8211; <sup>14<\/span><\/sup> A\u0165 udr\u017euje jazyk od \u0161patnosti<br \/>a svoje \u00fasta od fal<strong>e<\/strong>\u0161n\u00fdch \u0159e\u010d\u00ed,<\/p>\n<p>&#8211; <sup>15<\/span><\/sup> a\u0165 zl\u00e9ho zanech\u00e1 a kon\u00e1 dobro,<br \/>sna\u017e\u00ed se o pokoj a z<strong>a<\/strong>chov\u00e1 jej!<\/p>\n<p>&#8211; <sup>16<\/span><\/sup> V\u017edy\u0165 o\u010di P\u00e1n\u011b hled\u00ed k spravedliv\u00fdm<br \/>a jeho u\u0161i sly\u0161\u00ed j<strong>e<\/strong>jich prosby.<\/p>\n<p>&#8211; <sup>17<\/span><\/sup> Na zl\u00e9 v\u0161ak pohl\u00ed\u017e\u00ed tv\u00e1\u0159 P\u00e1n\u011b s hn\u011bvem,<br \/>pam\u00e1tky po nich v zemi n<strong>e<\/strong>z\u016fstane.<\/p>\n<p>&#8211; <sup>18<\/span><\/sup> Kdy\u017e spravedliv\u00ed volaj\u00ed, P\u00e1n sly\u0161\u00ed<br \/>a ze v\u0161ech sou\u017een\u00ed je z<strong>a<\/strong>chra\u0148uje.<\/p>\n<p>&#8211; <sup>19<\/span><\/sup> Zkrou\u0161en\u00fdm srdc\u00edm v\u017edycky P\u00e1n je bl\u00edzko,<br \/>zlomen\u00e9 na duchu v\u017edy z<strong>a<\/strong>se vzp\u0159\u00edm\u00ed.<\/p>\n<p>&#8211; <sup>20<\/span><\/sup> P\u0159emnoho strast\u00ed m\u00edv\u00e1 spravedliv\u00fd,<br \/>jenom\u017ee P\u00e1n ho ze v\u0161ech v<strong>y<\/strong>svobod\u00ed.<\/p>\n<p>&#8211; <sup>21<\/span><\/sup> St\u0159e\u017e\u00ed a chr\u00e1n\u00ed v\u0161echny jeho kosti<br \/>a ani jedinou mu n<strong>e<\/strong>d\u00e1 zlomit.<\/p>\n<p>&#8211; <sup>22<\/span><\/sup> Bezbo\u017en\u00e9 zato zloba u\u0161tve k smrti,<br \/>trest \u010dek\u00e1 ty, kdo k\u0159ivd\u00ed spr<strong>a<\/strong>vedliv\u00fdm.<\/p>\n<p>&#8211; <sup>23<\/span><\/sup> Du\u0161e sv\u00fdch v\u011brn\u00fdch P\u00e1n v\u017edy vysvobod\u00ed,<br \/>nepozn\u00e1 trest, kdo v n\u011bho d<strong>\u016f<\/strong>v\u011b\u0159uje.<\/p>\n","protected":false},"excerpt":{"rendered":"<p>Dobro\u0159e\u010dme P\u00e1nu v&nbsp;ka\u017ed\u00e9m \u010dase. &#8211; 2 J\u00e1 budu st\u00e1le dobro\u0159e\u010dit P\u00e1nu,v\u017edycky v m\u00fdch \u00fastech bude jeho chv\u00e1la. &#8211; 3 Jen P\u00e1nem a\u0165 se honos\u00ed m\u00e1 du\u0161e,a\u0165 sly\u0161\u00ed pokorn\u00ed a raduj\u00ed se. &#8211; 4 Velebit poj\u010fte P\u00e1na spolu se mnou,spole\u010dn\u011b vzdejme chv\u00e1lu jeho jm\u00e9nu! &#8211; 5 Hledal jsem P\u00e1na s prosbou: vysly\u0161el m\u011b,ze v\u0161ech m\u00fdch \u00fazkost\u00ed &#8230; <a title=\"\u017dalm 34\" class=\"read-more\" href=\"https:\/\/www.texty.santegidio.cz\/?page_id=86\" aria-label=\"More on \u017dalm 34\">Read more<\/a><\/p>\n","protected":false},"author":1,"featured_media":0,"parent":29,"menu_order":0,"comment_status":"closed","ping_status":"closed","template":"","meta":{"_uag_custom_page_level_css":"","jetpack_post_was_ever_published":false,"footnotes":""},"class_list":["post-86","page","type-page","status-publish"],"uagb_featured_image_src":{"full":false,"thumbnail":false,"medium":false,"medium_large":false,"large":false,"1536x1536":false,"2048x2048":false},"uagb_author_info":{"display_name":"Pavel","author_link":"https:\/\/www.texty.santegidio.cz\/?author=1"},"uagb_comment_info":0,"uagb_excerpt":"Dobro\u0159e\u010dme P\u00e1nu v&nbsp;ka\u017ed\u00e9m \u010dase. &#8211; 2 J\u00e1 budu st\u00e1le dobro\u0159e\u010dit P\u00e1nu,v\u017edycky v m\u00fdch \u00fastech bude jeho chv\u00e1la. &#8211; 3 Jen P\u00e1nem a\u0165 se honos\u00ed m\u00e1 du\u0161e,a\u0165 sly\u0161\u00ed pokorn\u00ed a raduj\u00ed se. &#8211; 4 Velebit poj\u010fte P\u00e1na spolu se mnou,spole\u010dn\u011b vzdejme chv\u00e1lu jeho jm\u00e9nu! &#8211; 5 Hledal jsem P\u00e1na s prosbou: vysly\u0161el m\u011b,ze v\u0161ech m\u00fdch \u00fazkost\u00ed&hellip;","jetpack_sharing_enabled":true,"jetpack_shortlink":"https:\/\/wp.me\/PawMsT-1o","_links":{"self":[{"href":"https:\/\/www.texty.santegidio.cz\/index.php?rest_route=\/wp\/v2\/pages\/86","targetHints":{"allow":["GET"]}}],"collection":[{"href":"https:\/\/www.texty.santegidio.cz\/index.php?rest_route=\/wp\/v2\/pages"}],"about":[{"href":"https:\/\/www.texty.santegidio.cz\/index.php?rest_route=\/wp\/v2\/types\/page"}],"author":[{"embeddable":true,"href":"https:\/\/www.texty.santegidio.cz\/index.php?rest_route=\/wp\/v2\/users\/1"}],"replies":[{"embeddable":true,"href":"https:\/\/www.texty.santegidio.cz\/index.php?rest_route=%2Fwp%2Fv2%2Fcomments&post=86"}],"version-history":[{"count":1,"href":"https:\/\/www.texty.santegidio.cz\/index.php?rest_route=\/wp\/v2\/pages\/86\/revisions"}],"predecessor-version":[{"id":1256,"href":"https:\/\/www.texty.santegidio.cz\/index.php?rest_route=\/wp\/v2\/pages\/86\/revisions\/1256"}],"up":[{"embeddable":true,"href":"https:\/\/www.texty.santegidio.cz\/index.php?rest_route=\/wp\/v2\/pages\/29"}],"wp:attachment":[{"href":"https:\/\/www.texty.santegidio.cz\/index.php?rest_route=%2Fwp%2Fv2%2Fmedia&parent=86"}],"curies":[{"name":"wp","href":"https:\/\/api.w.org\/{rel}","templated":true}]}}