{"id":85,"date":"2018-12-12T10:15:04","date_gmt":"2018-12-12T09:15:04","guid":{"rendered":"http:\/\/www.texty.santegidio.cz?page_id=85"},"modified":"2018-12-12T10:15:05","modified_gmt":"2018-12-12T09:15:05","slug":"zalm-33","status":"publish","type":"page","link":"https:\/\/www.texty.santegidio.cz\/?page_id=85","title":{"rendered":"\u017dalm 33"},"content":{"rendered":"<p>Oslavujte P\u00e1na pro jeho milost.<\/p>\n<p>&#8211; <sup>1<\/span><\/sup> J\u00e1sejte vst\u0159\u00edc P\u00e1nu, spravedliv\u00ed,<br \/>zbo\u017en\u00fdm slu\u0161\u00ed vr<strong>ou<\/strong>c\u00ed chvalozp\u011bv.<\/p>\n<p>&#8211; <sup>2<\/span><\/sup> Oslavujte P\u00e1na p\u0159i cite\u0159e,<br \/>rozezvu\u010dte h<strong>a<\/strong>rfu mnoha strun!<\/p>\n<p>&#8211; <sup>3<\/span><\/sup> Zazp\u00edvejte P\u00e1nu novou p\u00edse\u0148,<br \/>doprovo\u010fte j<strong>\u00e1<\/strong>sot zvu\u010dnou hrou!<\/p>\n<p>&#8211; <sup>4<\/span><\/sup> Nebo\u0165 pravdiv\u00e9 je slovo P\u00e1n\u011b,<br \/>spolehliv\u00e9 v\u0161e, c<strong>o<\/strong> \u010din\u00ed on.<\/p>\n<p>&#8211; <sup>5<\/span><\/sup> Spravedlnost, pr\u00e1vo v\u017edy m\u00e1 v l\u00e1sce,<br \/>milost P\u00e1n\u011b nap<strong>l<\/strong>\u0148uje zem.<\/p>\n<p>&#8211; <sup>6<\/span><\/sup> Slovem P\u00e1n\u011b stvo\u0159eno je nebe,<br \/>z\u00e1stup nebes d<strong>e<\/strong>chem jeho \u00fast.<\/p>\n<p>&#8211; <sup>7<\/span><\/sup> Vody mo\u0159\u00ed jako v m\u011bchu j\u00edm\u00e1,<br \/>v hojn\u00e9 z\u00e1sob\u011b m<strong>\u00e1<\/strong> pravodstvo.<\/p>\n<p>&#8211; <sup>8<\/span><\/sup> P\u00e1nu a\u0165 se ko\u0159\u00ed cel\u00e1 zem\u011b,<br \/>tvorstvo sv\u011bta a\u0165 s<strong>e<\/strong> p\u0159ed n\u00edm chv\u00ed!<\/p>\n<p>&#8211; <sup>9<\/span><\/sup> V\u017edy\u0165 co \u0159ekne P\u00e1n, se ihned stane,<br \/>co on poru\u010d\u00ed, t<strong>o<\/strong> r\u00e1zem jest.<\/p>\n<p>&#8211; <sup>10<\/span><\/sup> Pl\u00e1ny pohan\u016f P\u00e1n rozmet\u00e1v\u00e1,<br \/>ma\u0159\u00ed, co si m<strong>y<\/strong>sl\u00ed n\u00e1rody.<\/p>\n<p>&#8211; <sup>11<\/span><\/sup> Nav\u011bky v\u0161ak trv\u00e1 v\u016fle P\u00e1n\u011b,<br \/>z rodu na rod j<strong>e<\/strong>ho z\u00e1m\u011bry.<\/p>\n<p>&#8211; <sup>12<\/span><\/sup> \u0160\u0165astn\u00fd n\u00e1rod, jemu\u017e P\u00e1n je Bohem,<br \/>lid, jej\u017e on si za sv<strong>\u016f<\/strong>j vyvolil!<\/p>\n<p>&#8211; <sup>13<\/span><\/sup> P\u00e1n k n\u00e1m shl\u00ed\u017e\u00ed z vysoka sv\u00fdch nebes,<br \/>v\u0161echny lidsk\u00e9 s<strong>y<\/strong>ny obz\u00edr\u00e1.<\/p>\n<p>&#8211; <sup>14<\/span><\/sup> Bedliv\u011b se d\u00edv\u00e1 z m\u00edst, kde s\u00eddl\u00ed,<br \/>na v\u0161echny, kdo ob<strong>\u00fd<\/strong>vaj\u00ed zem:<\/p>\n<p>&#8211; <sup>15<\/span><\/sup> proto\u017ee on s\u00e1m jim srdce stvo\u0159il,<br \/>nyn\u00ed jejich sk<strong>u<\/strong>tky sleduje.<\/p>\n<p>&#8211; <sup>16<\/span><\/sup> Nepom\u016f\u017ee kr\u00e1li mno\u017estv\u00ed vojska,<br \/>nezachr\u00e1n\u00ed s<strong>\u00ed<\/strong>la hrdinu,<\/p>\n<p>&#8211; <sup>17<\/span><\/sup> nezv\u00edt\u011bz\u00ed kon\u011b s vozatajstvem,<br \/>v\u0161echna jejich s<strong>\u00ed<\/strong>la nesta\u010d\u00ed.<\/p>\n<p>&#8211; <sup>18<\/span><\/sup> P\u00e1n je s t\u011bmi, kdo ho uct\u00edvaj\u00ed,<br \/>kdo jen v jeho m<strong>i<\/strong>lost doufaj\u00ed,<\/p>\n<p>&#8211; <sup>19<\/span><\/sup> \u017ee uchr\u00e1n\u00ed jejich du\u0161e smrti,<br \/>\u017ee je v hladom<strong>o<\/strong>ru zachov\u00e1.<\/p>\n<p>&#8211; <sup>20<\/span><\/sup> Na\u0161e du\u0161e hled\u00ed jenom k P\u00e1nu,<br \/>v\u017edy\u0165 on je n\u00e1\u0161 pom<strong>o<\/strong>cn\u00edk a \u0161t\u00edt.<\/p>\n<p>&#8211; <sup>21<\/span><\/sup> Z n\u011bho raduje se na\u0161e srdce,<br \/>v jeho svat\u00e9 jm<strong>\u00e9<\/strong>no douf\u00e1me.<\/p>\n<p>&#8211; <sup>22<\/span><\/sup> S n\u00e1mi, Pane, bu\u010f tv\u00e9 slitov\u00e1n\u00ed,<br \/>jako ty jsi n<strong>a<\/strong>\u0161e nad\u011bje!<\/p>\n","protected":false},"excerpt":{"rendered":"<p>Oslavujte P\u00e1na pro jeho milost. &#8211; 1 J\u00e1sejte vst\u0159\u00edc P\u00e1nu, spravedliv\u00ed,zbo\u017en\u00fdm slu\u0161\u00ed vrouc\u00ed chvalozp\u011bv. &#8211; 2 Oslavujte P\u00e1na p\u0159i cite\u0159e,rozezvu\u010dte harfu mnoha strun! &#8211; 3 Zazp\u00edvejte P\u00e1nu novou p\u00edse\u0148,doprovo\u010fte j\u00e1sot zvu\u010dnou hrou! &#8211; 4 Nebo\u0165 pravdiv\u00e9 je slovo P\u00e1n\u011b,spolehliv\u00e9 v\u0161e, co \u010din\u00ed on. &#8211; 5 Spravedlnost, pr\u00e1vo v\u017edy m\u00e1 v l\u00e1sce,milost P\u00e1n\u011b napl\u0148uje zem. &#8211; &#8230; <a title=\"\u017dalm 33\" class=\"read-more\" href=\"https:\/\/www.texty.santegidio.cz\/?page_id=85\" aria-label=\"More on \u017dalm 33\">Read more<\/a><\/p>\n","protected":false},"author":1,"featured_media":0,"parent":29,"menu_order":0,"comment_status":"closed","ping_status":"closed","template":"","meta":{"_uag_custom_page_level_css":"","jetpack_post_was_ever_published":false,"footnotes":""},"class_list":["post-85","page","type-page","status-publish"],"uagb_featured_image_src":{"full":false,"thumbnail":false,"medium":false,"medium_large":false,"large":false,"1536x1536":false,"2048x2048":false},"uagb_author_info":{"display_name":"Pavel","author_link":"https:\/\/www.texty.santegidio.cz\/?author=1"},"uagb_comment_info":0,"uagb_excerpt":"Oslavujte P\u00e1na pro jeho milost. &#8211; 1 J\u00e1sejte vst\u0159\u00edc P\u00e1nu, spravedliv\u00ed,zbo\u017en\u00fdm slu\u0161\u00ed vrouc\u00ed chvalozp\u011bv. &#8211; 2 Oslavujte P\u00e1na p\u0159i cite\u0159e,rozezvu\u010dte harfu mnoha strun! &#8211; 3 Zazp\u00edvejte P\u00e1nu novou p\u00edse\u0148,doprovo\u010fte j\u00e1sot zvu\u010dnou hrou! &#8211; 4 Nebo\u0165 pravdiv\u00e9 je slovo P\u00e1n\u011b,spolehliv\u00e9 v\u0161e, co \u010din\u00ed on. &#8211; 5 Spravedlnost, pr\u00e1vo v\u017edy m\u00e1 v l\u00e1sce,milost P\u00e1n\u011b napl\u0148uje zem. &#8211;&hellip;","jetpack_sharing_enabled":true,"jetpack_shortlink":"https:\/\/wp.me\/PawMsT-1n","_links":{"self":[{"href":"https:\/\/www.texty.santegidio.cz\/index.php?rest_route=\/wp\/v2\/pages\/85","targetHints":{"allow":["GET"]}}],"collection":[{"href":"https:\/\/www.texty.santegidio.cz\/index.php?rest_route=\/wp\/v2\/pages"}],"about":[{"href":"https:\/\/www.texty.santegidio.cz\/index.php?rest_route=\/wp\/v2\/types\/page"}],"author":[{"embeddable":true,"href":"https:\/\/www.texty.santegidio.cz\/index.php?rest_route=\/wp\/v2\/users\/1"}],"replies":[{"embeddable":true,"href":"https:\/\/www.texty.santegidio.cz\/index.php?rest_route=%2Fwp%2Fv2%2Fcomments&post=85"}],"version-history":[{"count":1,"href":"https:\/\/www.texty.santegidio.cz\/index.php?rest_route=\/wp\/v2\/pages\/85\/revisions"}],"predecessor-version":[{"id":1255,"href":"https:\/\/www.texty.santegidio.cz\/index.php?rest_route=\/wp\/v2\/pages\/85\/revisions\/1255"}],"up":[{"embeddable":true,"href":"https:\/\/www.texty.santegidio.cz\/index.php?rest_route=\/wp\/v2\/pages\/29"}],"wp:attachment":[{"href":"https:\/\/www.texty.santegidio.cz\/index.php?rest_route=%2Fwp%2Fv2%2Fmedia&parent=85"}],"curies":[{"name":"wp","href":"https:\/\/api.w.org\/{rel}","templated":true}]}}