{"id":84,"date":"2018-12-12T10:15:04","date_gmt":"2018-12-12T09:15:04","guid":{"rendered":"http:\/\/www.texty.santegidio.cz?page_id=84"},"modified":"2018-12-12T10:15:05","modified_gmt":"2018-12-12T09:15:05","slug":"zalm-32","status":"publish","type":"page","link":"https:\/\/www.texty.santegidio.cz\/?page_id=84","title":{"rendered":"\u017dalm 32"},"content":{"rendered":"<p>\u0160\u0165asten, komu je p\u0159ikryt jeho h\u0159\u00edch.<\/p>\n<p>&#8211; <sup>1<\/span><\/sup> \u0160\u0165asten, komu odpu\u0161t\u011bna nepravost<br \/>a u\u017e je p\u0159<strong>i<\/strong>kryt jeho h\u0159\u00edch!<\/p>\n<p>&#8211; <sup>2<\/span><\/sup> \u0160\u0165astn\u00fd \u010dlov\u011bk, jeho\u017e B\u016fh ji\u017e nevin\u00ed<br \/>a v jeho\u017e d<strong>u<\/strong>\u0161i nen\u00ed klam.<\/p>\n<p>&#8211; <sup>3<\/span><\/sup> Kdy\u017e jsem ml\u010del, byl jsem s\u017e\u00edr\u00e1n do kost\u00ed,<br \/>po cel\u00e9 dny js<strong>e<\/strong>m b\u011bdoval.<\/p>\n<p>&#8211; <sup>4<\/span><\/sup> Dnem i noc\u00ed m\u011b tv\u00e1 ruka t\u00ed\u017eila,<br \/>a\u017e na troud jsem b<strong>y<\/strong>l vyprahl\u00fd.<\/p>\n<p>&#8211; <sup>5<\/span><\/sup> Kone\u010dn\u011b jsem se ti p\u0159iznal k \u0161patnosti,<br \/>sv\u00e9 zbloud\u011bn\u00ed js<strong>e<\/strong>m nesml\u010del.<br \/>&#8211; \u0158ekl jsem si: &bdquo;Vyzn\u00e1m p\u0159ed P\u00e1nem sv\u016fj h\u0159\u00edch!&ldquo;<br \/>A tys mi v<strong>i<\/strong>nu odpustil.<\/p>\n<p>&#8211; <sup>6<\/span><\/sup> Proto a\u0165 se ka\u017ed\u00fd, kdo t\u011b vyzn\u00e1v\u00e1,<br \/>jen k tob\u011b m<strong>o<\/strong>dl\u00ed v sou\u017een\u00ed.<br \/>&#8211; Kdyby spousty vod se zvedly v z\u00e1topu,<br \/>a\u017e k n\u011bmu n<strong>i<\/strong>kdy nestoupnou.<\/p>\n<p>&#8211; <sup>7<\/span><\/sup> Tys m\u00e9 \u00fato\u010di\u0161t\u011b, uchr\u00e1n\u00ed\u0161 m\u011b b\u011bd.<br \/>Svou z\u00e1chranou m<strong>\u011b<\/strong> rozj\u00e1s\u00e1\u0161.<\/p>\n<p>&#8211; <sup>8<\/span><\/sup> &bdquo;Pou\u010d\u00edm t\u011b, uk\u00e1\u017eu ti kudy j\u00edt,<br \/>radu i ochr<strong>a<\/strong>nu ti d\u00e1m.&ldquo;<\/p>\n<p>= <sup>9<\/span><\/sup> Nebu\u010f jak ten hloup\u00fd mezek nebo k\u016f\u0148,\u2020<br \/>kter\u00e9 zkrot\u00ed jenom uzda s udidlem,<br \/>jinak je nep\u0159<strong>i<\/strong>t\u00e1hne\u0161 bl\u00ed\u017e.<\/p>\n<p>= <sup>10<\/span><\/sup> Bezbo\u017en\u00fd je vyd\u00e1n mnoha tr\u00e1pen\u00edm;\u2020<br \/>ale toho, kdo m\u00e1 k Bohu d\u016fv\u011bru,<br \/>on zahrne sv<strong>ou<\/strong> milost\u00ed.<\/p>\n<p>&#8211; <sup>11<\/span><\/sup> Radujte se z P\u00e1na, kdo jste spravedliv\u00ed,<br \/>j\u00e1sejte, kdo jst<strong>e<\/strong> up\u0159\u00edmn\u00ed!<\/p>\n","protected":false},"excerpt":{"rendered":"<p>\u0160\u0165asten, komu je p\u0159ikryt jeho h\u0159\u00edch. &#8211; 1 \u0160\u0165asten, komu odpu\u0161t\u011bna nepravosta u\u017e je p\u0159ikryt jeho h\u0159\u00edch! &#8211; 2 \u0160\u0165astn\u00fd \u010dlov\u011bk, jeho\u017e B\u016fh ji\u017e nevin\u00eda v jeho\u017e du\u0161i nen\u00ed klam. &#8211; 3 Kdy\u017e jsem ml\u010del, byl jsem s\u017e\u00edr\u00e1n do kost\u00ed,po cel\u00e9 dny jsem b\u011bdoval. &#8211; 4 Dnem i noc\u00ed m\u011b tv\u00e1 ruka t\u00ed\u017eila,a\u017e na troud &#8230; <a title=\"\u017dalm 32\" class=\"read-more\" href=\"https:\/\/www.texty.santegidio.cz\/?page_id=84\" aria-label=\"More on \u017dalm 32\">Read more<\/a><\/p>\n","protected":false},"author":1,"featured_media":0,"parent":29,"menu_order":0,"comment_status":"closed","ping_status":"closed","template":"","meta":{"_uag_custom_page_level_css":"","jetpack_post_was_ever_published":false,"footnotes":""},"class_list":["post-84","page","type-page","status-publish"],"uagb_featured_image_src":{"full":false,"thumbnail":false,"medium":false,"medium_large":false,"large":false,"1536x1536":false,"2048x2048":false},"uagb_author_info":{"display_name":"Pavel","author_link":"https:\/\/www.texty.santegidio.cz\/?author=1"},"uagb_comment_info":0,"uagb_excerpt":"\u0160\u0165asten, komu je p\u0159ikryt jeho h\u0159\u00edch. &#8211; 1 \u0160\u0165asten, komu odpu\u0161t\u011bna nepravosta u\u017e je p\u0159ikryt jeho h\u0159\u00edch! &#8211; 2 \u0160\u0165astn\u00fd \u010dlov\u011bk, jeho\u017e B\u016fh ji\u017e nevin\u00eda v jeho\u017e du\u0161i nen\u00ed klam. &#8211; 3 Kdy\u017e jsem ml\u010del, byl jsem s\u017e\u00edr\u00e1n do kost\u00ed,po cel\u00e9 dny jsem b\u011bdoval. &#8211; 4 Dnem i noc\u00ed m\u011b tv\u00e1 ruka t\u00ed\u017eila,a\u017e na troud&hellip;","jetpack_sharing_enabled":true,"jetpack_shortlink":"https:\/\/wp.me\/PawMsT-1m","_links":{"self":[{"href":"https:\/\/www.texty.santegidio.cz\/index.php?rest_route=\/wp\/v2\/pages\/84","targetHints":{"allow":["GET"]}}],"collection":[{"href":"https:\/\/www.texty.santegidio.cz\/index.php?rest_route=\/wp\/v2\/pages"}],"about":[{"href":"https:\/\/www.texty.santegidio.cz\/index.php?rest_route=\/wp\/v2\/types\/page"}],"author":[{"embeddable":true,"href":"https:\/\/www.texty.santegidio.cz\/index.php?rest_route=\/wp\/v2\/users\/1"}],"replies":[{"embeddable":true,"href":"https:\/\/www.texty.santegidio.cz\/index.php?rest_route=%2Fwp%2Fv2%2Fcomments&post=84"}],"version-history":[{"count":1,"href":"https:\/\/www.texty.santegidio.cz\/index.php?rest_route=\/wp\/v2\/pages\/84\/revisions"}],"predecessor-version":[{"id":1254,"href":"https:\/\/www.texty.santegidio.cz\/index.php?rest_route=\/wp\/v2\/pages\/84\/revisions\/1254"}],"up":[{"embeddable":true,"href":"https:\/\/www.texty.santegidio.cz\/index.php?rest_route=\/wp\/v2\/pages\/29"}],"wp:attachment":[{"href":"https:\/\/www.texty.santegidio.cz\/index.php?rest_route=%2Fwp%2Fv2%2Fmedia&parent=84"}],"curies":[{"name":"wp","href":"https:\/\/api.w.org\/{rel}","templated":true}]}}