{"id":82,"date":"2018-12-12T10:15:04","date_gmt":"2018-12-12T09:15:04","guid":{"rendered":"http:\/\/www.texty.santegidio.cz?page_id=82"},"modified":"2018-12-12T10:15:05","modified_gmt":"2018-12-12T09:15:05","slug":"zalm-30","status":"publish","type":"page","link":"https:\/\/www.texty.santegidio.cz\/?page_id=82","title":{"rendered":"\u017dalm 30"},"content":{"rendered":"<p>Ve sv\u00e9 dobrot\u011b, Pane, jsi mi daroval \u017eivot.<\/p>\n<p>&#8211; <sup>2<\/span><\/sup> Chv\u00e1l\u00edm t\u011b, Pane, \u017ee jsi m\u011b vyt\u00e1hl z hlubin,<br \/>\u017ees m\u00fdm odp\u016frc\u016fm nedop\u0159\u00e1l n<strong>a<\/strong>de mnou j\u00e1sat.<\/p>\n<p>&#8211; <sup>3<\/span><\/sup> Pane, m\u016fj Bo\u017ee, k tob\u011b jsem o pomoc volal,<br \/>a tys mn\u011b chor\u00e9mu op\u011bt navr<strong>\u00e1<\/strong>til zdrav\u00ed.<\/p>\n<p>&#8211; <sup>4<\/span><\/sup> Tys m\u011b, Pane, vyvedl z propasti smrti,<br \/>k \u017eivotu vr\u00e1til z \u0159ad t\u011bch, kdo k hr<strong>o<\/strong>bu se klon\u00ed.<\/p>\n<p>&#8211; <sup>5<\/span><\/sup> P\u00e1nu zp\u00edvejte chv\u00e1ly, kdo jste mu v\u011brn\u00ed,<br \/>vzd\u00e1vejte d\u00edky jeho svat<strong>\u00e9<\/strong>mu jm\u00e9nu!<\/p>\n<p>&#8211; <sup>6<\/span><\/sup> Hn\u011bv\u00e1 se chvilku, a laskav je pro cel\u00fd \u017eivot;<br \/>i kdy\u017e zve\u010dera pl\u00e1\u010de\u0161, r<strong>\u00e1<\/strong>no u\u017e j\u00e1s\u00e1\u0161.<\/p>\n<p>&#8211; <sup>7<\/span><\/sup> Za dn\u016f, kdy jsem se spol\u00e9hal na svoje \u0161t\u011bst\u00ed,<br \/>mysl\u00edval jsem si: v\u0161ak j\u00e1 u\u017e nep<strong>a<\/strong>dnu nikdy.<\/p>\n<p>&#8211; <sup>8<\/span><\/sup> Dr\u017eels m\u011b na ho\u0159e bezpe\u010d\u00ed, p\u0159edobr\u00fd Pane;<br \/>jen v\u0161ak jsi zakryl svou tv\u00e1\u0159, a dol<strong>e<\/strong>hla hr\u016fza.<\/p>\n<p>&#8211; <sup>9<\/span><\/sup> Tehdy, Pane, jsem za\u010dal o pomoc volat,<br \/>ke sv\u00e9mu Bohu jsem k\u0159i\u010del o sl<strong>i<\/strong>tov\u00e1n\u00ed.<\/p>\n<p>&#8211; <sup>10<\/span><\/sup> &bdquo;Na\u010d ti bude m\u00e1 krev, co z\u00edsk\u00e1\u0161 mou smrt\u00ed?<br \/>M\u016f\u017ee t\u011b velebit prach a hl<strong>\u00e1<\/strong>sat tvou v\u011brnost?<\/p>\n<p>&#8211; <sup>11<\/span><\/sup> Vysly\u0161 m\u011b, Pane, m\u011bj ke mn\u011b milosrdenstv\u00ed!<br \/>Jenom ty, Pane, z\u016fsta\u0148 mou pom<strong>o<\/strong>c\u00ed st\u00e1lou!&ldquo;<\/p>\n<p>&#8211; <sup>12<\/span><\/sup> A tys m\u016fj n\u00e1\u0159ek obr\u00e1til v j\u00e1sav\u00fd tanec,<br \/>svl\u00e9kls m\u016fj smute\u010dn\u00ed \u0161at a <strong>o<\/strong>d\u011bl mne v radost,<\/p>\n<p>&#8211; <sup>13<\/span><\/sup> abych ti ze srdce zp\u00edval a neustal nikdy.<br \/>Pane, m\u016fj Bo\u017ee, nav\u011bky b<strong>u<\/strong>du t\u011b chv\u00e1lit.<\/p>\n","protected":false},"excerpt":{"rendered":"<p>Ve sv\u00e9 dobrot\u011b, Pane, jsi mi daroval \u017eivot. &#8211; 2 Chv\u00e1l\u00edm t\u011b, Pane, \u017ee jsi m\u011b vyt\u00e1hl z hlubin,\u017ees m\u00fdm odp\u016frc\u016fm nedop\u0159\u00e1l nade mnou j\u00e1sat. &#8211; 3 Pane, m\u016fj Bo\u017ee, k tob\u011b jsem o pomoc volal,a tys mn\u011b chor\u00e9mu op\u011bt navr\u00e1til zdrav\u00ed. &#8211; 4 Tys m\u011b, Pane, vyvedl z propasti smrti,k \u017eivotu vr\u00e1til z \u0159ad &#8230; <a title=\"\u017dalm 30\" class=\"read-more\" href=\"https:\/\/www.texty.santegidio.cz\/?page_id=82\" aria-label=\"More on \u017dalm 30\">Read more<\/a><\/p>\n","protected":false},"author":1,"featured_media":0,"parent":29,"menu_order":0,"comment_status":"closed","ping_status":"closed","template":"","meta":{"_uag_custom_page_level_css":"","jetpack_post_was_ever_published":false,"footnotes":""},"class_list":["post-82","page","type-page","status-publish"],"uagb_featured_image_src":{"full":false,"thumbnail":false,"medium":false,"medium_large":false,"large":false,"1536x1536":false,"2048x2048":false},"uagb_author_info":{"display_name":"Pavel","author_link":"https:\/\/www.texty.santegidio.cz\/?author=1"},"uagb_comment_info":0,"uagb_excerpt":"Ve sv\u00e9 dobrot\u011b, Pane, jsi mi daroval \u017eivot. &#8211; 2 Chv\u00e1l\u00edm t\u011b, Pane, \u017ee jsi m\u011b vyt\u00e1hl z hlubin,\u017ees m\u00fdm odp\u016frc\u016fm nedop\u0159\u00e1l nade mnou j\u00e1sat. &#8211; 3 Pane, m\u016fj Bo\u017ee, k tob\u011b jsem o pomoc volal,a tys mn\u011b chor\u00e9mu op\u011bt navr\u00e1til zdrav\u00ed. &#8211; 4 Tys m\u011b, Pane, vyvedl z propasti smrti,k \u017eivotu vr\u00e1til z \u0159ad&hellip;","jetpack_sharing_enabled":true,"jetpack_shortlink":"https:\/\/wp.me\/PawMsT-1k","_links":{"self":[{"href":"https:\/\/www.texty.santegidio.cz\/index.php?rest_route=\/wp\/v2\/pages\/82","targetHints":{"allow":["GET"]}}],"collection":[{"href":"https:\/\/www.texty.santegidio.cz\/index.php?rest_route=\/wp\/v2\/pages"}],"about":[{"href":"https:\/\/www.texty.santegidio.cz\/index.php?rest_route=\/wp\/v2\/types\/page"}],"author":[{"embeddable":true,"href":"https:\/\/www.texty.santegidio.cz\/index.php?rest_route=\/wp\/v2\/users\/1"}],"replies":[{"embeddable":true,"href":"https:\/\/www.texty.santegidio.cz\/index.php?rest_route=%2Fwp%2Fv2%2Fcomments&post=82"}],"version-history":[{"count":1,"href":"https:\/\/www.texty.santegidio.cz\/index.php?rest_route=\/wp\/v2\/pages\/82\/revisions"}],"predecessor-version":[{"id":1252,"href":"https:\/\/www.texty.santegidio.cz\/index.php?rest_route=\/wp\/v2\/pages\/82\/revisions\/1252"}],"up":[{"embeddable":true,"href":"https:\/\/www.texty.santegidio.cz\/index.php?rest_route=\/wp\/v2\/pages\/29"}],"wp:attachment":[{"href":"https:\/\/www.texty.santegidio.cz\/index.php?rest_route=%2Fwp%2Fv2%2Fmedia&parent=82"}],"curies":[{"name":"wp","href":"https:\/\/api.w.org\/{rel}","templated":true}]}}